{"id":7888,"date":"2024-04-16T14:01:18","date_gmt":"2024-04-16T14:01:18","guid":{"rendered":"https:\/\/caimed.de\/?page_id=7888"},"modified":"2026-03-26T09:30:05","modified_gmt":"2026-03-26T08:30:05","slug":"ki-und-entscheidungsunterstuetzungssysteme","status":"publish","type":"page","link":"https:\/\/caimed.de\/en\/caimed-talks\/ki-und-entscheidungsunterstuetzungssysteme\/","title":{"rendered":"AI and Clinical Decision Support"},"content":{"rendered":"<div data-colibri-id=\"7888-c1\" class=\"style-3996 style-local-7888-c1 position-relative\">\n  <!---->\n  <div data-colibri-component=\"section\" data-colibri-id=\"7888-c2\" id=\"ki-und-klinische\" class=\"h-section h-section-global-spacing d-flex align-items-lg-center align-items-md-center align-items-center style-4081 style-local-7888-c2 position-relative\">\n    <!---->\n    <!---->\n    <div class=\"h-section-grid-container h-section-boxed-container\">\n      <!---->\n      <div data-colibri-id=\"7888-c3\" class=\"h-row-container gutters-row-lg-0 gutters-row-md-0 gutters-row-2 gutters-row-v-lg-0 gutters-row-v-md-0 gutters-row-v-2 style-4082 style-local-7888-c3 position-relative\">\n        <!---->\n        <div class=\"h-row justify-content-lg-center justify-content-md-center justify-content-center align-items-lg-stretch align-items-md-stretch align-items-stretch gutters-col-lg-0 gutters-col-md-0 gutters-col-2 gutters-col-v-lg-0 gutters-col-v-md-0 gutters-col-v-2\">\n          <!---->\n          <div class=\"h-column h-column-container d-flex h-col-lg-auto h-col-md-auto h-col-auto style-5664-outer style-local-7888-c4-outer\">\n            <div data-colibri-id=\"7888-c4\" class=\"d-flex h-flex-basis h-column__inner h-px-lg-0 h-px-md-0 h-px-0 v-inner-lg-0 v-inner-md-0 v-inner-0 style-5664 style-local-7888-c4 position-relative\">\n              <!---->\n              <!---->\n              <div class=\"w-100 h-y-container h-column__content h-column__v-align flex-basis-100 align-self-lg-start align-self-md-start align-self-start\">\n                <!---->\n                <div data-colibri-id=\"7888-c5\" class=\"style-5659 style-local-7888-c5 position-relative h-element\">\n                  <!---->\n                  <div class=\"h-global-transition-all\"><div id='colibri-7888-c5' class='breadcrumb-wrapper'>    <style type=\"text\/css\">\n        \/* breadcrumb separator symbol *\/\n\n        #colibri-7888-c5        .colibri-breadcrumb > li + li:before {\n            content: \"|\";\n            white-space: pre;\n        }\n    <\/style>\n\n    \n    <div class=\"colibri-7888-c5-dls-wrapper breadcrumb-items__wrapper\">\n                <ol class=\"breadcrumb colibri-breadcrumb\"><li class=\"breadcrumb-item\"><a href=\"https:\/\/caimed.de\/en\/\">Home<\/a><\/li><li class=\"breadcrumb-item\"><a href=\"https:\/\/caimed.de\/en\/caimed-talks\/\">CAIMed Talks<\/a><\/li><\/ol>    <\/div>\n    <\/div><\/div>\n                <\/div>\n              <\/div>\n            <\/div>\n          <\/div>\n          <div class=\"h-column h-column-container d-flex h-col-lg-auto h-col-md-auto h-col-auto style-4083-outer style-local-7888-c6-outer\">\n            <div data-colibri-id=\"7888-c6\" class=\"d-flex h-flex-basis h-column__inner h-px-lg-0 h-px-md-0 h-px-0 v-inner-lg-0 v-inner-md-0 v-inner-0 style-4083 style-local-7888-c6 position-relative\">\n              <!---->\n              <!---->\n              <div class=\"w-100 h-y-container h-column__content h-column__v-align flex-basis-100 align-self-lg-start align-self-md-start align-self-start\">\n                <!---->\n                <div data-colibri-id=\"7888-c7\" class=\"style-4084 style-local-7888-c7 position-relative h-element\">\n                  <!---->\n                <\/div>\n              <\/div>\n            <\/div>\n          <\/div>\n          <div class=\"h-column h-column-container d-flex h-col-lg-auto h-col-md-auto h-col-auto style-4085-outer style-local-7888-c8-outer\">\n            <div data-colibri-id=\"7888-c8\" class=\"d-flex h-flex-basis h-column__inner h-px-lg-0 h-px-md-0 h-px-0 v-inner-lg-0 v-inner-md-0 v-inner-0 style-4085 style-local-7888-c8 position-relative\">\n              <!---->\n              <!---->\n              <div class=\"w-100 h-y-container h-column__content h-column__v-align flex-basis-100 align-self-lg-start align-self-md-start align-self-start\">\n                <!---->\n                <div data-colibri-id=\"7888-c9\" class=\"h-global-transition-all h-heading style-4086 style-local-7888-c9 position-relative h-element\">\n                  <!---->\n                  <div class=\"h-heading__outer style-4086 style-local-7888-c9\">\n                    <!---->\n                    <!---->\n                    <h1 class=\"\">AI and Clinical Decision Support<\/h1>\n                  <\/div>\n                <\/div>\n              <\/div>\n            <\/div>\n          <\/div>\n        <\/div>\n      <\/div>\n    <\/div>\n  <\/div>\n  <div data-colibri-component=\"section\" data-colibri-id=\"7888-c10\" id=\"content\" class=\"h-section h-section-global-spacing d-flex align-items-lg-center align-items-md-center align-items-center style-3997 style-local-7888-c10 position-relative\">\n    <!---->\n    <!---->\n    <div class=\"h-section-grid-container h-section-boxed-container\">\n      <!---->\n      <div data-colibri-id=\"7888-c11\" class=\"h-row-container gutters-row-lg-2 gutters-row-md-2 gutters-row-0 gutters-row-v-lg-2 gutters-row-v-md-2 gutters-row-v-2 style-3998 style-local-7888-c11 position-relative\">\n        <!---->\n        <div class=\"h-row justify-content-lg-start justify-content-md-start justify-content-start align-items-lg-start align-items-md-start align-items-start gutters-col-lg-2 gutters-col-md-2 gutters-col-0 gutters-col-v-lg-2 gutters-col-v-md-2 gutters-col-v-2\">\n          <!---->\n          <div class=\"h-column h-column-container d-flex h-col-lg-auto h-col-md-auto h-col-auto align-self-lg-start align-self-md-start align-self-start style-3999-outer style-local-7888-c12-outer\">\n            <div data-colibri-id=\"7888-c12\" class=\"d-flex h-flex-basis h-column__inner h-px-lg-0 h-px-md-0 h-px-0 v-inner-lg-0 v-inner-md-0 v-inner-0 style-3999 style-local-7888-c12 position-relative\">\n              <!---->\n              <!---->\n              <div class=\"w-100 h-y-container h-column__content h-column__v-align flex-basis-100 align-self-lg-start align-self-md-start align-self-start\">\n                <!---->\n                <div data-colibri-id=\"7888-c13\" class=\"h-text h-text-component style-4000 style-local-7888-c13 position-relative h-element\">\n                  <!---->\n                  <!---->\n                  <div class=\"\">\n                    <p>July 30, 2024<\/p>\n                  <\/div>\n                <\/div>\n              <\/div>\n            <\/div>\n          <\/div>\n        <\/div>\n      <\/div>\n      <div data-colibri-id=\"7888-c14\" class=\"h-row-container gutters-row-lg-2 gutters-row-md-2 gutters-row-0 gutters-row-v-lg-2 gutters-row-v-md-2 gutters-row-v-2 style-4001 style-local-7888-c14 position-relative\">\n        <!---->\n        <div class=\"h-row justify-content-lg-start justify-content-md-start justify-content-start align-items-lg-stretch align-items-md-stretch align-items-stretch gutters-col-lg-2 gutters-col-md-2 gutters-col-0 gutters-col-v-lg-2 gutters-col-v-md-2 gutters-col-v-2\">\n          <!---->\n          <div class=\"h-column h-column-container d-flex h-col-lg-auto h-col-md-auto h-col-auto style-4002-outer style-local-7888-c15-outer\">\n            <div data-colibri-id=\"7888-c15\" class=\"d-flex h-flex-basis h-column__inner h-px-lg-0 h-px-md-0 h-px-0 v-inner-lg-0 v-inner-md-0 v-inner-0 style-4002 style-local-7888-c15 position-relative\">\n              <!---->\n              <!---->\n              <div class=\"w-100 h-y-container h-column__content h-column__v-align flex-basis-100 align-self-lg-start align-self-md-start align-self-start\">\n                <!---->\n                <div data-colibri-id=\"7888-c16\" class=\"h-x-container style-4003 style-local-7888-c16 position-relative h-element\">\n                  <!---->\n                  <div class=\"h-x-container-inner style-dynamic-7888-c16-group style-4003-spacing style-local-7888-c16-spacing\"><span class=\"h-button__outer style-4004-outer style-local-7888-c17-outer d-inline-flex h-element\"><a h-use-smooth-scroll=\"true\" href=\"https:\/\/caimed.de\/en\/forschung\/ki-entscheidungen\/klinische-entscheidungsunterstuetzung\/\"  data-colibri-id=\"7888-c17\" class=\"d-flex w-100 align-items-center h-button justify-content-lg-center justify-content-md-center justify-content-center style-4004 style-local-7888-c17 position-relative\"><!----><!----> <span>AI &amp; Decisions<\/span><\/a>\n                    <\/span>\n                  <\/div>\n                <\/div>\n              <\/div>\n            <\/div>\n          <\/div>\n          <div class=\"h-column h-column-container d-flex h-col-lg-auto h-col-md-auto h-col-auto style-4028-outer style-local-7888-c18-outer\">\n            <div data-colibri-id=\"7888-c18\" class=\"d-flex h-flex-basis h-column__inner h-ui-empty-state-container h-px-lg-0 h-px-md-0 h-px-0 v-inner-lg-0 v-inner-md-0 v-inner-0 style-4028 style-local-7888-c18 position-relative\">\n              <!---->\n              <!---->\n              <div class=\"w-100 h-y-container h-column__content h-column__v-align flex-basis-100\">\n                <!---->\n              <\/div>\n            <\/div>\n          <\/div>\n        <\/div>\n      <\/div>\n      <div data-colibri-id=\"7888-c19\" class=\"h-row-container gutters-row-lg-2 gutters-row-md-2 gutters-row-0 gutters-row-v-lg-2 gutters-row-v-md-2 gutters-row-v-2 style-4005 style-local-7888-c19 position-relative\">\n        <!---->\n        <div class=\"h-row justify-content-lg-start justify-content-md-start justify-content-start align-items-lg-stretch align-items-md-stretch align-items-stretch gutters-col-lg-2 gutters-col-md-2 gutters-col-0 gutters-col-v-lg-2 gutters-col-v-md-2 gutters-col-v-2\">\n          <!---->\n          <div class=\"h-column h-column-container d-flex h-col-lg-auto h-col-md-auto h-col-auto style-4006-outer style-local-7888-c20-outer\">\n            <div data-colibri-id=\"7888-c20\" class=\"d-flex h-flex-basis h-column__inner h-px-lg-0 h-px-md-0 h-px-0 v-inner-lg-0 v-inner-md-0 v-inner-0 style-4006 style-local-7888-c20 position-relative\">\n              <!---->\n              <!---->\n              <div class=\"w-100 h-y-container h-column__content h-column__v-align flex-basis-100 align-self-lg-start align-self-md-start align-self-start\">\n                <!---->\n                <div data-colibri-id=\"7888-c21\" class=\"h-text h-text-component style-4007 style-local-7888-c21 position-relative h-element\">\n                  <!---->\n                  <!---->\n                  <div class=\"\">\n                    <p>In this interview, Dr. Johannes Winter and Sophie Bone\u00df talk to Prof. Dr. Dr. Michael Marschollek and PD Dr. Thomas Jack from the Hannover Medical School about the need for decision support through\n                      artificial intelligence in the healthcare sector and the associated challenges. How far have we come and what is still needed to gain everyone's trust? Find out more about these and other questions\n                      in our video.<\/p>\n                  <\/div>\n                <\/div>\n              <\/div>\n            <\/div>\n          <\/div>\n        <\/div>\n      <\/div>\n    <\/div>\n  <\/div>\n  <div data-colibri-component=\"section\" data-colibri-id=\"7888-c22\" id=\"content-2\" class=\"h-section h-section-global-spacing d-flex align-items-lg-center align-items-md-center align-items-center style-4008 style-local-7888-c22 position-relative\">\n    <!---->\n    <!---->\n    <div class=\"h-section-grid-container h-section-boxed-container\">\n      <!---->\n      <div data-colibri-id=\"7888-c23\" class=\"h-row-container gutters-row-lg-2 gutters-row-md-0 gutters-row-2 gutters-row-v-lg-0 gutters-row-v-md-0 gutters-row-v-2 style-4009 style-local-7888-c23 position-relative\">\n        <!---->\n        <div class=\"h-row justify-content-lg-center justify-content-md-center justify-content-center align-items-lg-stretch align-items-md-stretch align-items-stretch gutters-col-lg-2 gutters-col-md-0 gutters-col-2 gutters-col-v-lg-0 gutters-col-v-md-0 gutters-col-v-2\">\n          <!---->\n          <div class=\"h-column h-column-container d-flex h-col-lg h-col-md-auto h-col-auto style-4010-outer style-local-7888-c24-outer\">\n            <div data-colibri-id=\"7888-c24\" class=\"d-flex h-flex-basis h-column__inner h-px-lg-0 h-px-md-0 h-px-0 v-inner-lg-0 v-inner-md-0 v-inner-0 style-4010 style-local-7888-c24 position-relative\">\n              <!---->\n              <!---->\n              <div class=\"w-100 h-y-container h-column__content h-column__v-align flex-basis-100 align-self-lg-start align-self-md-start align-self-start\">\n                <!---->\n                <div data-colibri-id=\"7888-c25\" class=\"style-4011 style-local-7888-c25 position-relative h-element\">\n                  <!---->\n                  <div class=\"\">\n                    <iframe width=\"560\" height=\"315\" data-src=\"https:\/\/www.youtube.com\/embed\/G89Ks7-cXiE?si=Wu8IO3qMZvhNetuo\" title=\"YouTube video player\" frameborder=\"0\" allow=\"accelerometer; autoplay; clipboard-write; encrypted-media; gyroscope; picture-in-picture; web-share\"\n                      referrerpolicy=\"strict-origin-when-cross-origin\" allowfullscreen=\"\" src=\"data:image\/svg+xml;base64,PHN2ZyB3aWR0aD0iMSIgaGVpZ2h0PSIxIiB4bWxucz0iaHR0cDovL3d3dy53My5vcmcvMjAwMC9zdmciPjwvc3ZnPg==\" class=\"lazyload\" data-load-mode=\"1\"><\/iframe>\n                  <\/div>\n                <\/div>\n                <div data-colibri-id=\"7888-c26\" class=\"style-4012 style-local-7888-c26 position-relative h-element\">\n                  <!---->\n                <\/div>\n                <div data-colibri-id=\"7888-c27\" class=\"h-text h-text-component style-4013 style-local-7888-c27 position-relative h-element\">\n                  <!---->\n                  <!---->\n                  <div class=\"\">\n                    <h5>Challenges and Opportunities of AI in Pediatric Intensive Care Medicine<\/h5>\n                    <p>Working in intensive care medicine, especially when treating critically ill children, presents doctors with particular challenges, as it requires them to make quick and often life-critical decisions under high pressure and stress.\n                      AI can play an important role here by analyzing data and supporting medical staff in their decision-making. Through continuous and fatigue-free data processing, AI can help to minimize human error\n                      minimize human error and improve the quality of decisions.<\/p>\n                    <p>A particular problem in pediatric intensive care medicine is the great variance in patients, ranging from newborns to almost adult adolescents. The physiological differences and the resulting different medical\n                      medical requirements require a high degree of precision and flexibility in treatment. AI can provide support here through personalized algorithms and continuous data monitoring.<\/p>\n                    <h5>The Use of AI in Medical Practice<\/h5>\n                    <p>Dr. Jack explains that AI systems are already being used in various areas to reflect clinical decisions and monitor quality of care. One example is the use of AI to detect acute renal failure in intensive care\n                      renal failure in intensive care, which can have a significant impact on patient morbidity and mortality. Such systems can already analyze retrospective data and thus measure therapeutic quality.<\/p>\n                    <h5>Acceptance of and Trust in AI Systems<\/h5>\n                    <p>A key point that both experts emphasize is the need for acceptance and trust in AI systems by healthcare professionals. This requires reliable and explainable models. Professor Marschollek\n                      emphasizes that the explanatory component of an AI model is crucial for its acceptance. Collaboration with various junior research groups in CAIMed, including those for causal models and human-centered AI,\n                      is of great importance here. These groups are working to improve the explainability of the models and their evaluation.<\/p>\n                    <h5>Future Prospects and Challenges<\/h5>\n                    <p>The future of AI in medicine looks promising, but is also fraught with challenges. The direct implementation of AI in medical products requires careful validation and proper evaluation,\n                      to ensure user acceptance and trust. Initiatives such as CAIMed play a crucial role in overcoming these challenges and accelerating the translation of research results into clinical practice.\n                      into clinical practice.<\/p>\n                    <p>In conclusion, the experts emphasize that AI will change medicine in the long term. The opportunities for patient care are too great to ignore. However, these technologies must be used responsibly and in accordance with\n                      ethical and legal framework conditions in order to strengthen trust in these systems and fully exploit their potential.<\/p>\n                    <p>CAIMed is at the forefront of driving this development forward and taking clinical decision support to a new level.<\/p>\n                  <\/div>\n                <\/div>\n                <div data-colibri-id=\"7888-c28\" class=\"style-4014 style-local-7888-c28 position-relative h-element\">\n                  <!---->\n                <\/div>\n              <\/div>\n            <\/div>\n          <\/div>\n          <div class=\"h-column h-column-container d-flex h-col-lg-auto h-col-md-auto h-col-auto style-4020-outer style-local-7888-c29-outer\">\n            <div data-colibri-id=\"7888-c29\" class=\"d-flex h-flex-basis h-column__inner h-px-lg-0 h-px-md-0 h-px-0 v-inner-lg-0 v-inner-md-0 v-inner-0 style-4020 style-local-7888-c29 position-relative\">\n              <!---->\n              <!---->\n              <div class=\"w-100 h-y-container h-column__content h-column__v-align flex-basis-100 align-self-lg-start align-self-md-start align-self-start\">\n                <!---->\n                <div data-colibri-id=\"7888-c30\" class=\"h-global-transition-all h-heading style-4021 style-local-7888-c30 position-relative h-element\">\n                  <!---->\n                  <div class=\"h-heading__outer style-4021 style-local-7888-c30\">\n                    <!---->\n                    <!---->\n                    <h6 class=\"\">In this talk<\/h6>\n                  <\/div>\n                <\/div>\n                <div data-colibri-id=\"7888-c31\" class=\"style-4022 style-local-7888-c31 position-relative h-element\">\n                  <!---->\n                <\/div>\n                <div data-colibri-id=\"7888-c32\" class=\"d-block style-4023 style-local-7888-c32 position-relative h-element\">\n                  <!---->\n                  <div class=\"h-image__frame-container-outer\">\n                    <a href=\"https:\/\/caimed.de\/en\/das-zentrum\/personen\/silke-schicktanz\/\" h-use-smooth-scroll=\"true\" class=\"image-link\">\n                      <div class=\"h-image__frame-container\">\n                        <!---->\n                        <!---->\n                        <img decoding=\"async\" width=\"400\" height=\"400\" data-src=\"https:\/\/caimed.de\/wp-content\/uploads\/2024\/02\/Marschollek-Michael.png\" class=\"wp-image-6531 style-4023-image style-local-7888-c32-image lazyload\" alt=\"\" data-srcset=\"https:\/\/caimed.de\/wp-content\/uploads\/2024\/02\/Marschollek-Michael.png 400w, https:\/\/caimed.de\/wp-content\/uploads\/2024\/02\/Marschollek-Michael-12x12.png 12w\" data-sizes=\"(max-width: 400px) 100vw, 400px\" src=\"data:image\/svg+xml;base64,PHN2ZyB3aWR0aD0iMSIgaGVpZ2h0PSIxIiB4bWxucz0iaHR0cDovL3d3dy53My5vcmcvMjAwMC9zdmciPjwvc3ZnPg==\" style=\"--smush-placeholder-width: 400px; --smush-placeholder-aspect-ratio: 400\/400;\" \/>\n                        <div class=\"h-image__frame h-hide-lg h-hide-md h-hide-sm style-4023-frameImage style-local-7888-c32-frameImage\"><\/div>\n                      <\/div>\n                    <\/a>\n                  <\/div>\n                <\/div>\n                <div data-colibri-id=\"7888-c33\" class=\"h-x-container style-4024 style-local-7888-c33 position-relative h-element\">\n                  <!---->\n                  <div class=\"h-x-container-inner style-dynamic-7888-c33-group style-4024-spacing style-local-7888-c33-spacing\"><span class=\"h-link__outer style-4025-outer style-local-7888-c34-outer d-inline-flex h-element\"><a h-use-smooth-scroll=\"true\" href=\"https:\/\/caimed.de\/en\/das-zentrum\/personen\/direktorium\/michael-marschollek\/\"  data-colibri-id=\"7888-c34\" class=\"d-flex w-100 align-items-center h-link style-4025 style-local-7888-c34 position-relative\"><!----><!----> <span>Prof. Dr. Dr. Michael Marschollek<\/span><\/a>\n                    <\/span>\n                  <\/div>\n                <\/div>\n                <div data-colibri-id=\"7888-c35\" class=\"h-text h-text-component style-4026 style-local-7888-c35 position-relative h-element\">\n                  <!---->\n                  <!---->\n                  <div class=\"\">\n                    <p>Clinical Decision Support<\/p>\n                  <\/div>\n                <\/div>\n                <div data-colibri-id=\"7888-c36\" class=\"style-4022 style-local-7888-c36 position-relative h-element\">\n                  <!---->\n                <\/div>\n                <div data-colibri-id=\"7888-c37\" class=\"d-block style-4023 style-local-7888-c37 position-relative h-element\">\n                  <!---->\n                  <div class=\"h-image__frame-container-outer\">\n                    <a href=\"https:\/\/caimed.de\/en\/das-zentrum\/personen\/nils-hoppe\/\" h-use-smooth-scroll=\"true\" class=\"image-link\">\n                      <div class=\"h-image__frame-container\">\n                        <!---->\n                        <!---->\n                        <img decoding=\"async\" width=\"400\" height=\"400\" data-src=\"https:\/\/caimed.de\/wp-content\/uploads\/2024\/02\/Jack-Thomas.png\" class=\"wp-image-6526 style-4023-image style-local-7888-c37-image lazyload\" alt=\"\" data-srcset=\"https:\/\/caimed.de\/wp-content\/uploads\/2024\/02\/Jack-Thomas.png 400w, https:\/\/caimed.de\/wp-content\/uploads\/2024\/02\/Jack-Thomas-12x12.png 12w\" data-sizes=\"(max-width: 400px) 100vw, 400px\" src=\"data:image\/svg+xml;base64,PHN2ZyB3aWR0aD0iMSIgaGVpZ2h0PSIxIiB4bWxucz0iaHR0cDovL3d3dy53My5vcmcvMjAwMC9zdmciPjwvc3ZnPg==\" style=\"--smush-placeholder-width: 400px; --smush-placeholder-aspect-ratio: 400\/400;\" \/>\n                        <div class=\"h-image__frame h-hide-lg h-hide-md h-hide-sm style-4023-frameImage style-local-7888-c37-frameImage\"><\/div>\n                      <\/div>\n                    <\/a>\n                  <\/div>\n                <\/div>\n                <div data-colibri-id=\"7888-c38\" class=\"h-x-container style-4027 style-local-7888-c38 position-relative h-element\">\n                  <!---->\n                  <div class=\"h-x-container-inner style-dynamic-7888-c38-group style-4027-spacing style-local-7888-c38-spacing\"><span class=\"h-link__outer style-4025-outer style-local-7888-c39-outer d-inline-flex h-element\"><a h-use-smooth-scroll=\"true\" href=\"\"  data-colibri-id=\"7888-c39\" class=\"d-flex w-100 align-items-center h-link style-4025 style-local-7888-c39 position-relative\"><!----><!----> <span>PD Dr. Thomas Jack<\/span><\/a>\n                    <\/span>\n                  <\/div>\n                <\/div>\n                <div data-colibri-id=\"7888-c40\" class=\"h-text h-text-component style-4026 style-local-7888-c40 position-relative h-element\">\n                  <!---->\n                  <!---->\n                  <div class=\"\">\n                    <p><span style=\"font-weight: 300; font-size: 16px; font-family: Poppins; color: rgb(143, 170, 201);\">Clinical Decision Support<\/span><\/p>\n                  <\/div>\n                <\/div>\n              <\/div>\n            <\/div>\n          <\/div>\n        <\/div>\n      <\/div>\n    <\/div>\n  <\/div>\n<\/div>","protected":false},"excerpt":{"rendered":"<p>KI und Klinische Entscheidungsunterst\u00fctzung 30. Juli 2024 KI &amp; Entscheidungen In diesem Interview sprechen Dr. Johannes Winter und Sophie Bone\u00df mit Prof. Dr. Dr. Michael Marschollek und PD Dr. Thomas&nbsp;Jack von der Medizinischen Hochschule Hannover \u00fcber die Notwendigkeit der Entscheidungsunterst\u00fctzung durch k\u00fcnstliche Intelligenz im Gesundheitswesen und die damit einhergehenden Herausforderungen. Wie weit sind wir hier [&hellip;]<\/p>","protected":false},"author":2,"featured_media":0,"parent":6649,"menu_order":0,"comment_status":"closed","ping_status":"closed","template":"page-templates\/full-width-page.php","meta":{"footnotes":""},"class_list":["post-7888","page","type-page","status-publish","hentry"],"_links":{"self":[{"href":"https:\/\/caimed.de\/en\/wp-json\/wp\/v2\/pages\/7888","targetHints":{"allow":["GET"]}}],"collection":[{"href":"https:\/\/caimed.de\/en\/wp-json\/wp\/v2\/pages"}],"about":[{"href":"https:\/\/caimed.de\/en\/wp-json\/wp\/v2\/types\/page"}],"author":[{"embeddable":true,"href":"https:\/\/caimed.de\/en\/wp-json\/wp\/v2\/users\/2"}],"replies":[{"embeddable":true,"href":"https:\/\/caimed.de\/en\/wp-json\/wp\/v2\/comments?post=7888"}],"version-history":[{"count":18,"href":"https:\/\/caimed.de\/en\/wp-json\/wp\/v2\/pages\/7888\/revisions"}],"predecessor-version":[{"id":14755,"href":"https:\/\/caimed.de\/en\/wp-json\/wp\/v2\/pages\/7888\/revisions\/14755"}],"up":[{"embeddable":true,"href":"https:\/\/caimed.de\/en\/wp-json\/wp\/v2\/pages\/6649"}],"wp:attachment":[{"href":"https:\/\/caimed.de\/en\/wp-json\/wp\/v2\/media?parent=7888"}],"curies":[{"name":"wp","href":"https:\/\/api.w.org\/{rel}","templated":true}]}}