{"id":6593,"date":"2024-02-08T15:48:34","date_gmt":"2024-02-08T15:48:34","guid":{"rendered":"https:\/\/caimed.de\/?page_id=6593"},"modified":"2025-02-18T16:12:06","modified_gmt":"2025-02-18T15:12:06","slug":"caimed-webspecial-ki-ethik","status":"publish","type":"page","link":"https:\/\/caimed.de\/en\/caimed-talks\/caimed-webspecial-ki-ethik\/","title":{"rendered":"CAIMed Webspecial KI &#038; Ethik"},"content":{"rendered":"<div data-colibri-id=\"6593-c1\" class=\"style-2949 style-local-6593-c1 position-relative\">\n  <!---->\n  <div data-colibri-component=\"section\" data-colibri-id=\"6593-c2\" id=\"header\" class=\"h-section h-section-global-spacing d-flex align-items-lg-center align-items-md-center align-items-center style-2950 style-local-6593-c2 position-relative\">\n    <!---->\n    <!---->\n    <div class=\"h-section-grid-container h-section-boxed-container\">\n      <!---->\n      <div data-colibri-id=\"6593-c3\" class=\"h-row-container gutters-row-lg-0 gutters-row-md-0 gutters-row-2 gutters-row-v-lg-0 gutters-row-v-md-0 gutters-row-v-2 style-2951 style-local-6593-c3 position-relative\">\n        <!---->\n        <div class=\"h-row justify-content-lg-center justify-content-md-center justify-content-center align-items-lg-stretch align-items-md-stretch align-items-stretch gutters-col-lg-0 gutters-col-md-0 gutters-col-2 gutters-col-v-lg-0 gutters-col-v-md-0 gutters-col-v-2\">\n          <!---->\n          <div class=\"h-column h-column-container d-flex h-col-lg-auto h-col-md-auto h-col-auto style-5651-outer style-local-6593-c39-outer\">\n            <div data-colibri-id=\"6593-c39\" class=\"d-flex h-flex-basis h-column__inner h-px-lg-0 h-px-md-0 h-px-0 v-inner-lg-0 v-inner-md-0 v-inner-0 style-5651 style-local-6593-c39 position-relative\">\n              <!---->\n              <!---->\n              <div class=\"w-100 h-y-container h-column__content h-column__v-align flex-basis-100 align-self-lg-start align-self-md-start align-self-start\">\n                <!---->\n                <div data-colibri-id=\"6593-c43\" class=\"style-5655 style-local-6593-c43 position-relative h-element\">\n                  <!---->\n                  <div class=\"h-global-transition-all\"><div id='colibri-6593-c43' class='breadcrumb-wrapper'>    <style type=\"text\/css\">\n        \/* breadcrumb separator symbol *\/\n\n        #colibri-6593-c43        .colibri-breadcrumb > li + li:before {\n            content: \"|\";\n            white-space: pre;\n        }\n    <\/style>\n\n    \n    <div class=\"colibri-6593-c43-dls-wrapper breadcrumb-items__wrapper\">\n                <ol class=\"breadcrumb colibri-breadcrumb\"><li class=\"breadcrumb-item\"><a href=\"https:\/\/caimed.de\/en\/\">Home<\/a><\/li><li class=\"breadcrumb-item\"><a href=\"https:\/\/caimed.de\/en\/caimed-talks\/\">CAIMed Talks<\/a><\/li><\/ol>    <\/div>\n    <\/div><\/div>\n                <\/div>\n              <\/div>\n            <\/div>\n          <\/div>\n          <div class=\"h-column h-column-container d-flex h-col-lg-auto h-col-md-auto h-col-auto style-2952-outer style-local-6593-c4-outer\">\n            <div data-colibri-id=\"6593-c4\" class=\"d-flex h-flex-basis h-column__inner h-px-lg-0 h-px-md-0 h-px-0 v-inner-lg-0 v-inner-md-0 v-inner-0 style-2952 style-local-6593-c4 position-relative\">\n              <!---->\n              <!---->\n              <div class=\"w-100 h-y-container h-column__content h-column__v-align flex-basis-100 align-self-lg-start align-self-md-start align-self-start\">\n                <!---->\n                <div data-colibri-id=\"6593-c5\" class=\"style-2953 style-local-6593-c5 position-relative h-element\">\n                  <!---->\n                <\/div>\n              <\/div>\n            <\/div>\n          <\/div>\n          <div class=\"h-column h-column-container d-flex h-col-lg-auto h-col-md-auto h-col-auto style-2954-outer style-local-6593-c6-outer\">\n            <div data-colibri-id=\"6593-c6\" class=\"d-flex h-flex-basis h-column__inner h-px-lg-0 h-px-md-0 h-px-0 v-inner-lg-0 v-inner-md-0 v-inner-0 style-2954 style-local-6593-c6 position-relative\">\n              <!---->\n              <!---->\n              <div class=\"w-100 h-y-container h-column__content h-column__v-align flex-basis-100 align-self-lg-start align-self-md-start align-self-start\">\n                <!---->\n                <div data-colibri-id=\"6593-c7\" class=\"h-global-transition-all h-heading style-2955 style-local-6593-c7 position-relative h-element\">\n                  <!---->\n                  <div class=\"h-heading__outer style-2955 style-local-6593-c7\">\n                    <!---->\n                    <!---->\n                    <h1 class=\"\">CAIMed Webspecial AI &amp; Ethics<\/h1>\n                  <\/div>\n                <\/div>\n              <\/div>\n            <\/div>\n          <\/div>\n        <\/div>\n      <\/div>\n    <\/div>\n  <\/div>\n  <div data-colibri-component=\"section\" data-colibri-id=\"6593-c8\" id=\"overview\" class=\"h-section h-section-global-spacing d-flex align-items-lg-center align-items-md-center align-items-center style-3053 style-local-6593-c8 position-relative\">\n    <!---->\n    <!---->\n    <div class=\"h-section-grid-container h-section-boxed-container\">\n      <!---->\n      <div data-colibri-id=\"6593-c9\" class=\"h-row-container gutters-row-lg-2 gutters-row-md-2 gutters-row-0 gutters-row-v-lg-2 gutters-row-v-md-2 gutters-row-v-2 style-3066 style-local-6593-c9 position-relative\">\n        <!---->\n        <div class=\"h-row justify-content-lg-start justify-content-md-start justify-content-start align-items-lg-start align-items-md-start align-items-start gutters-col-lg-2 gutters-col-md-2 gutters-col-0 gutters-col-v-lg-2 gutters-col-v-md-2 gutters-col-v-2\">\n          <!---->\n          <div class=\"h-column h-column-container d-flex h-col-lg-auto h-col-md-auto h-col-auto align-self-lg-start align-self-md-start align-self-start style-3067-outer style-local-6593-c10-outer\">\n            <div data-colibri-id=\"6593-c10\" class=\"d-flex h-flex-basis h-column__inner h-px-lg-0 h-px-md-0 h-px-0 v-inner-lg-0 v-inner-md-0 v-inner-0 style-3067 style-local-6593-c10 position-relative\">\n              <!---->\n              <!---->\n              <div class=\"w-100 h-y-container h-column__content h-column__v-align flex-basis-100 align-self-lg-start align-self-md-start align-self-start\">\n                <!---->\n                <div data-colibri-id=\"6593-c11\" class=\"h-text h-text-component style-3068 style-local-6593-c11 position-relative h-element\">\n                  <!---->\n                  <!---->\n                  <div class=\"\">\n                    <p>March 27, 2024<\/p>\n                  <\/div>\n                <\/div>\n              <\/div>\n            <\/div>\n          <\/div>\n        <\/div>\n      <\/div>\n      <div data-colibri-id=\"6593-c12\" class=\"h-row-container gutters-row-lg-2 gutters-row-md-2 gutters-row-0 gutters-row-v-lg-2 gutters-row-v-md-2 gutters-row-v-2 style-3064 style-local-6593-c12 position-relative\">\n        <!---->\n        <div class=\"h-row justify-content-lg-start justify-content-md-start justify-content-start align-items-lg-stretch align-items-md-stretch align-items-stretch gutters-col-lg-2 gutters-col-md-2 gutters-col-0 gutters-col-v-lg-2 gutters-col-v-md-2 gutters-col-v-2\">\n          <!---->\n          <div class=\"h-column h-column-container d-flex h-col-lg-auto h-col-md-auto h-col-auto style-3065-outer style-local-6593-c13-outer\">\n            <div data-colibri-id=\"6593-c13\" class=\"d-flex h-flex-basis h-column__inner h-px-lg-0 h-px-md-0 h-px-0 v-inner-lg-0 v-inner-md-0 v-inner-0 style-3065 style-local-6593-c13 position-relative\">\n              <!---->\n              <!---->\n              <div class=\"w-100 h-y-container h-column__content h-column__v-align flex-basis-100 align-self-lg-start align-self-md-start align-self-start\">\n                <!---->\n                <div data-colibri-id=\"6593-c14\" class=\"h-text h-text-component style-3063 style-local-6593-c14 position-relative h-element\">\n                  <!---->\n                  <!---->\n                  <div class=\"\">\n                    <p>Who is responsible for the use of AI in medicine? What exactly does \"trustworthy\" mean in this case?<\/p>\n                    <p>In this interview, Dr. Johannes Winter and Sophie Bone\u00df talk to Prof. Dr. Silke Schicktanz and Prof. Dr. Nils Hoppe about the growing role of artificial intelligence in healthcare and the associated ethical challenges. Find out more in our CAIMed Talk Webspecial on AI &amp; ethics.<\/p>\n                  <\/div>\n                <\/div>\n              <\/div>\n            <\/div>\n          <\/div>\n        <\/div>\n      <\/div>\n    <\/div>\n  <\/div>\n  <div data-colibri-component=\"section\" data-colibri-id=\"6593-c15\" id=\"content\" class=\"h-section h-section-global-spacing d-flex align-items-lg-center align-items-md-center align-items-center style-3000 style-local-6593-c15 position-relative\">\n    <!---->\n    <!---->\n    <div class=\"h-section-grid-container h-section-boxed-container\">\n      <!---->\n      <div data-colibri-id=\"6593-c16\" class=\"h-row-container gutters-row-lg-2 gutters-row-md-0 gutters-row-2 gutters-row-v-lg-0 gutters-row-v-md-0 gutters-row-v-2 style-3009 style-local-6593-c16 position-relative\">\n        <!---->\n        <div class=\"h-row justify-content-lg-center justify-content-md-center justify-content-center align-items-lg-stretch align-items-md-stretch align-items-stretch gutters-col-lg-2 gutters-col-md-0 gutters-col-2 gutters-col-v-lg-0 gutters-col-v-md-0 gutters-col-v-2\">\n          <!---->\n          <div class=\"h-column h-column-container d-flex h-col-lg h-col-md-auto h-col-auto style-3010-outer style-local-6593-c17-outer\">\n            <div data-colibri-id=\"6593-c17\" class=\"d-flex h-flex-basis h-column__inner h-px-lg-0 h-px-md-0 h-px-0 v-inner-lg-0 v-inner-md-0 v-inner-0 style-3010 style-local-6593-c17 position-relative\">\n              <!---->\n              <!---->\n              <div class=\"w-100 h-y-container h-column__content h-column__v-align flex-basis-100 align-self-lg-start align-self-md-start align-self-start\">\n                <!---->\n                <div data-colibri-id=\"6593-c18\" class=\"style-3666 style-local-6593-c18 position-relative h-element\">\n                  <!---->\n                  <div class=\"\">\n                    <iframe width=\"100%\" height=\"166\" scrolling=\"no\" frameborder=\"no\" allow=\"autoplay\" data-src=\"https:\/\/w.soundcloud.com\/player\/?url=https%3A\/\/api.soundcloud.com\/tracks\/1796959594&amp;color=%23eb5c73&amp;auto_play=false&amp;hide_related=false&amp;show_comments=true&amp;show_user=true&amp;show_reposts=false&amp;show_teaser=true\" src=\"data:image\/svg+xml;base64,PHN2ZyB3aWR0aD0iMSIgaGVpZ2h0PSIxIiB4bWxucz0iaHR0cDovL3d3dy53My5vcmcvMjAwMC9zdmciPjwvc3ZnPg==\" class=\"lazyload\" data-load-mode=\"1\"><\/iframe>\n                    <div style=\"font-size: 10px; color: #cccccc;line-break: anywhere;word-break: normal;overflow: hidden;white-space: nowrap;text-overflow: ellipsis; font-family: Interstate,Lucida Grande,Lucida Sans Unicode,Lucida Sans,Garuda,Verdana,Tahoma,sans-serif;font-weight: 100;\">\n                      <a href=\"https:\/\/soundcloud.com\/caimed\" title=\"CAIMed\" target=\"_blank\" style=\"color: #cccccc; text-decoration: none;\" rel=\"noopener\">CAIMed<\/a> \u00b7\n                      <a href=\"https:\/\/soundcloud.com\/caimed\/caimed-talk-ki-und-ethik\" title=\"CAIMed Talk - KI und Ethik\" target=\"_blank\" style=\"color: #cccccc; text-decoration: none;\" rel=\"noopener\">CAIMed Talk - AI and Ethics (only in German)<\/a>\n                    <\/div>\n                  <\/div>\n                <\/div>\n                <div data-colibri-id=\"6593-c19\" class=\"style-3664 style-local-6593-c19 position-relative h-element\">\n                  <!---->\n                <\/div>\n                <div data-colibri-id=\"6593-c20\" class=\"h-text h-text-component style-3011 style-local-6593-c20 position-relative h-element\">\n                  <!---->\n                  <!---->\n                  <div class=\"\">\n                    <p>The use of artificial intelligence could revolutionize healthcare in the coming years. Diagnoses and therapies can be tailored to the individual patient. But this also brings\n                      some challenges. The ethical application of these innovative methods is particularly important in medicine. Prof. Dr. Silke Schicktanz, Professor of Culture and Ethics of Biomedicine at the University Medical Center\n                      G\u00f6ttingen and Prof. Dr. Nils Hoppe, Professor of Ethics and Law in the Life Sciences at Leibniz Universit\u00e4t Hannover and Managing Director of the Centre for Ethics and Law in the Life Sciences (CELLS), explain to us what is essential in research.\n                      us what should be taken into account in research, what exactly \u201ctrustworthy\u201d means and who is ultimately liable for the use of AI in medicine.<\/p>\n                  <\/div>\n                <\/div>\n                <div data-colibri-id=\"6593-c21\" class=\"style-3665 style-local-6593-c21 position-relative h-element\">\n                  <!---->\n                <\/div>\n                <div data-colibri-id=\"6593-c22\" class=\"h-row-container gutters-row-lg-0 gutters-row-md-0 gutters-row-0 gutters-row-v-lg-0 gutters-row-v-md-0 gutters-row-v-0 style-3660 style-local-6593-c22 position-relative\">\n                  <!---->\n                  <div class=\"h-row justify-content-lg-center justify-content-md-center justify-content-center align-items-lg-stretch align-items-md-stretch align-items-stretch gutters-col-lg-0 gutters-col-md-0 gutters-col-0 gutters-col-v-lg-0 gutters-col-v-md-0 gutters-col-v-0\">\n                    <!---->\n                    <div class=\"h-column h-column-container d-flex h-col-lg-auto h-col-md-auto h-col-auto style-3661-outer style-local-6593-c23-outer\">\n                      <div data-colibri-id=\"6593-c23\" class=\"d-flex h-flex-basis h-column__inner h-ui-empty-state-container h-px-lg-0 h-px-md-0 h-px-0 v-inner-lg-0 v-inner-md-0 v-inner-0 style-3661 style-local-6593-c23 position-relative\">\n                        <!---->\n                        <!---->\n                        <div class=\"w-100 h-y-container h-column__content h-column__v-align flex-basis-100\">\n                          <!---->\n                        <\/div>\n                      <\/div>\n                    <\/div>\n                    <div class=\"h-column h-column-container d-flex h-col-lg h-col-md h-col-auto style-3662-outer style-local-6593-c24-outer\">\n                      <div data-colibri-id=\"6593-c24\" class=\"d-flex h-flex-basis h-column__inner h-px-lg-0 h-px-md-0 h-px-0 v-inner-lg-0 v-inner-md-0 v-inner-0 style-3662 style-local-6593-c24 position-relative\">\n                        <!---->\n                        <!---->\n                        <div class=\"w-100 h-y-container h-column__content h-column__v-align flex-basis-100 align-self-lg-start align-self-md-start align-self-start\">\n                          <!---->\n                          <div data-colibri-id=\"6593-c25\" class=\"h-global-transition-all h-heading style-3013 style-local-6593-c25 position-relative h-element\">\n                            <!---->\n                            <div class=\"h-heading__outer style-3013 style-local-6593-c25\">\n                              <!---->\n                              <!---->\n                              <h3 class=\"\">About the IAS<\/h3>\n                            <\/div>\n                          <\/div>\n                          <div data-colibri-id=\"6593-c26\" class=\"h-text h-text-component style-3663 style-local-6593-c26 position-relative h-element\">\n                            <!---->\n                            <!---->\n                            <div class=\"\">\n                              <p>The Institute for Advanced Studies for Ethics of the Sciences (IAS) is a community of scientists in the field of scientific ethics. It combines the expertise and resources of the Universities of\n                                Hannover and G\u00f6ttingen as well as the University Medical Center G\u00f6ttingen and offers a space for collaborative work, the implementation of joint research projects, the integration of guest researchers and the promotion of young scientists.\n                                and the promotion of young scientists.<\/p>\n                            <\/div>\n                          <\/div>\n                        <\/div>\n                      <\/div>\n                    <\/div>\n                  <\/div>\n                <\/div>\n              <\/div>\n            <\/div>\n          <\/div>\n          <div class=\"h-column h-column-container d-flex h-col-lg-auto h-col-md-auto h-col-auto style-3015-outer style-local-6593-c27-outer\">\n            <div data-colibri-id=\"6593-c27\" class=\"d-flex h-flex-basis h-column__inner h-px-lg-0 h-px-md-0 h-px-0 v-inner-lg-0 v-inner-md-0 v-inner-0 style-3015 style-local-6593-c27 position-relative\">\n              <!---->\n              <!---->\n              <div class=\"w-100 h-y-container h-column__content h-column__v-align flex-basis-100 align-self-lg-start align-self-md-start align-self-start\">\n                <!---->\n                <div data-colibri-id=\"6593-c28\" class=\"h-global-transition-all h-heading style-3016 style-local-6593-c28 position-relative h-element\">\n                  <!---->\n                  <div class=\"h-heading__outer style-3016 style-local-6593-c28\">\n                    <!---->\n                    <!---->\n                    <h6 class=\"\">In this talk<\/h6>\n                  <\/div>\n                <\/div>\n                <div data-colibri-id=\"6593-c29\" class=\"style-3631 style-local-6593-c29 position-relative h-element\">\n                  <!---->\n                <\/div>\n                <div data-colibri-id=\"6593-c30\" class=\"d-block style-3017 style-local-6593-c30 position-relative h-element\">\n                  <!---->\n                  <div class=\"h-image__frame-container-outer\">\n                    <a href=\"https:\/\/caimed.de\/en\/das-zentrum\/personen\/silke-schicktanz\/\" h-use-smooth-scroll=\"true\" class=\"image-link\">\n                      <div class=\"h-image__frame-container\">\n                        <!---->\n                        <!---->\n                        <img decoding=\"async\" width=\"400\" height=\"400\" data-src=\"https:\/\/caimed.de\/wp-content\/uploads\/2024\/02\/Schicktanz-Silke.png\" class=\"wp-image-6540 style-3017-image style-local-6593-c30-image lazyload\" alt=\"\" data-srcset=\"https:\/\/caimed.de\/wp-content\/uploads\/2024\/02\/Schicktanz-Silke.png 400w, https:\/\/caimed.de\/wp-content\/uploads\/2024\/02\/Schicktanz-Silke-12x12.png 12w\" data-sizes=\"(max-width: 400px) 100vw, 400px\" src=\"data:image\/svg+xml;base64,PHN2ZyB3aWR0aD0iMSIgaGVpZ2h0PSIxIiB4bWxucz0iaHR0cDovL3d3dy53My5vcmcvMjAwMC9zdmciPjwvc3ZnPg==\" style=\"--smush-placeholder-width: 400px; --smush-placeholder-aspect-ratio: 400\/400;\" \/>\n                        <div class=\"h-image__frame h-hide-lg h-hide-md h-hide-sm style-3017-frameImage style-local-6593-c30-frameImage\"><\/div>\n                      <\/div>\n                    <\/a>\n                  <\/div>\n                <\/div>\n                <div data-colibri-id=\"6593-c31\" class=\"h-x-container style-3629 style-local-6593-c31 position-relative h-element\">\n                  <!---->\n                  <div class=\"h-x-container-inner style-dynamic-6593-c31-group style-3629-spacing style-local-6593-c31-spacing\"><span class=\"h-link__outer style-3630-outer style-local-6593-c32-outer d-inline-flex h-element\"><a h-use-smooth-scroll=\"true\" href=\"https:\/\/caimed.de\/en\/das-zentrum\/personen\/silke-schicktanz\/\" data-colibri-id=\"6593-c32\" class=\"d-flex w-100 align-items-center h-link style-3630 style-local-6593-c32 position-relative\"><!----><!----> <span>Prof. Dr. Silke Schicktanz<\/span><\/a>\n                    <\/span>\n                  <\/div>\n                <\/div>\n                <div data-colibri-id=\"6593-c33\" class=\"h-text h-text-component style-3019 style-local-6593-c33 position-relative h-element\">\n                  <!---->\n                  <!---->\n                  <div class=\"\">\n                    <p>Ethics Group<\/p>\n                  <\/div>\n                <\/div>\n                <div data-colibri-id=\"6593-c34\" class=\"style-3631 style-local-6593-c34 position-relative h-element\">\n                  <!---->\n                <\/div>\n                <div data-colibri-id=\"6593-c35\" class=\"d-block style-3017 style-local-6593-c35 position-relative h-element\">\n                  <!---->\n                  <div class=\"h-image__frame-container-outer\">\n                    <a href=\"https:\/\/caimed.de\/en\/das-zentrum\/personen\/nils-hoppe\/\" h-use-smooth-scroll=\"true\" class=\"image-link\">\n                      <div class=\"h-image__frame-container\">\n                        <!---->\n                        <!---->\n                        <img decoding=\"async\" width=\"400\" height=\"400\" data-src=\"https:\/\/caimed.de\/wp-content\/uploads\/2024\/02\/Hoppe-Nils.png\" class=\"wp-image-6524 style-3017-image style-local-6593-c35-image lazyload\" alt=\"\" data-srcset=\"https:\/\/caimed.de\/wp-content\/uploads\/2024\/02\/Hoppe-Nils.png 400w, https:\/\/caimed.de\/wp-content\/uploads\/2024\/02\/Hoppe-Nils-12x12.png 12w\" data-sizes=\"(max-width: 400px) 100vw, 400px\" src=\"data:image\/svg+xml;base64,PHN2ZyB3aWR0aD0iMSIgaGVpZ2h0PSIxIiB4bWxucz0iaHR0cDovL3d3dy53My5vcmcvMjAwMC9zdmciPjwvc3ZnPg==\" style=\"--smush-placeholder-width: 400px; --smush-placeholder-aspect-ratio: 400\/400;\" \/>\n                        <div class=\"h-image__frame h-hide-lg h-hide-md h-hide-sm style-3017-frameImage style-local-6593-c35-frameImage\"><\/div>\n                      <\/div>\n                    <\/a>\n                  <\/div>\n                <\/div>\n                <div data-colibri-id=\"6593-c36\" class=\"h-x-container style-3632 style-local-6593-c36 position-relative h-element\">\n                  <!---->\n                  <div class=\"h-x-container-inner style-dynamic-6593-c36-group style-3632-spacing style-local-6593-c36-spacing\"><span class=\"h-link__outer style-3630-outer style-local-6593-c37-outer d-inline-flex h-element\"><a h-use-smooth-scroll=\"true\" href=\"https:\/\/caimed.de\/en\/das-zentrum\/personen\/nils-hoppe\/\" data-colibri-id=\"6593-c37\" class=\"d-flex w-100 align-items-center h-link style-3630 style-local-6593-c37 position-relative\"><!----><!----> <span>Prof. Dr. Nils Hoppe<\/span><\/a>\n                    <\/span>\n                  <\/div>\n                <\/div>\n                <div data-colibri-id=\"6593-c38\" class=\"h-text h-text-component style-3019 style-local-6593-c38 position-relative h-element\">\n                  <!---->\n                  <!---->\n                  <div class=\"\">\n                    <p>Ethics Group<\/p>\n                  <\/div>\n                <\/div>\n              <\/div>\n            <\/div>\n          <\/div>\n        <\/div>\n      <\/div>\n    <\/div>\n  <\/div>\n<\/div>","protected":false},"excerpt":{"rendered":"<p>CAIMed Webspecial KI &amp; Ethik 27. M\u00e4rz 2024 Wer tr\u00e4gt die Verantwortung f\u00fcr die Anwendung von KI in der Medizin? Was genau bedeutet eigentlich \u201evertrauensw\u00fcrdig\u201c in diesem Fall? In diesem Interview sprechen Dr. Johannes Winter und Sophie Bone\u00df mit Prof. Dr. Silke Schicktanz und Prof. Dr. Nils Hoppe \u00fcber die wachsende Rolle der K\u00fcnstlichen Intelligenz [&hellip;]<\/p>","protected":false},"author":5,"featured_media":0,"parent":6649,"menu_order":0,"comment_status":"closed","ping_status":"closed","template":"page-templates\/full-width-page.php","meta":{"footnotes":""},"class_list":["post-6593","page","type-page","status-publish","hentry"],"_links":{"self":[{"href":"https:\/\/caimed.de\/en\/wp-json\/wp\/v2\/pages\/6593","targetHints":{"allow":["GET"]}}],"collection":[{"href":"https:\/\/caimed.de\/en\/wp-json\/wp\/v2\/pages"}],"about":[{"href":"https:\/\/caimed.de\/en\/wp-json\/wp\/v2\/types\/page"}],"author":[{"embeddable":true,"href":"https:\/\/caimed.de\/en\/wp-json\/wp\/v2\/users\/5"}],"replies":[{"embeddable":true,"href":"https:\/\/caimed.de\/en\/wp-json\/wp\/v2\/comments?post=6593"}],"version-history":[{"count":20,"href":"https:\/\/caimed.de\/en\/wp-json\/wp\/v2\/pages\/6593\/revisions"}],"predecessor-version":[{"id":11028,"href":"https:\/\/caimed.de\/en\/wp-json\/wp\/v2\/pages\/6593\/revisions\/11028"}],"up":[{"embeddable":true,"href":"https:\/\/caimed.de\/en\/wp-json\/wp\/v2\/pages\/6649"}],"wp:attachment":[{"href":"https:\/\/caimed.de\/en\/wp-json\/wp\/v2\/media?parent=6593"}],"curies":[{"name":"wp","href":"https:\/\/api.w.org\/{rel}","templated":true}]}}