{"id":6487,"date":"2024-02-06T11:53:18","date_gmt":"2024-02-06T11:53:18","guid":{"rendered":"https:\/\/caimed.de\/?page_id=6487"},"modified":"2025-02-18T12:18:46","modified_gmt":"2025-02-18T11:18:46","slug":"daniel-kudenko","status":"publish","type":"page","link":"https:\/\/caimed.de\/en\/das-zentrum\/personen\/daniel-kudenko\/","title":{"rendered":"Daniel Kudenko"},"content":{"rendered":"<div data-colibri-id=\"6487-c1\" class=\"style-2917 style-local-6487-c1 position-relative\">\n  <!---->\n  <div data-colibri-component=\"section\" data-colibri-id=\"6487-c2\" id=\"reusable-sections\" class=\"h-section h-section-global-spacing d-flex align-items-lg-center align-items-md-center align-items-center style-2918 style-local-6487-c2 position-relative\">\n    <!---->\n    <!---->\n    <div class=\"h-section-grid-container h-section-boxed-container\">\n      <!---->\n      <div data-colibri-id=\"6487-c3\" class=\"h-row-container gutters-row-lg-2 gutters-row-md-0 gutters-row-2 gutters-row-v-lg-0 gutters-row-v-md-0 gutters-row-v-2 style-2919 style-local-6487-c3 position-relative\">\n        <!---->\n        <div class=\"h-row justify-content-lg-center justify-content-md-center justify-content-center align-items-lg-stretch align-items-md-stretch align-items-stretch gutters-col-lg-2 gutters-col-md-0 gutters-col-2 gutters-col-v-lg-0 gutters-col-v-md-0 gutters-col-v-2\">\n          <!---->\n          <div class=\"h-column h-column-container d-flex h-col-lg-auto h-col-md-auto h-col-auto style-2920-outer style-local-6487-c4-outer\">\n            <div data-colibri-id=\"6487-c4\" class=\"d-flex h-flex-basis h-column__inner h-px-lg-0 h-px-md-0 h-px-0 v-inner-lg-0 v-inner-md-0 v-inner-0 style-2920 style-local-6487-c4 position-relative\">\n              <!---->\n              <!---->\n              <div class=\"w-100 h-y-container h-column__content h-column__v-align flex-basis-auto align-self-lg-start align-self-md-start align-self-start\">\n                <!---->\n                <div data-colibri-id=\"6487-c5\" class=\"d-block style-2921 style-local-6487-c5 position-relative h-element\">\n                  <!---->\n                  <div class=\"h-image__frame-container-outer\">\n                    <div class=\"h-image__frame-container\">\n                      <!---->\n                      <!---->\n                      <img decoding=\"async\" width=\"1080\" height=\"1080\" data-src=\"https:\/\/caimed.de\/wp-content\/uploads\/2023\/11\/Dr.-Daniel-Kudenko.png\" class=\"wp-image-5015 style-2921-image style-local-6487-c5-image lazyload\" alt=\"\" data-srcset=\"https:\/\/caimed.de\/wp-content\/uploads\/2023\/11\/Dr.-Daniel-Kudenko.png 1080w, https:\/\/caimed.de\/wp-content\/uploads\/2023\/11\/Dr.-Daniel-Kudenko-768x768.png 768w, https:\/\/caimed.de\/wp-content\/uploads\/2023\/11\/Dr.-Daniel-Kudenko-12x12.png 12w\" data-sizes=\"(max-width: 1080px) 100vw, 1080px\" src=\"data:image\/svg+xml;base64,PHN2ZyB3aWR0aD0iMSIgaGVpZ2h0PSIxIiB4bWxucz0iaHR0cDovL3d3dy53My5vcmcvMjAwMC9zdmciPjwvc3ZnPg==\" style=\"--smush-placeholder-width: 1080px; --smush-placeholder-aspect-ratio: 1080\/1080;\" \/>\n                      <div class=\"h-image__frame h-hide-lg h-hide-md h-hide-sm style-2921-frameImage style-local-6487-c5-frameImage\"><\/div>\n                    <\/div>\n                  <\/div>\n                <\/div>\n              <\/div>\n            <\/div>\n          <\/div>\n          <div class=\"h-column h-column-container d-flex h-col-lg h-col-md-auto h-col-auto style-2922-outer style-local-6487-c6-outer\">\n            <div data-colibri-id=\"6487-c6\" class=\"d-flex h-flex-basis h-column__inner h-px-lg-0 h-px-md-0 h-px-0 v-inner-lg-0 v-inner-md-0 v-inner-0 style-2922 style-local-6487-c6 position-relative\">\n              <!---->\n              <!---->\n              <div class=\"w-100 h-y-container h-column__content h-column__v-align flex-basis-100 align-self-lg-start align-self-md-start align-self-start\">\n                <!---->\n                <div data-colibri-id=\"6487-c7\" class=\"h-row-container gutters-row-lg-0 gutters-row-md-0 gutters-row-0 gutters-row-v-lg-0 gutters-row-v-md-0 gutters-row-v-0 style-2923 style-local-6487-c7 position-relative\">\n                  <!---->\n                  <div class=\"h-row justify-content-lg-center justify-content-md-center justify-content-center align-items-lg-stretch align-items-md-stretch align-items-stretch gutters-col-lg-0 gutters-col-md-0 gutters-col-0 gutters-col-v-lg-0 gutters-col-v-md-0 gutters-col-v-0\">\n                    <!---->\n                    <div class=\"h-column h-column-container d-flex h-col-lg-auto h-col-md-auto h-col-auto style-2924-outer style-local-6487-c8-outer\">\n                      <div data-colibri-id=\"6487-c8\" class=\"d-flex h-flex-basis h-column__inner h-px-lg-2 h-px-md-2 h-px-2 v-inner-lg-2 v-inner-md-2 v-inner-2 style-2924 style-local-6487-c8 position-relative\">\n                        <!---->\n                        <!---->\n                        <div class=\"w-100 h-y-container h-column__content h-column__v-align flex-basis-100 align-self-lg-start align-self-md-start align-self-start\">\n                          <!---->\n                          <div data-colibri-id=\"6487-c9\" class=\"style-2925 style-local-6487-c9 position-relative h-element\">\n                            <!---->\n                          <\/div>\n                        <\/div>\n                      <\/div>\n                    <\/div>\n                    <div class=\"h-column h-column-container d-flex h-col-lg-auto h-col-md-auto h-col-auto style-2926-outer style-local-6487-c10-outer\">\n                      <div data-colibri-id=\"6487-c10\" class=\"d-flex h-flex-basis h-column__inner h-px-lg-0 h-px-md-0 h-px-0 v-inner-lg-0 v-inner-md-0 v-inner-0 style-2926 style-local-6487-c10 position-relative\">\n                        <!---->\n                        <!---->\n                        <div class=\"w-100 h-y-container h-column__content h-column__v-align flex-basis-100 align-self-lg-start align-self-md-start align-self-end\">\n                          <!---->\n                          <div data-colibri-id=\"6487-c11\" class=\"h-global-transition-all h-heading style-2927 style-local-6487-c11 position-relative h-element\">\n                            <!---->\n                            <div class=\"h-heading__outer style-2927 style-local-6487-c11\">\n                              <!---->\n                              <!---->\n                              <h1 class=\"\">Dr. Daniel Kudenko<\/h1>\n                            <\/div>\n                          <\/div>\n                        <\/div>\n                      <\/div>\n                    <\/div>\n                  <\/div>\n                <\/div>\n                <div data-colibri-id=\"6487-c12\" class=\"h-text h-text-component style-2928 style-local-6487-c12 position-relative h-element\">\n                  <!---->\n                  <!---->\n                  <div class=\"\">\n                    <p>Forschungsgruppenleiter, Forschungszentrum L3S<\/p>\n                  <\/div>\n                <\/div>\n                <div data-colibri-id=\"6487-c13\" class=\"h-row-container gutters-row-lg-0 gutters-row-md-0 gutters-row-0 gutters-row-v-lg-1 gutters-row-v-md-1 gutters-row-v-1 style-2929 style-local-6487-c13 position-relative\">\n                  <!---->\n                  <div class=\"h-row justify-content-lg-start justify-content-md-start justify-content-start align-items-lg-stretch align-items-md-stretch align-items-stretch gutters-col-lg-0 gutters-col-md-0 gutters-col-0 gutters-col-v-lg-1 gutters-col-v-md-1 gutters-col-v-1\">\n                    <!---->\n                    <div class=\"h-column h-column-container d-flex h-col-lg-6 h-col-md-6 h-col-12 style-2930-outer style-local-6487-c14-outer\">\n                      <div data-colibri-id=\"6487-c14\" class=\"d-flex h-flex-basis h-column__inner h-px-lg-0 h-px-md-0 h-px-0 v-inner-lg-0 v-inner-md-0 v-inner-0 style-2930 style-local-6487-c14 position-relative\">\n                        <!---->\n                        <!---->\n                        <div class=\"w-100 h-y-container h-column__content h-column__v-align flex-basis-100 align-self-lg-start align-self-md-start align-self-center\">\n                          <!---->\n                          <div data-colibri-id=\"6487-c15\" class=\"h-global-transition-all h-heading style-2931 style-local-6487-c15 position-relative h-element\">\n                            <!---->\n                            <div class=\"h-heading__outer style-2931 style-local-6487-c15\">\n                              <!---->\n                              <!---->\n                              <h6 class=\"\">Email<\/h6>\n                            <\/div>\n                          <\/div>\n                          <div data-colibri-id=\"6487-c16\" class=\"h-x-container style-2932 style-local-6487-c16 position-relative h-element\">\n                            <!---->\n                            <div class=\"h-x-container-inner style-dynamic-6487-c16-group style-2932-spacing style-local-6487-c16-spacing\"><span class=\"h-link__outer style-2933-outer style-local-6487-c17-outer d-inline-flex h-element\"><a h-use-smooth-scroll=\"true\" href=\"mailto:daniel.kudenko@caimed.de\"  data-colibri-id=\"6487-c17\" class=\"d-flex w-100 align-items-center h-link style-2933 style-local-6487-c17 position-relative\"><!----><span  class=\"h-svg-icon h-link__icon style-2933-icon style-local-6487-c17-icon\"><!--Icon by Icons8 Line Awesome (https:\/\/icons8.com\/line-awesome)--><svg version=\"1.1\" xmlns=\"http:\/\/www.w3.org\/2000\/svg\" xmlns:xlink=\"http:\/\/www.w3.org\/1999\/xlink\" id=\"envelope-o\" viewbox=\"0 0 512 545.5\"><path d=\"M48 160h416v288H48V160zm69 32l139 92.5L395 192H117zm-37 14v210h352V206L265 317.5l-9 5.5-9-5.5z\"><\/path><\/svg><\/span>                              <span>daniel.kudenko@caimed.de<\/span><\/a>\n                              <\/span>\n                            <\/div>\n                          <\/div>\n                        <\/div>\n                      <\/div>\n                    <\/div>\n                    <div class=\"h-column h-column-container d-flex h-col-lg-6 h-col-md-6 h-col-12 style-2930-outer style-local-6487-c18-outer\">\n                      <div data-colibri-id=\"6487-c18\" class=\"d-flex h-flex-basis h-column__inner h-px-lg-0 h-px-md-0 h-px-0 v-inner-lg-0 v-inner-md-0 v-inner-0 style-2930 style-local-6487-c18 position-relative\">\n                        <!---->\n                        <!---->\n                        <div class=\"w-100 h-y-container h-column__content h-column__v-align flex-basis-100 align-self-lg-start align-self-md-start align-self-center\">\n                          <!---->\n                          <div data-colibri-id=\"6487-c19\" class=\"h-global-transition-all h-heading style-2931 style-local-6487-c19 position-relative h-element\">\n                            <!---->\n                            <div class=\"h-heading__outer style-2931 style-local-6487-c19\">\n                              <!---->\n                              <!---->\n                              <h6 class=\"\">Address<\/h6>\n                            <\/div>\n                          <\/div>\n                          <div data-colibri-id=\"6487-c20\" class=\"h-row-container gutters-row-lg-0 gutters-row-md-0 gutters-row-0 gutters-row-v-lg-0 gutters-row-v-md-0 gutters-row-v-0 style-2934 style-local-6487-c20 position-relative\">\n                            <!---->\n                            <div class=\"h-row justify-content-lg-start justify-content-md-start justify-content-center align-items-lg-stretch align-items-md-stretch align-items-stretch gutters-col-lg-0 gutters-col-md-0 gutters-col-0 gutters-col-v-lg-0 gutters-col-v-md-0 gutters-col-v-0\">\n                              <!---->\n                              <div class=\"h-column h-column-container d-flex h-col-lg-auto h-col-md-auto h-col-auto style-2935-outer style-local-6487-c21-outer\">\n                                <div data-colibri-id=\"6487-c21\" class=\"d-flex h-flex-basis h-column__inner h-px-lg-0 h-px-md-0 h-px-0 v-inner-lg-0 v-inner-md-0 v-inner-0 style-2935 style-local-6487-c21 position-relative\">\n                                  <!---->\n                                  <!---->\n                                  <div class=\"w-100 h-y-container h-column__content h-column__v-align flex-basis-100 align-self-lg-start align-self-md-start align-self-start\">\n                                    <!---->\n                                    <div data-colibri-id=\"6487-c22\" class=\"h-icon style-2936 style-local-6487-c22 position-relative h-element\">\n                                      <!----><span class=\"h-svg-icon h-icon__icon style-2936-icon style-local-6487-c22-icon\"><!--Icon by Icons8 Line Awesome (https:\/\/icons8.com\/line-awesome)--><svg version=\"1.1\" xmlns=\"http:\/\/www.w3.org\/2000\/svg\" xmlns:xlink=\"http:\/\/www.w3.org\/1999\/xlink\" id=\"map-marker\" viewbox=\"0 0 512 545.5\"><path d=\"M256 80c79.336 0 144 64.664 144 144 0 22.5-9.116 48.313-21.5 76.5s-28.314 58.098-44.5 86C301.628 442.306 269 489 269 489l-13 19-13-19s-32.628-46.694-65-102.5c-16.186-27.902-32.116-57.813-44.5-86S112 246.5 112 224c0-79.336 64.664-144 144-144zm0 32c-62.04 0-112 49.96-112 112 0 12.844 6.884 37.06 18.5 63.5s27.686 55.738 43.5 83c25.155 43.364 40.74 66.3 50 80 9.26-13.7 24.845-36.636 50-80 15.815-27.262 31.884-56.56 43.5-83S368 236.844 368 224c0-62.04-49.96-112-112-112zm0 80c17.673 0 32 14.327 32 32s-14.327 32-32 32-32-14.327-32-32 14.327-32 32-32z\"><\/path><\/svg><\/span><\/div>\n                                  <\/div>\n                                <\/div>\n                              <\/div>\n                              <div class=\"h-column h-column-container d-flex h-col-lg-auto h-col-md-auto h-col-auto style-2937-outer style-local-6487-c23-outer\">\n                                <div data-colibri-id=\"6487-c23\" class=\"d-flex h-flex-basis h-column__inner h-px-lg-0 h-px-md-0 h-px-0 v-inner-lg-0 v-inner-md-0 v-inner-0 style-2937 style-local-6487-c23 position-relative\">\n                                  <!---->\n                                  <!---->\n                                  <div class=\"w-100 h-y-container h-column__content h-column__v-align flex-basis-100 align-self-lg-start align-self-md-start align-self-center\">\n                                    <!---->\n                                    <div data-colibri-id=\"6487-c24\" class=\"h-text h-text-component style-2938 style-local-6487-c24 position-relative h-element\">\n                                      <!---->\n                                      <!---->\n                                      <div class=\"\">\n                                        <p>Appelstr. 9a\n                                          <br>30167 Hannover<\/p>\n                                      <\/div>\n                                    <\/div>\n                                  <\/div>\n                                <\/div>\n                              <\/div>\n                            <\/div>\n                          <\/div>\n                        <\/div>\n                      <\/div>\n                    <\/div>\n                    <div class=\"h-column h-column-container d-flex h-col-lg-6 h-col-md-6 h-col-12 style-2930-outer style-local-6487-c25-outer\">\n                      <div data-colibri-id=\"6487-c25\" class=\"d-flex h-flex-basis h-column__inner h-px-lg-0 h-px-md-0 h-px-0 v-inner-lg-0 v-inner-md-0 v-inner-0 style-2930 style-local-6487-c25 position-relative\">\n                        <!---->\n                        <!---->\n                        <div class=\"w-100 h-y-container h-column__content h-column__v-align flex-basis-100 align-self-lg-start align-self-md-start align-self-center\">\n                          <!---->\n                          <div data-colibri-id=\"6487-c26\" class=\"h-global-transition-all h-heading style-2931 style-local-6487-c26 position-relative h-element\">\n                            <!---->\n                            <div class=\"h-heading__outer style-2931 style-local-6487-c26\">\n                              <!---->\n                              <!---->\n                              <h6 class=\"\">Phone<\/h6>\n                            <\/div>\n                          <\/div>\n                          <div data-colibri-id=\"6487-c27\" class=\"h-x-container style-2939 style-local-6487-c27 position-relative h-element\">\n                            <!---->\n                            <div class=\"h-x-container-inner style-dynamic-6487-c27-group style-2939-spacing style-local-6487-c27-spacing\"><span class=\"h-link__outer style-2933-outer style-local-6487-c28-outer d-inline-flex h-element\"><a h-use-smooth-scroll=\"true\" href=\"tel: +49 511 762-17775\"  data-colibri-id=\"6487-c28\" class=\"d-flex w-100 align-items-center h-link style-2933 style-local-6487-c28 position-relative\"><!----><span  class=\"h-svg-icon h-link__icon style-2933-icon style-local-6487-c28-icon\"><!--Icon by Icons8 Line Awesome (https:\/\/icons8.com\/line-awesome)--><svg version=\"1.1\" xmlns=\"http:\/\/www.w3.org\/2000\/svg\" xmlns:xlink=\"http:\/\/www.w3.org\/1999\/xlink\" id=\"phone\" viewbox=\"0 0 512 545.5\"><path d=\"M138.5 80c8.375 0 16.656 3.024 23.5 8.5l1 .5.5.5 64 66 1.5 1.5-.5.5c14.174 13.212 13.968 35.53.5 49l-32 32c4.92 11.277 18.33 40.02 44.5 65 26.358 25.16 53.932 39.467 65.5 45l31.5-31.5.5-.5c13.28-13.28 36.72-13.28 50 0l.5 1 65 65c13.28 13.28 13.28 36.22 0 49.5L405 481.5l-.5.5-.5.5c-15.01 12.867-36.04 17.486-55.5 11h-.5c-37.55-14.693-113.51-48.01-181.5-116C98.773 309.773 64.052 234.84 50.5 196c-.035-.1.034-.4 0-.5-6.703-18.434-1.915-39.738 13.5-54l-.5-.5 50-51.5.5-.5 1-.5c6.844-5.476 15.125-8.5 23.5-8.5zm0 32c-1.172 0-2.344.575-3.5 1.5L86.5 163l-.5.5-.5.5c-5.674 4.863-7.44 14.493-5 21 12.12 34.847 45.2 106.7 108.5 170 62.784 62.784 133.224 93.76 169.5 108 9.34 3.113 17.11 1.833 24.5-4.5l49-49c2.72-2.72 2.72-1.78 0-4.5l-65.5-65.5c-2.72-2.72-2.28-2.72-5 0l-40 40-7.5 7.5-10-4.5s-43.83-18.552-81-52.5l-3.5-3c-38.595-36.84-57-86-57-86l-3.5-10 7.5-7 40-40c1.966-1.966.874-3.6 1-3.5l-.5-.5-1-1-64-65.5c-1.156-.925-2.328-1.5-3.5-1.5z\"><\/path><\/svg><\/span>                              <span> +49 511 762-17775<\/span><\/a>\n                              <\/span>\n                            <\/div>\n                          <\/div>\n                        <\/div>\n                      <\/div>\n                    <\/div>\n                  <\/div>\n                <\/div>\n                <div data-colibri-id=\"6487-c29\" class=\"style-2940 style-local-6487-c29 position-relative h-element\">\n                  <!---->\n                <\/div>\n                <div data-colibri-id=\"6487-c30\" class=\"h-x-container style-2941 style-local-6487-c30 position-relative h-element\">\n                  <!---->\n                  <div class=\"h-x-container-inner style-dynamic-6487-c30-group style-2941-spacing style-local-6487-c30-spacing\"><span class=\"h-button__outer style-2942-outer style-local-6487-c31-outer d-inline-flex h-element\"><a h-use-smooth-scroll=\"true\" href=\"https:\/\/caimed.de\/en\/forschung\/ki-wirkstoffe\/semantische-modelle\/\"  data-colibri-id=\"6487-c31\" class=\"d-flex w-100 align-items-center h-button justify-content-lg-center justify-content-md-center justify-content-center style-2942 style-local-6487-c31 position-relative\"><!----><!----> <span>Semantic Models Group<\/span><\/a>\n                    <\/span><span class=\"h-button__outer style-2942-outer style-local-6487-c32-outer d-inline-flex h-element\"><a h-use-smooth-scroll=\"true\" href=\"https:\/\/l3s.de\" data-colibri-id=\"6487-c32\" class=\"d-flex w-100 align-items-center h-button justify-content-lg-center justify-content-md-center justify-content-center style-2942 style-local-6487-c32 position-relative\" target=\"_blank\" rel=\"noopener\"><!----><!----> <span>L3S Research Center<\/span><\/a>\n                    <\/span>\n                  <\/div>\n                <\/div>\n                <div data-colibri-id=\"6487-c33\" class=\"style-2943 style-local-6487-c33 position-relative h-element\">\n                  <!---->\n                <\/div>\n                <div data-colibri-id=\"6487-c34\" class=\"h-text h-text-component style-2944 style-local-6487-c34 position-relative h-element\">\n                  <!---->\n                  <!---->\n                  <div class=\"\">\n                    <p>Dr. Daniel Kudenko ist Forschungsgruppenleiter am Forschungszentrum L3S und konzentriert sich in seiner Forschung auf maschinelles Lernen, insbesondere auf Reinforcement Learning. Dabei untersucht er vor allem, wie man Expertenwissen\n                      in maschinelles Lernen integrieren kann und wie man neues Wissens aus den Erfahrungen von KI Agenten generiert. Diese Ans\u00e4tze sind besonders n\u00fctzlich im medizinischen Bereich, da sie die Steuerbarkeit und Sicherheit von KI Agenten\n                      verbessern und zur Erkl\u00e4rbarkeit von KI Entscheidungen beitragen.<\/p>\n                  <\/div>\n                <\/div>\n                <div data-colibri-id=\"6487-c35\" class=\"style-2940 style-local-6487-c35 position-relative h-element\">\n                  <!---->\n                <\/div>\n                <div data-colibri-id=\"6487-c36\" class=\"h-row-container gutters-row-lg-0 gutters-row-md-0 gutters-row-0 gutters-row-v-lg-0 gutters-row-v-md-0 gutters-row-v-0 style-2945 style-local-6487-c36 position-relative\">\n                  <!---->\n                  <div class=\"h-row justify-content-lg-center justify-content-md-center justify-content-center align-items-lg-stretch align-items-md-stretch align-items-stretch gutters-col-lg-0 gutters-col-md-0 gutters-col-0 gutters-col-v-lg-0 gutters-col-v-md-0 gutters-col-v-0\">\n                    <!---->\n                    <div class=\"h-column h-column-container d-flex h-col-lg-auto h-col-md-auto h-col-auto style-2946-outer style-local-6487-c37-outer\">\n                      <div data-colibri-id=\"6487-c37\" class=\"d-flex h-flex-basis h-column__inner h-ui-empty-state-container h-px-lg-0 h-px-md-0 h-px-0 v-inner-lg-0 v-inner-md-0 v-inner-0 style-2946 style-local-6487-c37 position-relative\">\n                        <!---->\n                        <!---->\n                        <div class=\"w-100 h-y-container h-column__content h-column__v-align flex-basis-100\">\n                          <!---->\n                        <\/div>\n                      <\/div>\n                    <\/div>\n                    <div class=\"h-column h-column-container d-flex h-col-lg h-col-md h-col-auto style-2947-outer style-local-6487-c38-outer\">\n                      <div data-colibri-id=\"6487-c38\" class=\"d-flex h-flex-basis h-column__inner h-px-lg-0 h-px-md-0 h-px-0 v-inner-lg-0 v-inner-md-0 v-inner-0 style-2947 style-local-6487-c38 position-relative\">\n                        <!---->\n                        <!---->\n                        <div class=\"w-100 h-y-container h-column__content h-column__v-align flex-basis-100 align-self-lg-start align-self-md-start align-self-start\">\n                          <!---->\n                          <div data-colibri-id=\"6487-c39\" class=\"h-text h-text-component style-2948 style-local-6487-c39 position-relative h-element\">\n                            <!---->\n                            <!---->\n                            <div class=\"\">\n                              <p>Bei medizinischen KI-Anwendungen ist es besonders wichtig, die Interaktion zwischen Mensch und Maschine vertrauensw\u00fcrdig und leicht verst\u00e4ndlich zu gestalten. Daf\u00fcr sollten Mensch und KI auf einer gemeinsamen Sprache kommunizieren\n                                k\u00f6nnen, die auf allgemein verst\u00e4ndlichen Konzepten und Symbolen basiert. <\/p>\n                            <\/div>\n                          <\/div>\n                        <\/div>\n                      <\/div>\n                    <\/div>\n                  <\/div>\n                <\/div>\n              <\/div>\n            <\/div>\n          <\/div>\n        <\/div>\n      <\/div>\n    <\/div>\n  <\/div>\n<\/div>","protected":false},"excerpt":{"rendered":"<p>Dr. Daniel Kudenko Forschungsgruppenleiter, Forschungszentrum L3S E-Mail daniel.kudenko@caimed.de Adresse Appelstr. 9a 30167 Hannover Telefon +49 511 762-17775 Gruppe Semantische Modelle Forschungszentrum L3S Dr. Daniel Kudenko ist Forschungsgruppenleiter am Forschungszentrum L3S und konzentriert sich in seiner Forschung auf maschinelles Lernen, insbesondere auf Reinforcement Learning. Dabei untersucht er vor allem, wie man Expertenwissen in maschinelles Lernen integrieren [&hellip;]<\/p>","protected":false},"author":3,"featured_media":0,"parent":1915,"menu_order":0,"comment_status":"closed","ping_status":"closed","template":"page-templates\/full-width-page.php","meta":{"footnotes":""},"class_list":["post-6487","page","type-page","status-publish","hentry"],"_links":{"self":[{"href":"https:\/\/caimed.de\/en\/wp-json\/wp\/v2\/pages\/6487","targetHints":{"allow":["GET"]}}],"collection":[{"href":"https:\/\/caimed.de\/en\/wp-json\/wp\/v2\/pages"}],"about":[{"href":"https:\/\/caimed.de\/en\/wp-json\/wp\/v2\/types\/page"}],"author":[{"embeddable":true,"href":"https:\/\/caimed.de\/en\/wp-json\/wp\/v2\/users\/3"}],"replies":[{"embeddable":true,"href":"https:\/\/caimed.de\/en\/wp-json\/wp\/v2\/comments?post=6487"}],"version-history":[{"count":4,"href":"https:\/\/caimed.de\/en\/wp-json\/wp\/v2\/pages\/6487\/revisions"}],"predecessor-version":[{"id":6568,"href":"https:\/\/caimed.de\/en\/wp-json\/wp\/v2\/pages\/6487\/revisions\/6568"}],"up":[{"embeddable":true,"href":"https:\/\/caimed.de\/en\/wp-json\/wp\/v2\/pages\/1915"}],"wp:attachment":[{"href":"https:\/\/caimed.de\/en\/wp-json\/wp\/v2\/media?parent=6487"}],"curies":[{"name":"wp","href":"https:\/\/api.w.org\/{rel}","templated":true}]}}