{"id":5795,"date":"2023-12-14T10:38:38","date_gmt":"2023-12-14T10:38:38","guid":{"rendered":"https:\/\/caimed.de\/?page_id=5795"},"modified":"2023-12-15T09:13:06","modified_gmt":"2023-12-15T09:13:06","slug":"yang-li","status":"publish","type":"page","link":"https:\/\/caimed.de\/en\/das-zentrum\/personen\/yang-li\/","title":{"rendered":"Yang Li"},"content":{"rendered":"<div data-colibri-id=\"5795-c1\" class=\"style-2553 style-local-5795-c1 position-relative\">\n  <!---->\n  <div data-colibri-component=\"section\" data-colibri-id=\"5795-c2\" id=\"reusable-sections\" class=\"h-section h-section-global-spacing d-flex align-items-lg-center align-items-md-center align-items-center style-2554 style-local-5795-c2 position-relative\">\n    <!---->\n    <!---->\n    <div class=\"h-section-grid-container h-section-boxed-container\">\n      <!---->\n      <div data-colibri-id=\"5795-c3\" class=\"h-row-container gutters-row-lg-2 gutters-row-md-0 gutters-row-2 gutters-row-v-lg-0 gutters-row-v-md-0 gutters-row-v-2 style-2555 style-local-5795-c3 position-relative\">\n        <!---->\n        <div class=\"h-row justify-content-lg-center justify-content-md-center justify-content-center align-items-lg-stretch align-items-md-stretch align-items-stretch gutters-col-lg-2 gutters-col-md-0 gutters-col-2 gutters-col-v-lg-0 gutters-col-v-md-0 gutters-col-v-2\">\n          <!---->\n          <div class=\"h-column h-column-container d-flex h-col-lg-auto h-col-md-auto h-col-auto style-2556-outer style-local-5795-c4-outer\">\n            <div data-colibri-id=\"5795-c4\" class=\"d-flex h-flex-basis h-column__inner h-px-lg-0 h-px-md-0 h-px-0 v-inner-lg-0 v-inner-md-0 v-inner-0 style-2556 style-local-5795-c4 position-relative\">\n              <!---->\n              <!---->\n              <div class=\"w-100 h-y-container h-column__content h-column__v-align flex-basis-auto align-self-lg-start align-self-md-start align-self-start\">\n                <!---->\n                <div data-colibri-id=\"5795-c5\" class=\"d-block style-2557 style-local-5795-c5 position-relative h-element\">\n                  <!---->\n                  <div class=\"h-image__frame-container-outer\">\n                    <div class=\"h-image__frame-container\">\n                      <!---->\n                      <!---->\n                      <img decoding=\"async\" width=\"1080\" height=\"1080\" data-src=\"https:\/\/caimed.de\/wp-content\/uploads\/2023\/11\/Prof.-Dr.-Yang-Li-HZI.png\" class=\"wp-image-4848 style-2557-image style-local-5795-c5-image lazyload\" alt=\"\" data-srcset=\"https:\/\/caimed.de\/wp-content\/uploads\/2023\/11\/Prof.-Dr.-Yang-Li-HZI.png 1080w, https:\/\/caimed.de\/wp-content\/uploads\/2023\/11\/Prof.-Dr.-Yang-Li-HZI-768x768.png 768w, https:\/\/caimed.de\/wp-content\/uploads\/2023\/11\/Prof.-Dr.-Yang-Li-HZI-12x12.png 12w\" data-sizes=\"(max-width: 1080px) 100vw, 1080px\" src=\"data:image\/svg+xml;base64,PHN2ZyB3aWR0aD0iMSIgaGVpZ2h0PSIxIiB4bWxucz0iaHR0cDovL3d3dy53My5vcmcvMjAwMC9zdmciPjwvc3ZnPg==\" style=\"--smush-placeholder-width: 1080px; --smush-placeholder-aspect-ratio: 1080\/1080;\" \/>\n                      <div class=\"h-image__frame h-hide-lg h-hide-md h-hide-sm style-2557-frameImage style-local-5795-c5-frameImage\"><\/div>\n                    <\/div>\n                  <\/div>\n                <\/div>\n              <\/div>\n            <\/div>\n          <\/div>\n          <div class=\"h-column h-column-container d-flex h-col-lg h-col-md-auto h-col-auto style-2558-outer style-local-5795-c6-outer\">\n            <div data-colibri-id=\"5795-c6\" class=\"d-flex h-flex-basis h-column__inner h-px-lg-0 h-px-md-0 h-px-0 v-inner-lg-0 v-inner-md-0 v-inner-0 style-2558 style-local-5795-c6 position-relative\">\n              <!---->\n              <!---->\n              <div class=\"w-100 h-y-container h-column__content h-column__v-align flex-basis-100 align-self-lg-start align-self-md-start align-self-start\">\n                <!---->\n                <div data-colibri-id=\"5795-c7\" class=\"h-row-container gutters-row-lg-0 gutters-row-md-0 gutters-row-0 gutters-row-v-lg-0 gutters-row-v-md-0 gutters-row-v-0 style-2559 style-local-5795-c7 position-relative\">\n                  <!---->\n                  <div class=\"h-row justify-content-lg-center justify-content-md-center justify-content-center align-items-lg-stretch align-items-md-stretch align-items-stretch gutters-col-lg-0 gutters-col-md-0 gutters-col-0 gutters-col-v-lg-0 gutters-col-v-md-0 gutters-col-v-0\">\n                    <!---->\n                    <div class=\"h-column h-column-container d-flex h-col-lg-auto h-col-md-auto h-col-auto style-2560-outer style-local-5795-c8-outer\">\n                      <div data-colibri-id=\"5795-c8\" class=\"d-flex h-flex-basis h-column__inner h-px-lg-2 h-px-md-2 h-px-2 v-inner-lg-2 v-inner-md-2 v-inner-2 style-2560 style-local-5795-c8 position-relative\">\n                        <!---->\n                        <!---->\n                        <div class=\"w-100 h-y-container h-column__content h-column__v-align flex-basis-100 align-self-lg-start align-self-md-start align-self-start\">\n                          <!---->\n                          <div data-colibri-id=\"5795-c9\" class=\"style-2561 style-local-5795-c9 position-relative h-element\">\n                            <!---->\n                          <\/div>\n                        <\/div>\n                      <\/div>\n                    <\/div>\n                    <div class=\"h-column h-column-container d-flex h-col-lg-auto h-col-md-auto h-col-auto style-2562-outer style-local-5795-c10-outer\">\n                      <div data-colibri-id=\"5795-c10\" class=\"d-flex h-flex-basis h-column__inner h-px-lg-0 h-px-md-0 h-px-0 v-inner-lg-0 v-inner-md-0 v-inner-0 style-2562 style-local-5795-c10 position-relative\">\n                        <!---->\n                        <!---->\n                        <div class=\"w-100 h-y-container h-column__content h-column__v-align flex-basis-100 align-self-lg-start align-self-md-start align-self-start\">\n                          <!---->\n                          <div data-colibri-id=\"5795-c11\" class=\"h-global-transition-all h-heading style-2563 style-local-5795-c11 position-relative h-element\">\n                            <!---->\n                            <div class=\"h-heading__outer style-2563 style-local-5795-c11\">\n                              <!---->\n                              <!---->\n                              <h1 class=\"\">Prof. Dr. Yang Li<\/h1>\n                            <\/div>\n                          <\/div>\n                        <\/div>\n                      <\/div>\n                    <\/div>\n                  <\/div>\n                <\/div>\n                <div data-colibri-id=\"5795-c12\" class=\"h-text h-text-component style-2564 style-local-5795-c12 position-relative h-element\">\n                  <!---->\n                  <!---->\n                  <div class=\"\">\n                    <p>Leiterin Abteilung <em>Bioinformatik der Individualisierten Medizin<\/em>, Helmholtz-Zentrum f\u00fcr Infektionsforschung (HZI) \/ Zentrum f\u00fcr Individualisierte Infektionsmedizin (CiiM)<\/p>\n                  <\/div>\n                <\/div>\n                <div data-colibri-id=\"5795-c17\" class=\"h-row-container gutters-row-lg-0 gutters-row-md-0 gutters-row-0 gutters-row-v-lg-1 gutters-row-v-md-1 gutters-row-v-1 style-2568 style-local-5795-c17 position-relative\">\n                  <!---->\n                  <div class=\"h-row justify-content-lg-start justify-content-md-start justify-content-start align-items-lg-stretch align-items-md-stretch align-items-stretch gutters-col-lg-0 gutters-col-md-0 gutters-col-0 gutters-col-v-lg-1 gutters-col-v-md-1 gutters-col-v-1\">\n                    <!---->\n                    <div class=\"h-column h-column-container d-flex h-col-lg-6 h-col-md-6 h-col-12 style-2569-outer style-local-5795-c18-outer\">\n                      <div data-colibri-id=\"5795-c18\" class=\"d-flex h-flex-basis h-column__inner h-px-lg-0 h-px-md-0 h-px-0 v-inner-lg-0 v-inner-md-0 v-inner-0 style-2569 style-local-5795-c18 position-relative\">\n                        <!---->\n                        <!---->\n                        <div class=\"w-100 h-y-container h-column__content h-column__v-align flex-basis-100 align-self-lg-start align-self-md-start align-self-center\">\n                          <!---->\n                          <div data-colibri-id=\"5795-c19\" class=\"h-global-transition-all h-heading style-2570 style-local-5795-c19 position-relative h-element\">\n                            <!---->\n                            <div class=\"h-heading__outer style-2570 style-local-5795-c19\">\n                              <!---->\n                              <!---->\n                              <h6 class=\"\">Email<\/h6>\n                            <\/div>\n                          <\/div>\n                          <div data-colibri-id=\"5795-c20\" class=\"h-x-container style-2571 style-local-5795-c20 position-relative h-element\">\n                            <!---->\n                            <div class=\"h-x-container-inner style-dynamic-5795-c20-group style-2571-spacing style-local-5795-c20-spacing\"><span class=\"h-link__outer style-2572-outer style-local-5795-c21-outer d-inline-flex h-element\"><a h-use-smooth-scroll=\"true\" href=\"mailto:Yang.Li@helmholtz-hzi.de\"  data-colibri-id=\"5795-c21\" class=\"d-flex w-100 align-items-center h-link style-2572 style-local-5795-c21 position-relative\"><!----><span  class=\"h-svg-icon h-link__icon style-2572-icon style-local-5795-c21-icon\"><!--Icon by Ionicons (https:\/\/ionicons.com)--><svg version=\"1.1\" xmlns=\"http:\/\/www.w3.org\/2000\/svg\" xmlns:xlink=\"http:\/\/www.w3.org\/1999\/xlink\" id=\"ios-email-outline\" viewbox=\"0 0 384 512\"><path d=\"M0 128h384v256H0V128zm192 140l163-124H29zM16 368h352V154l-115 88 68 77-2 2-79-70-48 37-48-37-79 70-2-2 68-77-115-88v214z\"><\/path><\/svg><\/span>                              <span>yang.li@helmholtz-hzi.de<\/span><\/a>\n                              <\/span>\n                            <\/div>\n                          <\/div>\n                        <\/div>\n                      <\/div>\n                    <\/div>\n                    <div class=\"h-column h-column-container d-flex h-col-lg-6 h-col-md-6 h-col-12 style-2569-outer style-local-5795-c22-outer\">\n                      <div data-colibri-id=\"5795-c22\" class=\"d-flex h-flex-basis h-column__inner h-px-lg-0 h-px-md-0 h-px-0 v-inner-lg-0 v-inner-md-0 v-inner-0 style-2569 style-local-5795-c22 position-relative\">\n                        <!---->\n                        <!---->\n                        <div class=\"w-100 h-y-container h-column__content h-column__v-align flex-basis-100 align-self-lg-start align-self-md-start align-self-center\">\n                          <!---->\n                          <div data-colibri-id=\"5795-c23\" class=\"h-global-transition-all h-heading style-2570 style-local-5795-c23 position-relative h-element\">\n                            <!---->\n                            <div class=\"h-heading__outer style-2570 style-local-5795-c23\">\n                              <!---->\n                              <!---->\n                              <h6 class=\"\">Address<\/h6>\n                            <\/div>\n                          <\/div>\n                          <div data-colibri-id=\"5795-c24\" class=\"h-row-container gutters-row-lg-0 gutters-row-md-0 gutters-row-0 gutters-row-v-lg-0 gutters-row-v-md-0 gutters-row-v-0 style-2573 style-local-5795-c24 position-relative\">\n                            <!---->\n                            <div class=\"h-row justify-content-lg-start justify-content-md-start justify-content-center align-items-lg-stretch align-items-md-stretch align-items-stretch gutters-col-lg-0 gutters-col-md-0 gutters-col-0 gutters-col-v-lg-0 gutters-col-v-md-0 gutters-col-v-0\">\n                              <!---->\n                              <div class=\"h-column h-column-container d-flex h-col-lg-auto h-col-md-auto h-col-auto style-2574-outer style-local-5795-c25-outer\">\n                                <div data-colibri-id=\"5795-c25\" class=\"d-flex h-flex-basis h-column__inner h-px-lg-0 h-px-md-0 h-px-0 v-inner-lg-0 v-inner-md-0 v-inner-0 style-2574 style-local-5795-c25 position-relative\">\n                                  <!---->\n                                  <!---->\n                                  <div class=\"w-100 h-y-container h-column__content h-column__v-align flex-basis-100 align-self-lg-start align-self-md-start align-self-start\">\n                                    <!---->\n                                    <div data-colibri-id=\"5795-c26\" class=\"h-icon style-2575 style-local-5795-c26 position-relative h-element\">\n                                      <!----><span class=\"h-svg-icon h-icon__icon style-2575-icon style-local-5795-c26-icon\"><!--Icon by Ionicons (https:\/\/ionicons.com)--><svg version=\"1.1\" xmlns=\"http:\/\/www.w3.org\/2000\/svg\" xmlns:xlink=\"http:\/\/www.w3.org\/1999\/xlink\" id=\"ios-location-outline\" viewbox=\"0 0 288 512\"><path d=\"M144 48c-34 0-67 13-91 37s-37 57-37 91c0 43 24 107 70 186 22 38 44 72 58 91 14-19 36-53 58-91 46-79 70-143 70-186 0-34-13-67-37-91s-57-37-91-37zm0-16c80 0 144 64 144 144 0 112-144 304-144 304S0 288 0 176C0 96 64 32 144 32zm0 80c35 0 64 29 64 64s-29 64-64 64-64-29-64-64 29-64 64-64zm0 111c26 0 47-21 47-47s-21-47-47-47-47 21-47 47 21 47 47 47z\"><\/path><\/svg><\/span><\/div>\n                                  <\/div>\n                                <\/div>\n                              <\/div>\n                              <div class=\"h-column h-column-container d-flex h-col-lg-auto h-col-md-auto h-col-auto style-2576-outer style-local-5795-c27-outer\">\n                                <div data-colibri-id=\"5795-c27\" class=\"d-flex h-flex-basis h-column__inner h-px-lg-0 h-px-md-0 h-px-0 v-inner-lg-0 v-inner-md-0 v-inner-0 style-2576 style-local-5795-c27 position-relative\">\n                                  <!---->\n                                  <!---->\n                                  <div class=\"w-100 h-y-container h-column__content h-column__v-align flex-basis-100 align-self-lg-start align-self-md-start align-self-center\">\n                                    <!---->\n                                    <div data-colibri-id=\"5795-c28\" class=\"h-text h-text-component style-2577 style-local-5795-c28 position-relative h-element\">\n                                      <!---->\n                                      <!---->\n                                      <div class=\"\">\n                                        <p>Inhoffenstra\u00dfe 7\n                                          <br>38124 Braunschweig<\/p>\n                                      <\/div>\n                                    <\/div>\n                                  <\/div>\n                                <\/div>\n                              <\/div>\n                            <\/div>\n                          <\/div>\n                        <\/div>\n                      <\/div>\n                    <\/div>\n                    <div class=\"h-column h-column-container d-flex h-col-lg-6 h-col-md-6 h-col-12 style-2569-outer style-local-5795-c29-outer\">\n                      <div data-colibri-id=\"5795-c29\" class=\"d-flex h-flex-basis h-column__inner h-px-lg-0 h-px-md-0 h-px-0 v-inner-lg-0 v-inner-md-0 v-inner-0 style-2569 style-local-5795-c29 position-relative\">\n                        <!---->\n                        <!---->\n                        <div class=\"w-100 h-y-container h-column__content h-column__v-align flex-basis-100 align-self-lg-start align-self-md-start align-self-center\">\n                          <!---->\n                          <div data-colibri-id=\"5795-c30\" class=\"h-global-transition-all h-heading style-2570 style-local-5795-c30 position-relative h-element\">\n                            <!---->\n                            <div class=\"h-heading__outer style-2570 style-local-5795-c30\">\n                              <!---->\n                              <!---->\n                              <h6 class=\"\">Phone<\/h6>\n                            <\/div>\n                          <\/div>\n                          <div data-colibri-id=\"5795-c31\" class=\"h-x-container style-2578 style-local-5795-c31 position-relative h-element\">\n                            <!---->\n                            <div class=\"h-x-container-inner style-dynamic-5795-c31-group style-2578-spacing style-local-5795-c31-spacing\"><span class=\"h-link__outer style-2572-outer style-local-5795-c32-outer d-inline-flex h-element\"><a h-use-smooth-scroll=\"true\" href=\"tel:+4951176217716\"  data-colibri-id=\"5795-c32\" class=\"d-flex w-100 align-items-center h-link style-2572 style-local-5795-c32 position-relative\"><!----><span  class=\"h-svg-icon h-link__icon style-2572-icon style-local-5795-c32-icon\"><!--Icon by Ionicons (https:\/\/ionicons.com)--><svg version=\"1.1\" xmlns=\"http:\/\/www.w3.org\/2000\/svg\" xmlns:xlink=\"http:\/\/www.w3.org\/1999\/xlink\" id=\"ios-telephone-outline\" viewbox=\"0 0 352.0607 512\"><path d=\"M336.06 336c16 16 26 35 0 66-25 30-42 30-64 30-24 0-58-14-93-40-32-23-46-34-78-67-34-35-55-64-79-107-27-50-24-74-18-92 4-12 14-24 28-33l1-1c6-4 18-12 32-12 13 0 24 6 34 18l1 1c11 14 24 31 32 47 10 21 10 38-1 53-9 12-12 19-12 23s5 9 13 18l1 1c16 18 20 23 26 29 1 1 3 2 4 3l2 2c7 7 11 12 29 28l1 1c7 6 9 8 12 8 5 0 16-7 29-15 4-3 11-5 17-5 27 0 68 29 83 44zm-12 55c19-22 13-31 1-43-13-14-50-39-72-39-3 0-6 1-8 2-19 12-28 18-37 18s-15-6-23-13h-1c-19-16-23-21-30-29l-2-2c-1-1-3-2-4-3-6-6-11-12-27-30v-1c-10-11-17-18-18-28s5-20 16-34c15-20-5-48-31-79l-1-1c-7-8-14-12-22-12-10 0-18 6-23 9-1 0-2 1-2 1-11 7-18 16-21 24-5 16-7 35 17 79 23 42 43 70 76 104 31 32 45 42 76 64 32 23 64 38 84 38 21 0 32-1 52-25z\"><\/path><\/svg><\/span>                              <span>+49 511 22002 7200<\/span><\/a>\n                              <\/span>\n                            <\/div>\n                          <\/div>\n                        <\/div>\n                      <\/div>\n                    <\/div>\n                  <\/div>\n                <\/div>\n                <div data-colibri-id=\"5795-c16\" class=\"style-2567 style-local-5795-c16 position-relative h-element\">\n                  <!---->\n                <\/div>\n                <div data-colibri-id=\"5795-c13\" class=\"h-x-container style-2565 style-local-5795-c13 position-relative h-element\">\n                  <!---->\n                  <div class=\"h-x-container-inner style-dynamic-5795-c13-group style-2565-spacing style-local-5795-c13-spacing\"><span class=\"h-button__outer style-2566-outer style-local-5795-c14-outer d-inline-flex h-element\"><a h-use-smooth-scroll=\"true\" href=\"https:\/\/caimed.de\/en\/forschung\/ki-semantik\/ki-bioinformatik\/\"  data-colibri-id=\"5795-c14\" class=\"d-flex w-100 align-items-center h-button justify-content-lg-center justify-content-md-center justify-content-center style-2566 style-local-5795-c14 position-relative\"><!----><!----> <span>AI &amp; Bioinformatics Group<\/span><\/a>\n                    <\/span><span class=\"h-button__outer style-2566-outer style-local-5795-c15-outer d-inline-flex h-element\"><a h-use-smooth-scroll=\"true\" href=\"https:\/\/www.helmholtz-hzi.de\/de\/forschung\/forschungsschwerpunkte\/immunantwort-und-interventionen\/bioinformatik-der-individualisierten-medizin\/yang-li\/\" target=\"_blank\" rel=\"nofollow noopener\" data-colibri-id=\"5795-c15\" class=\"d-flex w-100 align-items-center h-button justify-content-lg-center justify-content-md-center justify-content-center style-2566 style-local-5795-c15 position-relative\"><!----><!----> <span>Helmholtz Centre for Infection Research<\/span><\/a>\n                    <\/span>\n                  <\/div>\n                <\/div>\n                <div data-colibri-id=\"5795-c33\" class=\"style-2579 style-local-5795-c33 position-relative h-element\">\n                  <!---->\n                <\/div>\n                <div data-colibri-id=\"5795-c34\" class=\"h-text h-text-component style-2580 style-local-5795-c34 position-relative h-element\">\n                  <!---->\n                  <!---->\n                  <div class=\"\">\n                    <p>Lorem ipsum dolor sit amet, consetetur sadipscing elitr, sed diam nonumy eirmod tempor invidunt ut labore et dolore magna aliquyam erat, sed diam voluptua. At vero eos et accusam et justo duo dolores et ea rebum. Stet clita kasd gubergren,\n                      no sea takimata sanctus est Lorem ipsum dolor sit amet. Lorem ipsum dolor sit amet, consetetur sadipscing elitr, sed diam nonumy eirmod tempor invidunt ut labore et dolore magna aliquyam erat, sed diam voluptua. At vero eos et accusam\n                      et justo duo dolores et ea rebum. Stet clita kasd gubergren, no sea takimata sanctus est Lorem ipsum dolor sit amet.<\/p>\n                  <\/div>\n                <\/div>\n                <div data-colibri-id=\"5795-c35\" class=\"style-2567 style-local-5795-c35 position-relative h-element\">\n                  <!---->\n                <\/div>\n                <div data-colibri-id=\"5795-c36\" class=\"h-row-container gutters-row-lg-0 gutters-row-md-0 gutters-row-0 gutters-row-v-lg-0 gutters-row-v-md-0 gutters-row-v-0 style-2581 style-local-5795-c36 position-relative\">\n                  <!---->\n                  <div class=\"h-row justify-content-lg-center justify-content-md-center justify-content-center align-items-lg-stretch align-items-md-stretch align-items-stretch gutters-col-lg-0 gutters-col-md-0 gutters-col-0 gutters-col-v-lg-0 gutters-col-v-md-0 gutters-col-v-0\">\n                    <!---->\n                    <div class=\"h-column h-column-container d-flex h-col-lg-auto h-col-md-auto h-col-auto style-2582-outer style-local-5795-c37-outer\">\n                      <div data-colibri-id=\"5795-c37\" class=\"d-flex h-flex-basis h-column__inner h-ui-empty-state-container h-px-lg-0 h-px-md-0 h-px-0 v-inner-lg-0 v-inner-md-0 v-inner-0 style-2582 style-local-5795-c37 position-relative\">\n                        <!---->\n                        <!---->\n                        <div class=\"w-100 h-y-container h-column__content h-column__v-align flex-basis-100\">\n                          <!---->\n                        <\/div>\n                      <\/div>\n                    <\/div>\n                    <div class=\"h-column h-column-container d-flex h-col-lg h-col-md h-col-auto style-2583-outer style-local-5795-c38-outer\">\n                      <div data-colibri-id=\"5795-c38\" class=\"d-flex h-flex-basis h-column__inner h-px-lg-0 h-px-md-0 h-px-0 v-inner-lg-0 v-inner-md-0 v-inner-0 style-2583 style-local-5795-c38 position-relative\">\n                        <!---->\n                        <!---->\n                        <div class=\"w-100 h-y-container h-column__content h-column__v-align flex-basis-100 align-self-lg-start align-self-md-start align-self-start\">\n                          <!---->\n                          <div data-colibri-id=\"5795-c39\" class=\"h-text h-text-component style-2584 style-local-5795-c39 position-relative h-element\">\n                            <!---->\n                            <!---->\n                            <div class=\"\">\n                              <p>&#8222;Lorem ipsum dolor sit amet, consetetur sadipscing elitr, sed diam nonumy eirmod tempor invidunt ut labore et dolore magna aliquyam erat, sed diam voluptua. At vero eos et accusam et justo duo dolores et ea rebum. Lorem ipsum\n                                dolor sit amet, consetetur sadipscing elitr, sed diam nonumy eirmod tempor invidunt ut labore et dolore magna aliquyam erat, sed diam voluptua.&#8220;<\/p>\n                            <\/div>\n                          <\/div>\n                        <\/div>\n                      <\/div>\n                    <\/div>\n                  <\/div>\n                <\/div>\n              <\/div>\n            <\/div>\n          <\/div>\n        <\/div>\n      <\/div>\n    <\/div>\n  <\/div>\n<\/div>","protected":false},"excerpt":{"rendered":"<p>Prof. Dr. Yang Li Leiterin Abteilung Bioinformatik der Individualisierten Medizin, Helmholtz-Zentrum f\u00fcr Infektionsforschung (HZI) \/ Zentrum f\u00fcr Individualisierte Infektionsmedizin (CiiM) E-Mail yang.li@helmholtz-hzi.de Adresse Inhoffenstra\u00dfe 7 38124 Braunschweig Telefon +49 511 22002 7200 Gruppe KI &amp; Bioinformatik Helmholtz-Zentrum f\u00fcr Infektionsforschung Lorem ipsum dolor sit amet, consetetur sadipscing elitr, sed diam nonumy eirmod tempor invidunt ut labore [&hellip;]<\/p>","protected":false},"author":4,"featured_media":0,"parent":1915,"menu_order":0,"comment_status":"closed","ping_status":"closed","template":"page-templates\/full-width-page.php","meta":{"footnotes":""},"class_list":["post-5795","page","type-page","status-publish","hentry"],"_links":{"self":[{"href":"https:\/\/caimed.de\/en\/wp-json\/wp\/v2\/pages\/5795","targetHints":{"allow":["GET"]}}],"collection":[{"href":"https:\/\/caimed.de\/en\/wp-json\/wp\/v2\/pages"}],"about":[{"href":"https:\/\/caimed.de\/en\/wp-json\/wp\/v2\/types\/page"}],"author":[{"embeddable":true,"href":"https:\/\/caimed.de\/en\/wp-json\/wp\/v2\/users\/4"}],"replies":[{"embeddable":true,"href":"https:\/\/caimed.de\/en\/wp-json\/wp\/v2\/comments?post=5795"}],"version-history":[{"count":3,"href":"https:\/\/caimed.de\/en\/wp-json\/wp\/v2\/pages\/5795\/revisions"}],"predecessor-version":[{"id":5871,"href":"https:\/\/caimed.de\/en\/wp-json\/wp\/v2\/pages\/5795\/revisions\/5871"}],"up":[{"embeddable":true,"href":"https:\/\/caimed.de\/en\/wp-json\/wp\/v2\/pages\/1915"}],"wp:attachment":[{"href":"https:\/\/caimed.de\/en\/wp-json\/wp\/v2\/media?parent=5795"}],"curies":[{"name":"wp","href":"https:\/\/api.w.org\/{rel}","templated":true}]}}