{"id":5253,"date":"2023-12-04T12:23:33","date_gmt":"2023-12-04T12:23:33","guid":{"rendered":"https:\/\/caimed.de\/?page_id=5253"},"modified":"2026-04-09T16:31:12","modified_gmt":"2026-04-09T14:31:12","slug":"karriere","status":"publish","type":"page","link":"https:\/\/caimed.de\/en\/das-zentrum\/karriere\/","title":{"rendered":"Career"},"content":{"rendered":"<div data-colibri-id=\"5253-c1\" class=\"style-2346 style-local-5253-c1 position-relative\">\n  <!---->\n  <div data-colibri-component=\"section\" data-colibri-id=\"5253-c2\" id=\"karriere\" class=\"h-section h-section-global-spacing d-flex align-items-lg-center align-items-md-center align-items-center style-2347 style-local-5253-c2 position-relative\">\n    <!---->\n    <!---->\n    <div class=\"h-section-grid-container h-section-boxed-container\">\n      <!---->\n      <div data-colibri-id=\"5253-c3\" class=\"h-row-container gutters-row-lg-0 gutters-row-md-0 gutters-row-2 gutters-row-v-lg-0 gutters-row-v-md-0 gutters-row-v-2 style-2348 style-local-5253-c3 position-relative\">\n        <!---->\n        <div class=\"h-row justify-content-lg-center justify-content-md-center justify-content-center align-items-lg-stretch align-items-md-stretch align-items-stretch gutters-col-lg-0 gutters-col-md-0 gutters-col-2 gutters-col-v-lg-0 gutters-col-v-md-0 gutters-col-v-2\">\n          <!---->\n          <div class=\"h-column h-column-container d-flex h-col-lg-auto h-col-md-auto h-col-auto style-5586-outer style-local-5253-c4-outer\">\n            <div data-colibri-id=\"5253-c4\" class=\"d-flex h-flex-basis h-column__inner h-px-lg-0 h-px-md-0 h-px-0 v-inner-lg-0 v-inner-md-0 v-inner-0 style-5586 style-local-5253-c4 position-relative\">\n              <!---->\n              <!---->\n              <div class=\"w-100 h-y-container h-column__content h-column__v-align flex-basis-100 align-self-lg-start align-self-md-start align-self-start\">\n                <!---->\n                <div data-colibri-id=\"5253-c5\" class=\"style-5581 style-local-5253-c5 position-relative h-element\">\n                  <!---->\n                  <div class=\"h-global-transition-all\"><div id='colibri-5253-c5' class='breadcrumb-wrapper'>    <style type=\"text\/css\">\n        \/* breadcrumb separator symbol *\/\n\n        #colibri-5253-c5        .colibri-breadcrumb > li + li:before {\n            content: \"|\";\n            white-space: pre;\n        }\n    <\/style>\n\n    \n    <div class=\"colibri-5253-c5-dls-wrapper breadcrumb-items__wrapper\">\n                <ol class=\"breadcrumb colibri-breadcrumb\"><li class=\"breadcrumb-item\"><a href=\"https:\/\/caimed.de\/en\/\">Home<\/a><\/li><li class=\"breadcrumb-item\"><a href=\"https:\/\/caimed.de\/en\/das-zentrum\/\">The Center<\/a><\/li><\/ol>    <\/div>\n    <\/div><\/div>\n                <\/div>\n              <\/div>\n            <\/div>\n          <\/div>\n          <div class=\"h-column h-column-container d-flex h-col-lg-auto h-col-md-auto h-col-auto style-2349-outer style-local-5253-c6-outer\">\n            <div data-colibri-id=\"5253-c6\" class=\"d-flex h-flex-basis h-column__inner h-px-lg-0 h-px-md-0 h-px-0 v-inner-lg-0 v-inner-md-0 v-inner-0 style-2349 style-local-5253-c6 position-relative\">\n              <!---->\n              <!---->\n              <div class=\"w-100 h-y-container h-column__content h-column__v-align flex-basis-100 align-self-lg-start align-self-md-start align-self-start\">\n                <!---->\n                <div data-colibri-id=\"5253-c7\" class=\"style-2350 style-local-5253-c7 position-relative h-element\">\n                  <!---->\n                <\/div>\n              <\/div>\n            <\/div>\n          <\/div>\n          <div class=\"h-column h-column-container d-flex h-col-lg-auto h-col-md-auto h-col-auto style-2351-outer style-local-5253-c8-outer\">\n            <div data-colibri-id=\"5253-c8\" class=\"d-flex h-flex-basis h-column__inner h-px-lg-0 h-px-md-0 h-px-0 v-inner-lg-0 v-inner-md-0 v-inner-0 style-2351 style-local-5253-c8 position-relative\">\n              <!---->\n              <!---->\n              <div class=\"w-100 h-y-container h-column__content h-column__v-align flex-basis-100 align-self-lg-start align-self-md-start align-self-start\">\n                <!---->\n                <div data-colibri-id=\"5253-c9\" class=\"h-global-transition-all h-heading style-2352 style-local-5253-c9 position-relative h-element\">\n                  <!---->\n                  <div class=\"h-heading__outer style-2352 style-local-5253-c9\">\n                    <!---->\n                    <!---->\n                    <h1 class=\"\">Career<\/h1>\n                  <\/div>\n                <\/div>\n              <\/div>\n            <\/div>\n          <\/div>\n        <\/div>\n      <\/div>\n      <div data-colibri-id=\"5253-c10\" class=\"h-row-container gutters-row-lg-2 gutters-row-md-0 gutters-row-2 gutters-row-v-lg-0 gutters-row-v-md-0 gutters-row-v-2 style-2353 style-local-5253-c10 position-relative\">\n        <!---->\n        <div class=\"h-row justify-content-lg-center justify-content-md-center justify-content-center align-items-lg-stretch align-items-md-stretch align-items-stretch gutters-col-lg-2 gutters-col-md-0 gutters-col-2 gutters-col-v-lg-0 gutters-col-v-md-0 gutters-col-v-2\">\n          <!---->\n          <div class=\"h-column h-column-container d-flex h-col-lg h-col-md-auto h-col-auto style-2354-outer style-local-5253-c11-outer\">\n            <div data-colibri-id=\"5253-c11\" class=\"d-flex h-flex-basis h-column__inner h-px-lg-0 h-px-md-0 h-px-0 v-inner-lg-0 v-inner-md-0 v-inner-0 style-2354 style-local-5253-c11 position-relative\">\n              <!---->\n              <!---->\n              <div class=\"w-100 h-y-container h-column__content h-column__v-align flex-basis-100 align-self-lg-start align-self-md-start align-self-start\">\n                <!---->\n                <div data-colibri-id=\"5253-c12\" class=\"h-text h-text-component style-2355 style-local-5253-c12 position-relative h-element\">\n                  <!---->\n                  <!---->\n                  <div class=\"\">\n                    <p>CAIMed is the Lower Saxony Research Center for Artificial Intelligence and Causal Methods in Medicine. We offer positions for doctoral students, postdocs and professors who want to conduct research and develop innovative methods at the interface between AI and personalized medicine at the\n                      <a href=\"https:\/\/caimed.de\/en\/das-zentrum\/#standorte\">CAIMed locations&nbsp;<\/a>in Lower Saxony.<\/p>\n                    <p>In international teams, we conduct cutting-edge research for improved, personalized healthcare and thus contribute to overcoming widespread diseases such as cancer, cardiovascular diseases and infections.<\/p>\n                    <p>Become part of CAIMed and work at a unique research center for AI and personalized medicine!<\/p>\n                  <\/div>\n                <\/div>\n              <\/div>\n            <\/div>\n          <\/div>\n          <div class=\"h-column h-column-container d-flex h-col-lg-auto h-col-md-auto h-col-auto style-2356-outer style-local-5253-c13-outer\">\n            <div data-colibri-id=\"5253-c13\" class=\"d-flex h-flex-basis h-column__inner h-px-lg-0 h-px-md-0 h-px-0 v-inner-lg-0 v-inner-md-0 v-inner-0 style-2356 style-local-5253-c13 position-relative\">\n              <!---->\n              <!---->\n              <div class=\"w-100 h-y-container h-column__content h-column__v-align flex-basis-auto align-self-lg-start align-self-md-start align-self-start\">\n                <!---->\n                <div data-colibri-id=\"5253-c14\" class=\"d-block style-2370 style-local-5253-c14 position-relative h-element\">\n                  <!---->\n                  <div class=\"h-image__frame-container-outer\">\n                    <div class=\"h-image__frame-container\">\n                      <!---->\n                      <!---->\n                      <img decoding=\"async\" width=\"500\" height=\"500\" data-src=\"https:\/\/caimed.de\/wp-content\/uploads\/2023\/12\/Job-interview-c-89Stocker-via-canva.com_.png\" class=\"wp-image-5284 style-2370-image style-local-5253-c14-image lazyload\" alt=\"\" data-srcset=\"https:\/\/caimed.de\/wp-content\/uploads\/2023\/12\/Job-interview-c-89Stocker-via-canva.com_.png 500w, https:\/\/caimed.de\/wp-content\/uploads\/2023\/12\/Job-interview-c-89Stocker-via-canva.com_-12x12.png 12w\" data-sizes=\"(max-width: 500px) 100vw, 500px\" src=\"data:image\/svg+xml;base64,PHN2ZyB3aWR0aD0iMSIgaGVpZ2h0PSIxIiB4bWxucz0iaHR0cDovL3d3dy53My5vcmcvMjAwMC9zdmciPjwvc3ZnPg==\" style=\"--smush-placeholder-width: 500px; --smush-placeholder-aspect-ratio: 500\/500;\" \/>\n                      <div class=\"h-image__frame h-hide-lg h-hide-md h-hide-sm style-2370-frameImage style-local-5253-c14-frameImage\"><\/div>\n                    <\/div>\n                  <\/div>\n                <\/div>\n              <\/div>\n            <\/div>\n          <\/div>\n        <\/div>\n      <\/div>\n    <\/div>\n  <\/div>\n  <div data-colibri-component=\"section\" data-colibri-id=\"5253-c15\" id=\"ausschreibungen\" class=\"h-section h-section-global-spacing d-flex align-items-lg-center align-items-md-center align-items-center style-2384 style-local-5253-c15 position-relative\">\n    <!---->\n    <!---->\n    <div class=\"h-section-grid-container h-section-boxed-container\">\n      <!---->\n      <div data-colibri-id=\"5253-c16\" class=\"h-row-container gutters-row-lg-2 gutters-row-md-2 gutters-row-0 gutters-row-v-lg-0 gutters-row-v-md-0 gutters-row-v-0 style-2389 style-local-5253-c16 position-relative\">\n        <!---->\n        <div class=\"h-row justify-content-lg-center justify-content-md-center justify-content-center align-items-lg-stretch align-items-md-stretch align-items-stretch gutters-col-lg-2 gutters-col-md-2 gutters-col-0 gutters-col-v-lg-0 gutters-col-v-md-0 gutters-col-v-0\">\n          <!---->\n          <div class=\"h-column h-column-container d-flex h-col-lg-auto h-col-md-auto h-col-auto style-2390-outer style-local-5253-c17-outer\">\n            <div data-colibri-id=\"5253-c17\" class=\"d-flex h-flex-basis h-column__inner h-px-lg-0 h-px-md-0 h-px-0 v-inner-lg-0 v-inner-md-0 v-inner-0 style-2390 style-local-5253-c17 position-relative\">\n              <!---->\n              <!---->\n              <div class=\"w-100 h-y-container h-column__content h-column__v-align flex-basis-100 align-self-lg-start align-self-md-start align-self-start\">\n                <!---->\n                <div data-colibri-id=\"5253-c18\" class=\"h-global-transition-all h-heading style-2391 style-local-5253-c18 position-relative h-element\">\n                  <!---->\n                  <div class=\"h-heading__outer style-2391 style-local-5253-c18\">\n                    <!---->\n                    <!---->\n                    <h3 class=\"\">Current offers<\/h3>\n                  <\/div>\n                <\/div>\n                <div data-colibri-id=\"5253-c19\" class=\"style-2393 style-local-5253-c19 position-relative h-element\">\n                  <!---->\n                <\/div>\n              <\/div>\n            <\/div>\n          <\/div>\n        <\/div>\n      <\/div>\n      <div data-colibri-id=\"5253-c20\" class=\"h-row-container gutters-row-lg-2 gutters-row-md-2 gutters-row-0 gutters-row-v-lg-0 gutters-row-v-md-0 gutters-row-v-0 style-2398 style-local-5253-c20 position-relative\">\n        <!---->\n        <div class=\"h-row justify-content-lg-center justify-content-md-center justify-content-center align-items-lg-stretch align-items-md-stretch align-items-stretch gutters-col-lg-2 gutters-col-md-2 gutters-col-0 gutters-col-v-lg-0 gutters-col-v-md-0 gutters-col-v-0\">\n          <!---->\n          <div class=\"h-column h-column-container d-flex h-col-lg-auto h-col-md-auto h-col-auto style-2399-outer style-local-5253-c21-outer\">\n            <div data-colibri-id=\"5253-c21\" class=\"d-flex h-flex-basis h-column__inner h-px-lg-0 h-px-md-0 h-px-0 v-inner-lg-0 v-inner-md-0 v-inner-0 style-2399 style-local-5253-c21 position-relative\">\n              <!---->\n              <!---->\n              <div class=\"w-100 h-y-container h-column__content h-column__v-align flex-basis-100 align-self-lg-start align-self-md-start align-self-start\">\n                <!---->\n                <div data-colibri-id=\"5253-c22\" class=\"h-global-transition-all h-heading style-2392 style-local-5253-c22 position-relative h-element\">\n                  <!---->\n                  <div class=\"h-heading__outer style-2392 style-local-5253-c22\">\n                    <!---->\n                    <!---->\n                    <h4 class=\"\">Job title<\/h4>\n                  <\/div>\n                <\/div>\n              <\/div>\n            <\/div>\n          <\/div>\n          <div class=\"h-column h-column-container d-flex h-col-lg-auto h-col-md-auto h-col-auto style-2400-outer style-local-5253-c23-outer\">\n            <div data-colibri-id=\"5253-c23\" class=\"d-flex h-flex-basis h-column__inner h-px-lg-0 h-px-md-0 h-px-0 v-inner-lg-0 v-inner-md-0 v-inner-0 style-2400 style-local-5253-c23 position-relative\">\n              <!---->\n              <!---->\n              <div class=\"w-100 h-y-container h-column__content h-column__v-align flex-basis-100 align-self-lg-start align-self-md-start align-self-start\">\n                <!---->\n                <div data-colibri-id=\"5253-c24\" class=\"h-global-transition-all h-heading style-2392 style-local-5253-c24 position-relative h-element\">\n                  <!---->\n                  <div class=\"h-heading__outer style-2392 style-local-5253-c24\">\n                    <!---->\n                    <!---->\n                    <h4 class=\"\">Location<\/h4>\n                  <\/div>\n                <\/div>\n              <\/div>\n            <\/div>\n          <\/div>\n          <div class=\"h-column h-column-container d-flex h-col-lg-auto h-col-md-auto h-col-auto style-2401-outer style-local-5253-c25-outer\">\n            <div data-colibri-id=\"5253-c25\" class=\"d-flex h-flex-basis h-column__inner h-px-lg-0 h-px-md-0 h-px-0 v-inner-lg-0 v-inner-md-0 v-inner-0 style-2401 style-local-5253-c25 position-relative\">\n              <!---->\n              <!---->\n              <div class=\"w-100 h-y-container h-column__content h-column__v-align flex-basis-100 align-self-lg-start align-self-md-start align-self-start\">\n                <!---->\n                <div data-colibri-id=\"5253-c26\" class=\"h-global-transition-all h-heading style-2392 style-local-5253-c26 position-relative h-element\">\n                  <!---->\n                  <div class=\"h-heading__outer style-2392 style-local-5253-c26\">\n                    <!---->\n                    <!---->\n                    <h4 class=\"\">Institution<\/h4>\n                  <\/div>\n                <\/div>\n              <\/div>\n            <\/div>\n          <\/div>\n        <\/div>\n      <\/div>\n      <div data-colibri-id=\"5253-c27\" class=\"h-row-container gutters-row-lg-2 gutters-row-md-2 gutters-row-0 gutters-row-v-lg-0 gutters-row-v-md-0 gutters-row-v-0 style-2385 style-local-5253-c27 position-relative\">\n        <!---->\n        <div class=\"h-row justify-content-lg-center justify-content-md-center justify-content-center align-items-lg-stretch align-items-md-stretch align-items-stretch gutters-col-lg-2 gutters-col-md-2 gutters-col-0 gutters-col-v-lg-0 gutters-col-v-md-0 gutters-col-v-0\">\n          <!---->\n          <div class=\"h-column h-column-container d-flex h-col-lg-auto h-col-md-auto h-col-auto style-2386-outer style-local-5253-c28-outer\">\n            <div data-colibri-id=\"5253-c28\" class=\"d-flex h-flex-basis h-column__inner h-px-lg-0 h-px-md-0 h-px-0 v-inner-lg-0 v-inner-md-0 v-inner-0 style-2386 style-local-5253-c28 position-relative\">\n              <!---->\n              <!---->\n              <div class=\"w-100 h-y-container h-column__content h-column__v-align flex-basis-100 align-self-lg-start align-self-md-start align-self-start\">\n                <!---->\n                <div data-colibri-id=\"5253-c29\" class=\"h-x-container style-3921 style-local-5253-c29 position-relative h-element\">\n                  <!---->\n                  <div class=\"h-x-container-inner style-dynamic-5253-c29-group style-3921-spacing style-local-5253-c29-spacing\"><span class=\"h-link__outer style-3922-outer style-local-5253-c30-outer d-inline-flex h-element\"><a h-use-smooth-scroll=\"true\" href=\"\"  data-colibri-id=\"5253-c30\" class=\"d-flex w-100 align-items-center h-link style-3922 style-local-5253-c30 position-relative\"><!----><!----> <span>There are currently no vacancies.<\/span><\/a>\n                    <\/span>\n                  <\/div>\n                <\/div>\n              <\/div>\n            <\/div>\n          <\/div>\n          <div class=\"h-column h-column-container d-flex h-col-lg-auto h-col-md-auto h-col-auto style-2387-outer style-local-5253-c31-outer\">\n            <div data-colibri-id=\"5253-c31\" class=\"d-flex h-flex-basis h-column__inner h-px-lg-0 h-px-md-0 h-px-0 v-inner-lg-0 v-inner-md-0 v-inner-0 style-2387 style-local-5253-c31 position-relative\">\n              <!---->\n              <!---->\n              <div class=\"w-100 h-y-container h-column__content h-column__v-align flex-basis-100 align-self-lg-start align-self-md-start align-self-start\">\n                <!---->\n                <div data-colibri-id=\"5253-c32\" class=\"h-text h-text-component style-2408 style-local-5253-c32 position-relative h-element\">\n                  <!---->\n                  <!---->\n                  <div class=\"\"><\/div>\n                <\/div>\n              <\/div>\n            <\/div>\n          <\/div>\n          <div class=\"h-column h-column-container d-flex h-col-lg-auto h-col-md-auto h-col-auto style-2388-outer style-local-5253-c33-outer\">\n            <div data-colibri-id=\"5253-c33\" class=\"d-flex h-flex-basis h-column__inner h-px-lg-0 h-px-md-0 h-px-0 v-inner-lg-0 v-inner-md-0 v-inner-0 style-2388 style-local-5253-c33 position-relative\">\n              <!---->\n              <!---->\n              <div class=\"w-100 h-y-container h-column__content h-column__v-align flex-basis-100 align-self-lg-start align-self-md-start align-self-start\">\n                <!---->\n                <div data-colibri-id=\"5253-c34\" class=\"h-text h-text-component style-2408 style-local-5253-c34 position-relative h-element\">\n                  <!---->\n                  <!---->\n                  <div class=\"\"><\/div>\n                <\/div>\n              <\/div>\n            <\/div>\n          <\/div>\n        <\/div>\n      <\/div>\n    <\/div>\n  <\/div>\n<\/div>","protected":false},"excerpt":{"rendered":"<p>Karriere CAIMed ist das nieders\u00e4chsische Forschungszentrum f\u00fcr K\u00fcnstliche Intelligenz und kausale Methoden in der Medizin. Wir bieten Stellen f\u00fcr Doktorandinnen und Doktoranden, Postdocs sowie Professorinnen und Professoren, die an unseren nieders\u00e4chsischen Standorten&nbsp;an der Schnittstelle zwischen KI und personalisierter Medizin forschen und innovative Methoden entwickeln wollen. In internationalen Teams betreiben wir Spitzenforschung f\u00fcr eine verbesserte, personalisierte [&hellip;]<\/p>","protected":false},"author":4,"featured_media":0,"parent":1755,"menu_order":0,"comment_status":"closed","ping_status":"closed","template":"page-templates\/full-width-page.php","meta":{"footnotes":""},"class_list":["post-5253","page","type-page","status-publish","hentry"],"_links":{"self":[{"href":"https:\/\/caimed.de\/en\/wp-json\/wp\/v2\/pages\/5253","targetHints":{"allow":["GET"]}}],"collection":[{"href":"https:\/\/caimed.de\/en\/wp-json\/wp\/v2\/pages"}],"about":[{"href":"https:\/\/caimed.de\/en\/wp-json\/wp\/v2\/types\/page"}],"author":[{"embeddable":true,"href":"https:\/\/caimed.de\/en\/wp-json\/wp\/v2\/users\/4"}],"replies":[{"embeddable":true,"href":"https:\/\/caimed.de\/en\/wp-json\/wp\/v2\/comments?post=5253"}],"version-history":[{"count":20,"href":"https:\/\/caimed.de\/en\/wp-json\/wp\/v2\/pages\/5253\/revisions"}],"predecessor-version":[{"id":14802,"href":"https:\/\/caimed.de\/en\/wp-json\/wp\/v2\/pages\/5253\/revisions\/14802"}],"up":[{"embeddable":true,"href":"https:\/\/caimed.de\/en\/wp-json\/wp\/v2\/pages\/1755"}],"wp:attachment":[{"href":"https:\/\/caimed.de\/en\/wp-json\/wp\/v2\/media?parent=5253"}],"curies":[{"name":"wp","href":"https:\/\/api.w.org\/{rel}","templated":true}]}}