{"id":3145,"date":"2023-11-02T08:29:48","date_gmt":"2023-11-02T08:29:48","guid":{"rendered":"https:\/\/caimed.de\/?page_id=3145"},"modified":"2026-05-05T12:20:06","modified_gmt":"2026-05-05T10:20:06","slug":"biomedizinische-bilderkennung","status":"publish","type":"page","link":"https:\/\/caimed.de\/en\/forschung\/ki-signale\/biomedizinische-bilderkennung\/","title":{"rendered":"Biomedical Image Recognition"},"content":{"rendered":"<div data-colibri-id=\"3145-c1\" class=\"style-2292 style-local-3145-c1 position-relative\">\n  <!---->\n  <div data-colibri-component=\"section\" data-colibri-id=\"3145-c2\" id=\"reusable-sections\" class=\"h-section h-section-global-spacing d-flex align-items-lg-center align-items-md-center align-items-center style-2293 style-local-3145-c2 position-relative\">\n    <!---->\n    <!---->\n    <div class=\"h-section-grid-container h-section-boxed-container\">\n      <!---->\n      <div data-colibri-id=\"3145-c3\" class=\"h-row-container gutters-row-lg-0 gutters-row-md-0 gutters-row-2 gutters-row-v-lg-0 gutters-row-v-md-0 gutters-row-v-2 style-2294 style-local-3145-c3 position-relative\">\n        <!---->\n        <div class=\"h-row justify-content-lg-start justify-content-md-start justify-content-start align-items-lg-stretch align-items-md-stretch align-items-stretch gutters-col-lg-0 gutters-col-md-0 gutters-col-2 gutters-col-v-lg-0 gutters-col-v-md-0 gutters-col-v-2\">\n          <!---->\n          <div class=\"h-column h-column-container d-flex h-col-lg-auto h-col-md-auto h-col-auto style-2295-outer style-local-3145-c4-outer\">\n            <div data-colibri-id=\"3145-c4\" class=\"d-flex h-flex-basis h-column__inner h-px-lg-0 h-px-md-0 h-px-0 v-inner-lg-0 v-inner-md-0 v-inner-0 style-2295 style-local-3145-c4 position-relative\">\n              <!---->\n              <!---->\n              <div class=\"w-100 h-y-container h-column__content h-column__v-align flex-basis-100 align-self-lg-center align-self-md-center align-self-center\">\n                <!---->\n                <div data-colibri-id=\"3145-c5\" class=\"h-x-container style-2296 style-local-3145-c5 position-relative h-element\">\n                  <!---->\n                  <div class=\"h-x-container-inner style-dynamic-3145-c5-group style-2296-spacing style-local-3145-c5-spacing\"><span class=\"h-button__outer style-2297-outer style-local-3145-c6-outer d-inline-flex h-element\"><a h-use-smooth-scroll=\"true\" href=\"https:\/\/caimed.de\/en\/forschung\/ki-signale\/\"  data-colibri-id=\"3145-c6\" class=\"d-flex w-100 align-items-center h-button justify-content-lg-center justify-content-md-center justify-content-center style-2297 style-local-3145-c6 position-relative\"><!----><!----> <span>AI &amp; Signals<\/span><\/a>\n                    <\/span>\n                  <\/div>\n                <\/div>\n              <\/div>\n            <\/div>\n          <\/div>\n          <div class=\"h-column h-column-container d-flex h-col-lg-auto h-col-md-auto h-col-auto style-2298-outer style-local-3145-c7-outer\">\n            <div data-colibri-id=\"3145-c7\" class=\"d-flex h-flex-basis h-column__inner h-px-lg-0 h-px-md-0 h-px-0 v-inner-lg-0 v-inner-md-0 v-inner-0 style-2298 style-local-3145-c7 position-relative\">\n              <!---->\n              <!---->\n              <div class=\"w-100 h-y-container h-column__content h-column__v-align flex-basis-100 align-self-lg-start align-self-md-start align-self-start\">\n                <!---->\n                <div data-colibri-id=\"3145-c8\" class=\"style-2299 style-local-3145-c8 position-relative h-element\">\n                  <!---->\n                <\/div>\n              <\/div>\n            <\/div>\n          <\/div>\n          <div class=\"h-column h-column-container d-flex h-col-lg-auto h-col-md-auto h-col-auto style-2300-outer style-local-3145-c9-outer\">\n            <div data-colibri-id=\"3145-c9\" class=\"d-flex h-flex-basis h-column__inner h-px-lg-0 h-px-md-0 h-px-0 v-inner-lg-0 v-inner-md-0 v-inner-0 style-2300 style-local-3145-c9 position-relative\">\n              <!---->\n              <!---->\n              <div class=\"w-100 h-y-container h-column__content h-column__v-align flex-basis-100 align-self-lg-start align-self-md-start align-self-start\">\n                <!---->\n                <div data-colibri-id=\"3145-c10\" class=\"h-global-transition-all h-heading style-2301 style-local-3145-c10 position-relative h-element\">\n                  <!---->\n                  <div class=\"h-heading__outer style-2301 style-local-3145-c10\">\n                    <!---->\n                    <!---->\n                    <h1 class=\"\">Biomedical Image Recognition<\/h1>\n                  <\/div>\n                <\/div>\n              <\/div>\n            <\/div>\n          <\/div>\n        <\/div>\n      <\/div>\n      <div data-colibri-id=\"3145-c11\" class=\"h-row-container gutters-row-lg-2 gutters-row-md-0 gutters-row-2 gutters-row-v-lg-0 gutters-row-v-md-0 gutters-row-v-2 style-2302 style-local-3145-c11 position-relative\">\n        <!---->\n        <div class=\"h-row justify-content-lg-center justify-content-md-center justify-content-center align-items-lg-stretch align-items-md-stretch align-items-stretch gutters-col-lg-2 gutters-col-md-0 gutters-col-2 gutters-col-v-lg-0 gutters-col-v-md-0 gutters-col-v-2\">\n          <!---->\n          <div class=\"h-column h-column-container d-flex h-col-lg h-col-md-auto h-col-auto style-2303-outer style-local-3145-c12-outer\">\n            <div data-colibri-id=\"3145-c12\" class=\"d-flex h-flex-basis h-column__inner h-px-lg-0 h-px-md-0 h-px-0 v-inner-lg-0 v-inner-md-0 v-inner-0 style-2303 style-local-3145-c12 position-relative\">\n              <!---->\n              <!---->\n              <div class=\"w-100 h-y-container h-column__content h-column__v-align flex-basis-100 align-self-lg-start align-self-md-start align-self-start\">\n                <!---->\n                <div data-colibri-id=\"3145-c13\" class=\"h-text h-text-component style-2304 style-local-3145-c13 position-relative h-element\">\n                  <!---->\n                  <!---->\n                  <div class=\"\">\n                    <p>This junior research group will deal with central challenges of machine learning in the context of medical image and sensor data. These include: (1) Self-supervised learning methods to extract relevant markers from large image and signal data without expensive expert labels, (2) Improving robustness against so-called domain shifts, i.e. changes in data statistics caused by different hardware, pre-processing steps or acquisition parameters, (3) Cross-modal learning methods that combine image data with sensor data or textual information (findings). Image and biosignal data are becoming increasingly important in clinical diagnostics and research. This includes CT, MRI and microscopy images as well as EEG, ECG and long-term monitoring with the help of wearables. In pathology, entire tissue sections are increasingly being scanned. The UMG has a large, well-functioning PACS system and is a pioneer in digitalization in pathology. Various innovative microscopy methods are also used.<\/p>\n                  <\/div>\n                <\/div>\n                <div data-colibri-id=\"3145-c14\" class=\"style-2305 style-local-3145-c14 position-relative h-element\">\n                  <!---->\n                <\/div>\n              <\/div>\n            <\/div>\n          <\/div>\n        <\/div>\n      <\/div>\n    <\/div>\n  <\/div>\n  <div data-colibri-component=\"section\" data-colibri-id=\"3145-c26\" id=\"reusable-sections-2\" class=\"h-section h-section-global-spacing d-flex align-items-lg-center align-items-md-center align-items-center style-8021 style-local-3145-c26 position-relative\">\n    <!---->\n    <!---->\n    <div class=\"h-section-grid-container h-section-boxed-container\">\n      <!---->\n      <div data-colibri-id=\"3145-c27\" class=\"h-row-container gutters-row-lg-1 gutters-row-md-1 gutters-row-0 gutters-row-v-lg-1 gutters-row-v-md-1 gutters-row-v-1 style-8022 style-local-3145-c27 position-relative\">\n        <!---->\n        <div class=\"h-row justify-content-lg-center justify-content-md-center justify-content-center align-items-lg-stretch align-items-md-stretch align-items-stretch gutters-col-lg-1 gutters-col-md-1 gutters-col-0 gutters-col-v-lg-1 gutters-col-v-md-1 gutters-col-v-1\">\n          <!---->\n          <div class=\"h-column h-column-container d-flex h-col-lg-auto h-col-md-auto h-col-auto style-8023-outer style-local-3145-c28-outer\">\n            <div data-colibri-id=\"3145-c28\" class=\"d-flex h-flex-basis h-column__inner h-px-lg-1 h-px-md-1 h-px-1 v-inner-lg-1 v-inner-md-1 v-inner-1 style-8023 style-local-3145-c28 position-relative\">\n              <!---->\n              <!---->\n              <div class=\"w-100 h-y-container h-column__content h-column__v-align flex-basis-100 align-self-lg-start align-self-md-start align-self-start\">\n                <!---->\n                <div data-colibri-id=\"3145-c29\" class=\"h-global-transition-all h-heading style-8024 style-local-3145-c29 position-relative h-element\">\n                  <!---->\n                  <div class=\"h-heading__outer style-8024 style-local-3145-c29\">\n                    <!---->\n                    <!---->\n                    <h2 class=\"\">Team<\/h2>\n                  <\/div>\n                <\/div>\n              <\/div>\n            <\/div>\n          <\/div>\n        <\/div>\n      <\/div>\n      <div data-colibri-id=\"3145-c30\" class=\"h-row-container gutters-row-lg-0 gutters-row-md-0 gutters-row-0 gutters-row-v-lg-0 gutters-row-v-md-0 gutters-row-v-0 style-8025 style-local-3145-c30 position-relative\">\n        <!---->\n        <div class=\"h-row justify-content-lg-start justify-content-md-start justify-content-start align-items-lg-stretch align-items-md-stretch align-items-stretch gutters-col-lg-0 gutters-col-md-0 gutters-col-0 gutters-col-v-lg-0 gutters-col-v-md-0 gutters-col-v-0\">\n          <!---->\n          <div class=\"h-column h-column-container d-flex h-col-lg-3 h-col-md-4 h-col-12 style-8026-outer style-local-3145-c31-outer\">\n            <div data-colibri-id=\"3145-c31\" class=\"d-flex h-flex-basis h-column__inner h-px-lg-2 h-px-md-2 h-px-2 v-inner-lg-2 v-inner-md-2 v-inner-2 style-8026 style-local-3145-c31 position-relative\">\n              <!---->\n              <!---->\n              <div class=\"w-100 h-y-container h-column__content h-column__v-align flex-basis-100 align-self-lg-start align-self-md-start align-self-start\">\n                <!---->\n                <div data-colibri-id=\"3145-c32\" class=\"d-block style-8027 style-local-3145-c32 position-relative h-element\">\n                  <!---->\n                  <div class=\"h-image__frame-container-outer\">\n                    <a href=\"https:\/\/caimed.de\/en\/das-zentrum\/personen\/prof-dr-alexander-ecker\/\" h-use-smooth-scroll=\"true\" class=\"image-link\">\n                      <div class=\"h-image__frame-container\">\n                        <!---->\n                        <!---->\n                        <img decoding=\"async\" width=\"400\" height=\"400\" data-src=\"https:\/\/caimed.de\/wp-content\/uploads\/2024\/02\/Ecker-Alexander.png\" class=\"wp-image-6518 style-8027-image style-local-3145-c32-image lazyload\" alt=\"\" data-srcset=\"https:\/\/caimed.de\/wp-content\/uploads\/2024\/02\/Ecker-Alexander.png 400w, https:\/\/caimed.de\/wp-content\/uploads\/2024\/02\/Ecker-Alexander-12x12.png 12w\" data-sizes=\"(max-width: 400px) 100vw, 400px\" src=\"data:image\/svg+xml;base64,PHN2ZyB3aWR0aD0iMSIgaGVpZ2h0PSIxIiB4bWxucz0iaHR0cDovL3d3dy53My5vcmcvMjAwMC9zdmciPjwvc3ZnPg==\" style=\"--smush-placeholder-width: 400px; --smush-placeholder-aspect-ratio: 400\/400;\" \/>\n                        <div class=\"h-image__frame h-hide-lg h-hide-md h-hide-sm style-8027-frameImage style-local-3145-c32-frameImage\"><\/div>\n                      <\/div>\n                    <\/a>\n                  <\/div>\n                <\/div>\n                <div data-colibri-id=\"3145-c33\" class=\"h-global-transition-all h-heading style-8028 style-local-3145-c33 position-relative h-element\">\n                  <!---->\n                  <div class=\"h-heading__outer style-8028 style-local-3145-c33\">\n                    <!---->\n                    <!---->\n                    <h6 class=\"\">Prof. Dr. Alexander Ecker, UGOE<\/h6>\n                  <\/div>\n                <\/div>\n                <div data-colibri-id=\"3145-c34\" class=\"h-text h-text-component style-8029 style-local-3145-c34 position-relative h-element\">\n                  <!---->\n                  <!---->\n                  <div class=\"\">\n                    <p><span style=\"font-weight: 300; font-size: 16px; font-family: Poppins; color: rgb(143, 170, 201);\">Mentor<\/span><\/p>\n                  <\/div>\n                <\/div>\n              <\/div>\n            <\/div>\n          <\/div>\n          <div class=\"h-column h-column-container d-flex h-col-lg-3 h-col-md-4 h-col-12 style-8026-outer style-local-3145-c35-outer\">\n            <div data-colibri-id=\"3145-c35\" id=\"presse\" class=\"d-flex h-flex-basis h-column__inner h-px-lg-2 h-px-md-2 h-px-2 v-inner-lg-2 v-inner-md-2 v-inner-2 style-8026 style-local-3145-c35 position-relative\">\n              <!---->\n              <!---->\n              <div class=\"w-100 h-y-container h-column__content h-column__v-align flex-basis-100 align-self-lg-start align-self-md-start align-self-start\">\n                <!---->\n                <div data-colibri-id=\"3145-c36\" class=\"d-block style-8027 style-local-3145-c36 position-relative h-element\">\n                  <!---->\n                  <div class=\"h-image__frame-container-outer\">\n                    <a href=\"https:\/\/caimed.de\/en\/das-zentrum\/personen\/prof-dr-tobias-moser\/\" h-use-smooth-scroll=\"true\" class=\"image-link\">\n                      <div class=\"h-image__frame-container\">\n                        <!---->\n                        <!---->\n                        <img decoding=\"async\" width=\"1080\" height=\"1080\" data-src=\"https:\/\/caimed.de\/wp-content\/uploads\/2023\/11\/Prof.-Dr.-Tobias-Moser-UMG.png\" class=\"wp-image-4930 style-8027-image style-local-3145-c36-image lazyload\" alt=\"\" data-srcset=\"https:\/\/caimed.de\/wp-content\/uploads\/2023\/11\/Prof.-Dr.-Tobias-Moser-UMG.png 1080w, https:\/\/caimed.de\/wp-content\/uploads\/2023\/11\/Prof.-Dr.-Tobias-Moser-UMG-768x768.png 768w, https:\/\/caimed.de\/wp-content\/uploads\/2023\/11\/Prof.-Dr.-Tobias-Moser-UMG-12x12.png 12w\" data-sizes=\"(max-width: 1080px) 100vw, 1080px\" src=\"data:image\/svg+xml;base64,PHN2ZyB3aWR0aD0iMSIgaGVpZ2h0PSIxIiB4bWxucz0iaHR0cDovL3d3dy53My5vcmcvMjAwMC9zdmciPjwvc3ZnPg==\" style=\"--smush-placeholder-width: 1080px; --smush-placeholder-aspect-ratio: 1080\/1080;\" \/>\n                        <div class=\"h-image__frame h-hide-lg h-hide-md h-hide-sm style-8027-frameImage style-local-3145-c36-frameImage\"><\/div>\n                      <\/div>\n                    <\/a>\n                  <\/div>\n                <\/div>\n                <div data-colibri-id=\"3145-c37\" class=\"h-global-transition-all h-heading style-8028 style-local-3145-c37 position-relative h-element\">\n                  <!---->\n                  <div class=\"h-heading__outer style-8028 style-local-3145-c37\">\n                    <!---->\n                    <!---->\n                    <h6 class=\"\">Prof. Dr. Tobias Moser, UMG<\/h6>\n                  <\/div>\n                <\/div>\n                <div data-colibri-id=\"3145-c38\" class=\"h-text h-text-component style-8029 style-local-3145-c38 position-relative h-element\">\n                  <!---->\n                  <!---->\n                  <div class=\"\">\n                    <p>Mentor<\/p>\n                  <\/div>\n                <\/div>\n              <\/div>\n            <\/div>\n          <\/div>\n          <div class=\"h-column h-column-container d-flex h-col-lg-3 h-col-md-4 h-col-12 style-8026-outer style-local-3145-c39-outer\">\n            <div data-colibri-id=\"3145-c39\" class=\"d-flex h-flex-basis h-column__inner h-px-lg-2 h-px-md-2 h-px-2 v-inner-lg-2 v-inner-md-2 v-inner-2 style-8026 style-local-3145-c39 position-relative\">\n              <!---->\n              <!---->\n              <div class=\"w-100 h-y-container h-column__content h-column__v-align flex-basis-100 align-self-lg-start align-self-md-start align-self-start\">\n                <!---->\n                <div data-colibri-id=\"3145-c40\" class=\"d-block style-8027 style-local-3145-c40 position-relative h-element\">\n                  <!---->\n                  <div class=\"h-image__frame-container-outer\">\n                    <a href=\"https:\/\/caimed.de\/en\/das-zentrum\/personen\/konsortium\/constantin-pape\/\" h-use-smooth-scroll=\"true\" class=\"image-link\">\n                      <div class=\"h-image__frame-container\">\n                        <!---->\n                        <!---->\n                        <img decoding=\"async\" width=\"400\" height=\"400\" data-src=\"https:\/\/caimed.de\/wp-content\/uploads\/2025\/03\/Prof.-Dr.-Constantin-Pape.png\" class=\"wp-image-11688 style-8027-image style-local-3145-c40-image lazyload\" alt=\"\" data-srcset=\"https:\/\/caimed.de\/wp-content\/uploads\/2025\/03\/Prof.-Dr.-Constantin-Pape.png 400w, https:\/\/caimed.de\/wp-content\/uploads\/2025\/03\/Prof.-Dr.-Constantin-Pape-12x12.png 12w\" data-sizes=\"(max-width: 400px) 100vw, 400px\" src=\"data:image\/svg+xml;base64,PHN2ZyB3aWR0aD0iMSIgaGVpZ2h0PSIxIiB4bWxucz0iaHR0cDovL3d3dy53My5vcmcvMjAwMC9zdmciPjwvc3ZnPg==\" style=\"--smush-placeholder-width: 400px; --smush-placeholder-aspect-ratio: 400\/400;\" \/>\n                        <div class=\"h-image__frame h-hide-lg h-hide-md h-hide-sm style-8027-frameImage style-local-3145-c40-frameImage\"><\/div>\n                      <\/div>\n                    <\/a>\n                  <\/div>\n                <\/div>\n                <div data-colibri-id=\"3145-c41\" class=\"h-global-transition-all h-heading style-8028 style-local-3145-c41 position-relative h-element\">\n                  <!---->\n                  <div class=\"h-heading__outer style-8028 style-local-3145-c41\">\n                    <!---->\n                    <!---->\n                    <h6 class=\"\">Prof. Dr. Constantin Pape, UGOE<\/h6>\n                  <\/div>\n                <\/div>\n                <div data-colibri-id=\"3145-c42\" class=\"h-text h-text-component style-8029 style-local-3145-c42 position-relative h-element\">\n                  <!---->\n                  <!---->\n                  <div class=\"\">\n                    <p><span style=\"font-weight: 300; font-size: 16px; font-family: Poppins; color: rgb(143, 170, 201);\">Mentor<\/span><\/p>\n                  <\/div>\n                <\/div>\n              <\/div>\n            <\/div>\n          <\/div>\n        <\/div>\n      <\/div>\n    <\/div>\n  <\/div>\n<\/div>","protected":false},"excerpt":{"rendered":"<p>KI &amp; Signale Biomedizinische Bilderkennung Diese Nachwuchsgruppe soll sich mit zentralen Herausforderungen des maschinellen Lernens im Kontext medizinischer Bild- und Sensordaten befassen. Dazu geh\u00f6ren: (1) Selbst\u00fcberwachte Lernverfahren, um aus gro\u00dfen Bild- und Signaldaten ohne teure Expertenlabels relevante Marker zu extrahieren, (2) Verbesserung der Robustheit gegen\u00fcber sog. Domain Shifts, also Ver\u00e4nderungen in der Datenstatistik, welche durch [&hellip;]<\/p>\n","protected":false},"author":4,"featured_media":0,"parent":3133,"menu_order":0,"comment_status":"closed","ping_status":"closed","template":"page-templates\/full-width-page.php","meta":{"footnotes":""},"class_list":["post-3145","page","type-page","status-publish","hentry"],"_links":{"self":[{"href":"https:\/\/caimed.de\/en\/wp-json\/wp\/v2\/pages\/3145","targetHints":{"allow":["GET"]}}],"collection":[{"href":"https:\/\/caimed.de\/en\/wp-json\/wp\/v2\/pages"}],"about":[{"href":"https:\/\/caimed.de\/en\/wp-json\/wp\/v2\/types\/page"}],"author":[{"embeddable":true,"href":"https:\/\/caimed.de\/en\/wp-json\/wp\/v2\/users\/4"}],"replies":[{"embeddable":true,"href":"https:\/\/caimed.de\/en\/wp-json\/wp\/v2\/comments?post=3145"}],"version-history":[{"count":12,"href":"https:\/\/caimed.de\/en\/wp-json\/wp\/v2\/pages\/3145\/revisions"}],"predecessor-version":[{"id":15200,"href":"https:\/\/caimed.de\/en\/wp-json\/wp\/v2\/pages\/3145\/revisions\/15200"}],"up":[{"embeddable":true,"href":"https:\/\/caimed.de\/en\/wp-json\/wp\/v2\/pages\/3133"}],"wp:attachment":[{"href":"https:\/\/caimed.de\/en\/wp-json\/wp\/v2\/media?parent=3145"}],"curies":[{"name":"wp","href":"https:\/\/api.w.org\/{rel}","templated":true}]}}