{"id":3144,"date":"2023-11-02T08:29:47","date_gmt":"2023-11-02T08:29:47","guid":{"rendered":"https:\/\/caimed.de\/?page_id=3144"},"modified":"2026-03-26T10:34:26","modified_gmt":"2026-03-26T09:34:26","slug":"maschinelles-lernen","status":"publish","type":"page","link":"https:\/\/caimed.de\/en\/forschung\/ki-signale\/maschinelles-lernen\/","title":{"rendered":"ML for Non-Textual Data"},"content":{"rendered":"<div data-colibri-id=\"3144-c1\" class=\"style-2271 style-local-3144-c1 position-relative\">\n  <!---->\n  <div data-colibri-component=\"section\" data-colibri-id=\"3144-c2\" id=\"reusable-sections\" class=\"h-section h-section-global-spacing d-flex align-items-lg-center align-items-md-center align-items-center style-2272 style-local-3144-c2 position-relative\">\n    <!---->\n    <!---->\n    <div class=\"h-section-grid-container h-section-boxed-container\">\n      <!---->\n      <div data-colibri-id=\"3144-c3\" class=\"h-row-container gutters-row-lg-0 gutters-row-md-0 gutters-row-2 gutters-row-v-lg-0 gutters-row-v-md-0 gutters-row-v-2 style-2273 style-local-3144-c3 position-relative\">\n        <!---->\n        <div class=\"h-row justify-content-lg-start justify-content-md-start justify-content-start align-items-lg-stretch align-items-md-stretch align-items-stretch gutters-col-lg-0 gutters-col-md-0 gutters-col-2 gutters-col-v-lg-0 gutters-col-v-md-0 gutters-col-v-2\">\n          <!---->\n          <div class=\"h-column h-column-container d-flex h-col-lg-auto h-col-md-auto h-col-auto style-2274-outer style-local-3144-c4-outer\">\n            <div data-colibri-id=\"3144-c4\" class=\"d-flex h-flex-basis h-column__inner h-px-lg-0 h-px-md-0 h-px-0 v-inner-lg-0 v-inner-md-0 v-inner-0 style-2274 style-local-3144-c4 position-relative\">\n              <!---->\n              <!---->\n              <div class=\"w-100 h-y-container h-column__content h-column__v-align flex-basis-100 align-self-lg-center align-self-md-center align-self-center\">\n                <!---->\n                <div data-colibri-id=\"3144-c5\" class=\"h-x-container style-2275 style-local-3144-c5 position-relative h-element\">\n                  <!---->\n                  <div class=\"h-x-container-inner style-dynamic-3144-c5-group style-2275-spacing style-local-3144-c5-spacing\"><span class=\"h-button__outer style-2276-outer style-local-3144-c6-outer d-inline-flex h-element\"><a h-use-smooth-scroll=\"true\" href=\"https:\/\/caimed.de\/en\/forschung\/ki-signale\/\"  data-colibri-id=\"3144-c6\" class=\"d-flex w-100 align-items-center h-button justify-content-lg-center justify-content-md-center justify-content-center style-2276 style-local-3144-c6 position-relative\"><!----><!----> <span>AI &amp; Signals<\/span><\/a>\n                    <\/span>\n                  <\/div>\n                <\/div>\n              <\/div>\n            <\/div>\n          <\/div>\n          <div class=\"h-column h-column-container d-flex h-col-lg-auto h-col-md-auto h-col-auto style-2277-outer style-local-3144-c7-outer\">\n            <div data-colibri-id=\"3144-c7\" class=\"d-flex h-flex-basis h-column__inner h-px-lg-0 h-px-md-0 h-px-0 v-inner-lg-0 v-inner-md-0 v-inner-0 style-2277 style-local-3144-c7 position-relative\">\n              <!---->\n              <!---->\n              <div class=\"w-100 h-y-container h-column__content h-column__v-align flex-basis-100 align-self-lg-start align-self-md-start align-self-start\">\n                <!---->\n                <div data-colibri-id=\"3144-c8\" class=\"style-2278 style-local-3144-c8 position-relative h-element\">\n                  <!---->\n                <\/div>\n              <\/div>\n            <\/div>\n          <\/div>\n          <div class=\"h-column h-column-container d-flex h-col-lg-auto h-col-md-auto h-col-auto style-2279-outer style-local-3144-c9-outer\">\n            <div data-colibri-id=\"3144-c9\" class=\"d-flex h-flex-basis h-column__inner h-px-lg-0 h-px-md-0 h-px-0 v-inner-lg-0 v-inner-md-0 v-inner-0 style-2279 style-local-3144-c9 position-relative\">\n              <!---->\n              <!---->\n              <div class=\"w-100 h-y-container h-column__content h-column__v-align flex-basis-100 align-self-lg-start align-self-md-start align-self-start\">\n                <!---->\n                <div data-colibri-id=\"3144-c10\" class=\"h-global-transition-all h-heading style-2280 style-local-3144-c10 position-relative h-element\">\n                  <!---->\n                  <div class=\"h-heading__outer style-2280 style-local-3144-c10\">\n                    <!---->\n                    <!---->\n                    <h1 class=\"\">Machine Learning\n                      <br>for Non-Textual Data<\/h1>\n                  <\/div>\n                <\/div>\n              <\/div>\n            <\/div>\n          <\/div>\n        <\/div>\n      <\/div>\n      <div data-colibri-id=\"3144-c11\" class=\"h-row-container gutters-row-lg-2 gutters-row-md-0 gutters-row-2 gutters-row-v-lg-0 gutters-row-v-md-0 gutters-row-v-2 style-2281 style-local-3144-c11 position-relative\">\n        <!---->\n        <div class=\"h-row justify-content-lg-center justify-content-md-center justify-content-center align-items-lg-stretch align-items-md-stretch align-items-stretch gutters-col-lg-2 gutters-col-md-0 gutters-col-2 gutters-col-v-lg-0 gutters-col-v-md-0 gutters-col-v-2\">\n          <!---->\n          <div class=\"h-column h-column-container d-flex h-col-lg h-col-md-auto h-col-auto style-2282-outer style-local-3144-c12-outer\">\n            <div data-colibri-id=\"3144-c12\" class=\"d-flex h-flex-basis h-column__inner h-px-lg-0 h-px-md-0 h-px-0 v-inner-lg-0 v-inner-md-0 v-inner-0 style-2282 style-local-3144-c12 position-relative\">\n              <!---->\n              <!---->\n              <div class=\"w-100 h-y-container h-column__content h-column__v-align flex-basis-100 align-self-lg-start align-self-md-start align-self-start\">\n                <!---->\n                <div data-colibri-id=\"3144-c13\" class=\"h-text h-text-component style-2283 style-local-3144-c13 position-relative h-element\">\n                  <!---->\n                  <!---->\n                  <div class=\"\">\n                    <p>In particular, image data that has not yet been intensively researched using AI methods, such as echocardiography sequences and longitudinal image studies for monitoring patients, will be analyzed using new methods in order to extract relevant markers and use them for prediction models in cardiology. The different image modalities, for which often only limited training data is available, pose particular challenges. Due to the different domains, fields of application and sensor technologies, there are data sources that have similarities, but whose transfer between them can hardly be used. For example, training data can only be generated with great effort by (expensive) experts, e.g. for the pixel-precise segmentation of an image, but a new sensor technology cannot be trained with this data because the learned models do not generalize well enough. In this group, methods are to be developed to enable efficient domain transfer. For example, multi-task or self-supervised learning techniques will be used and Model Agnostic Meta Learning (MAML) will be implemented to learn representations from which very fast fine-tuning to a new domain (with far less data) is possible.<\/p>\n                  <\/div>\n                <\/div>\n                <div data-colibri-id=\"3144-c14\" class=\"style-2284 style-local-3144-c14 position-relative h-element\">\n                  <!---->\n                <\/div>\n              <\/div>\n            <\/div>\n          <\/div>\n        <\/div>\n      <\/div>\n    <\/div>\n  <\/div>\n  <div data-colibri-component=\"section\" data-colibri-id=\"3144-c15\" id=\"reusable-sections-2\" class=\"h-section h-section-global-spacing d-flex align-items-lg-center align-items-md-center align-items-center style-7576 style-local-3144-c15 position-relative\">\n    <!---->\n    <!---->\n    <div class=\"h-section-grid-container h-section-boxed-container\">\n      <!---->\n      <div data-colibri-id=\"3144-c16\" class=\"h-row-container gutters-row-lg-1 gutters-row-md-1 gutters-row-0 gutters-row-v-lg-1 gutters-row-v-md-1 gutters-row-v-1 style-7577 style-local-3144-c16 position-relative\">\n        <!---->\n        <div class=\"h-row justify-content-lg-center justify-content-md-center justify-content-center align-items-lg-stretch align-items-md-stretch align-items-stretch gutters-col-lg-1 gutters-col-md-1 gutters-col-0 gutters-col-v-lg-1 gutters-col-v-md-1 gutters-col-v-1\">\n          <!---->\n          <div class=\"h-column h-column-container d-flex h-col-lg-auto h-col-md-auto h-col-auto style-7578-outer style-local-3144-c17-outer\">\n            <div data-colibri-id=\"3144-c17\" class=\"d-flex h-flex-basis h-column__inner h-px-lg-1 h-px-md-1 h-px-1 v-inner-lg-1 v-inner-md-1 v-inner-1 style-7578 style-local-3144-c17 position-relative\">\n              <!---->\n              <!---->\n              <div class=\"w-100 h-y-container h-column__content h-column__v-align flex-basis-100 align-self-lg-start align-self-md-start align-self-start\">\n                <!---->\n                <div data-colibri-id=\"3144-c18\" class=\"h-global-transition-all h-heading style-7579 style-local-3144-c18 position-relative h-element\">\n                  <!---->\n                  <div class=\"h-heading__outer style-7579 style-local-3144-c18\">\n                    <!---->\n                    <!---->\n                    <h2 class=\"\">Team<\/h2>\n                  <\/div>\n                <\/div>\n              <\/div>\n            <\/div>\n          <\/div>\n        <\/div>\n      <\/div>\n      <div data-colibri-id=\"3144-c19\" class=\"h-row-container gutters-row-lg-0 gutters-row-md-0 gutters-row-0 gutters-row-v-lg-0 gutters-row-v-md-0 gutters-row-v-0 style-7580 style-local-3144-c19 position-relative\">\n        <!---->\n        <div class=\"h-row justify-content-lg-start justify-content-md-start justify-content-start align-items-lg-stretch align-items-md-stretch align-items-stretch gutters-col-lg-0 gutters-col-md-0 gutters-col-0 gutters-col-v-lg-0 gutters-col-v-md-0 gutters-col-v-0\">\n          <!---->\n          <div class=\"h-column h-column-container d-flex h-col-lg-3 h-col-md-4 h-col-12 style-7581-outer style-local-3144-c20-outer\">\n            <div data-colibri-id=\"3144-c20\" class=\"d-flex h-flex-basis h-column__inner h-px-lg-2 h-px-md-2 h-px-2 v-inner-lg-2 v-inner-md-2 v-inner-2 style-7581 style-local-3144-c20 position-relative\">\n              <!---->\n              <!---->\n              <div class=\"w-100 h-y-container h-column__content h-column__v-align flex-basis-100 align-self-lg-start align-self-md-start align-self-start\">\n                <!---->\n                <div data-colibri-id=\"3144-c21\" class=\"d-block style-7582 style-local-3144-c21 position-relative h-element\">\n                  <!---->\n                  <div class=\"h-image__frame-container-outer\">\n                    <div class=\"h-image__frame-container\">\n                      <!---->\n                      <!---->\n                      <img decoding=\"async\" width=\"400\" height=\"400\" data-src=\"https:\/\/caimed.de\/wp-content\/uploads\/2026\/03\/Jana-Hutter-1.png\" class=\"wp-image-14761 style-7582-image style-local-3144-c21-image lazyload\" alt=\"\" data-srcset=\"https:\/\/caimed.de\/wp-content\/uploads\/2026\/03\/Jana-Hutter-1.png 400w, https:\/\/caimed.de\/wp-content\/uploads\/2026\/03\/Jana-Hutter-1-12x12.png 12w\" data-sizes=\"(max-width: 400px) 100vw, 400px\" src=\"data:image\/svg+xml;base64,PHN2ZyB3aWR0aD0iMSIgaGVpZ2h0PSIxIiB4bWxucz0iaHR0cDovL3d3dy53My5vcmcvMjAwMC9zdmciPjwvc3ZnPg==\" style=\"--smush-placeholder-width: 400px; --smush-placeholder-aspect-ratio: 400\/400;\" \/>\n                      <div class=\"h-image__frame h-hide-lg h-hide-md h-hide-sm style-7582-frameImage style-local-3144-c21-frameImage\"><\/div>\n                    <\/div>\n                  <\/div>\n                <\/div>\n                <div data-colibri-id=\"3144-c22\" class=\"h-global-transition-all h-heading style-7583 style-local-3144-c22 position-relative h-element\">\n                  <!---->\n                  <div class=\"h-heading__outer style-7583 style-local-3144-c22\">\n                    <!---->\n                    <!---->\n                    <h6 class=\"\">Prof. Dr. Jana Hutter<\/h6>\n                  <\/div>\n                <\/div>\n                <div data-colibri-id=\"3144-c23\" class=\"h-text h-text-component style-7584 style-local-3144-c23 position-relative h-element\">\n                  <!---->\n                  <!---->\n                  <div class=\"\">\n                    <p><span style=\"color: rgb(143, 170, 201); font-family: Poppins; font-size: 16px; font-weight: 300;\">Group leader<\/span><\/p>\n                  <\/div>\n                <\/div>\n              <\/div>\n            <\/div>\n          <\/div>\n          <div class=\"h-column h-column-container d-flex h-col-lg-3 h-col-md-4 h-col-12 style-7581-outer style-local-3144-c24-outer\">\n            <div data-colibri-id=\"3144-c24\" class=\"d-flex h-flex-basis h-column__inner h-px-lg-2 h-px-md-2 h-px-2 v-inner-lg-2 v-inner-md-2 v-inner-2 style-7581 style-local-3144-c24 position-relative\">\n              <!---->\n              <!---->\n              <div class=\"w-100 h-y-container h-column__content h-column__v-align flex-basis-100 align-self-lg-start align-self-md-start align-self-start\">\n                <!---->\n                <div data-colibri-id=\"3144-c25\" class=\"d-block style-7582 style-local-3144-c25 position-relative h-element\">\n                  <!---->\n                  <div class=\"h-image__frame-container-outer\">\n                    <a href=\"https:\/\/caimed.de\/en\/das-zentrum\/personen\/bodo-rosenhahn\/\" h-use-smooth-scroll=\"true\" class=\"image-link\">\n                      <div class=\"h-image__frame-container\">\n                        <!---->\n                        <!---->\n                        <img decoding=\"async\" width=\"400\" height=\"400\" data-src=\"https:\/\/caimed.de\/wp-content\/uploads\/2024\/02\/Rosenhahn-Bodo.png\" class=\"wp-image-6539 style-7582-image style-local-3144-c25-image lazyload\" alt=\"\" data-srcset=\"https:\/\/caimed.de\/wp-content\/uploads\/2024\/02\/Rosenhahn-Bodo.png 400w, https:\/\/caimed.de\/wp-content\/uploads\/2024\/02\/Rosenhahn-Bodo-12x12.png 12w\" data-sizes=\"(max-width: 400px) 100vw, 400px\" src=\"data:image\/svg+xml;base64,PHN2ZyB3aWR0aD0iMSIgaGVpZ2h0PSIxIiB4bWxucz0iaHR0cDovL3d3dy53My5vcmcvMjAwMC9zdmciPjwvc3ZnPg==\" style=\"--smush-placeholder-width: 400px; --smush-placeholder-aspect-ratio: 400\/400;\" \/>\n                        <div class=\"h-image__frame h-hide-lg h-hide-md h-hide-sm style-7582-frameImage style-local-3144-c25-frameImage\"><\/div>\n                      <\/div>\n                    <\/a>\n                  <\/div>\n                <\/div>\n                <div data-colibri-id=\"3144-c26\" class=\"h-global-transition-all h-heading style-7583 style-local-3144-c26 position-relative h-element\">\n                  <!---->\n                  <div class=\"h-heading__outer style-7583 style-local-3144-c26\">\n                    <!---->\n                    <!---->\n                    <h6 class=\"\">Prof. Dr. Bodo Rosenhahn, L3S<\/h6>\n                  <\/div>\n                <\/div>\n                <div data-colibri-id=\"3144-c27\" class=\"h-text h-text-component style-7584 style-local-3144-c27 position-relative h-element\">\n                  <!---->\n                  <!---->\n                  <div class=\"\">\n                    <p><span style=\"font-weight: 300; font-size: 16px; font-family: Poppins; color: rgb(143, 170, 201);\">Mentor<\/span><\/p>\n                  <\/div>\n                <\/div>\n              <\/div>\n            <\/div>\n          <\/div>\n          <div class=\"h-column h-column-container d-flex h-col-lg-3 h-col-md-4 h-col-12 style-7581-outer style-local-3144-c28-outer\">\n            <div data-colibri-id=\"3144-c28\" id=\"presse\" class=\"d-flex h-flex-basis h-column__inner h-px-lg-2 h-px-md-2 h-px-2 v-inner-lg-2 v-inner-md-2 v-inner-2 style-7581 style-local-3144-c28 position-relative\">\n              <!---->\n              <!---->\n              <div class=\"w-100 h-y-container h-column__content h-column__v-align flex-basis-100 align-self-lg-start align-self-md-start align-self-start\">\n                <!---->\n                <div data-colibri-id=\"3144-c29\" class=\"d-block style-7582 style-local-3144-c29 position-relative h-element\">\n                  <!---->\n                  <div class=\"h-image__frame-container-outer\">\n                    <a href=\"https:\/\/caimed.de\/en\/das-zentrum\/personen\/frank-wacker\/\" h-use-smooth-scroll=\"true\" class=\"image-link\">\n                      <div class=\"h-image__frame-container\">\n                        <!---->\n                        <!---->\n                        <img decoding=\"async\" width=\"1080\" height=\"1080\" data-src=\"https:\/\/caimed.de\/wp-content\/uploads\/2023\/11\/Prof.-Dr.-Frank-Wacker-MHH.png\" class=\"wp-image-4882 style-7582-image style-local-3144-c29-image lazyload\" alt=\"\" data-srcset=\"https:\/\/caimed.de\/wp-content\/uploads\/2023\/11\/Prof.-Dr.-Frank-Wacker-MHH.png 1080w, https:\/\/caimed.de\/wp-content\/uploads\/2023\/11\/Prof.-Dr.-Frank-Wacker-MHH-768x768.png 768w, https:\/\/caimed.de\/wp-content\/uploads\/2023\/11\/Prof.-Dr.-Frank-Wacker-MHH-12x12.png 12w\" data-sizes=\"(max-width: 1080px) 100vw, 1080px\" src=\"data:image\/svg+xml;base64,PHN2ZyB3aWR0aD0iMSIgaGVpZ2h0PSIxIiB4bWxucz0iaHR0cDovL3d3dy53My5vcmcvMjAwMC9zdmciPjwvc3ZnPg==\" style=\"--smush-placeholder-width: 1080px; --smush-placeholder-aspect-ratio: 1080\/1080;\" \/>\n                        <div class=\"h-image__frame h-hide-lg h-hide-md h-hide-sm style-7582-frameImage style-local-3144-c29-frameImage\"><\/div>\n                      <\/div>\n                    <\/a>\n                  <\/div>\n                <\/div>\n                <div data-colibri-id=\"3144-c30\" class=\"h-global-transition-all h-heading style-7583 style-local-3144-c30 position-relative h-element\">\n                  <!---->\n                  <div class=\"h-heading__outer style-7583 style-local-3144-c30\">\n                    <!---->\n                    <!---->\n                    <a href=\"https:\/\/caimed.de\/en\/das-zentrum\/personen\/konsortium\/marius-lindauer\/\" h-use-smooth-scroll=\"true\">\n                      <h6 class=\"\">Prof. Dr. Frank Wacker, MHH<\/h6>\n                    <\/a>\n                  <\/div>\n                <\/div>\n                <div data-colibri-id=\"3144-c31\" class=\"h-text h-text-component style-7584 style-local-3144-c31 position-relative h-element\">\n                  <!---->\n                  <!---->\n                  <div class=\"\">\n                    <p>Mentor<\/p>\n                  <\/div>\n                <\/div>\n              <\/div>\n            <\/div>\n          <\/div>\n          <div class=\"h-column h-column-container d-flex h-col-lg-3 h-col-md-4 h-col-12 style-7581-outer style-local-3144-c32-outer\">\n            <div data-colibri-id=\"3144-c32\" id=\"presse\" class=\"d-flex h-flex-basis h-column__inner h-px-lg-2 h-px-md-2 h-px-2 v-inner-lg-2 v-inner-md-2 v-inner-2 style-7581 style-local-3144-c32 position-relative\">\n              <!---->\n              <!---->\n              <div class=\"w-100 h-y-container h-column__content h-column__v-align flex-basis-100 align-self-lg-start align-self-md-start align-self-start\">\n                <!---->\n                <div data-colibri-id=\"3144-c33\" class=\"d-block style-7582 style-local-3144-c33 position-relative h-element\">\n                  <!---->\n                  <div class=\"h-image__frame-container-outer\">\n                    <a href=\"https:\/\/caimed.de\/en\/das-zentrum\/personen\/dr-ing-jan-voges\/\" h-use-smooth-scroll=\"true\" class=\"image-link\">\n                      <div class=\"h-image__frame-container\">\n                        <!---->\n                        <!---->\n                        <img decoding=\"async\" width=\"400\" height=\"400\" data-src=\"https:\/\/caimed.de\/wp-content\/uploads\/2026\/01\/Jan-Voges-1.png\" class=\"wp-image-14123 style-7582-image style-local-3144-c33-image lazyload\" alt=\"\" data-srcset=\"https:\/\/caimed.de\/wp-content\/uploads\/2026\/01\/Jan-Voges-1.png 400w, https:\/\/caimed.de\/wp-content\/uploads\/2026\/01\/Jan-Voges-1-12x12.png 12w\" data-sizes=\"(max-width: 400px) 100vw, 400px\" src=\"data:image\/svg+xml;base64,PHN2ZyB3aWR0aD0iMSIgaGVpZ2h0PSIxIiB4bWxucz0iaHR0cDovL3d3dy53My5vcmcvMjAwMC9zdmciPjwvc3ZnPg==\" style=\"--smush-placeholder-width: 400px; --smush-placeholder-aspect-ratio: 400\/400;\" \/>\n                        <div class=\"h-image__frame h-hide-lg h-hide-md h-hide-sm style-7582-frameImage style-local-3144-c33-frameImage\"><\/div>\n                      <\/div>\n                    <\/a>\n                  <\/div>\n                <\/div>\n                <div data-colibri-id=\"3144-c34\" class=\"h-global-transition-all h-heading style-7583 style-local-3144-c34 position-relative h-element\">\n                  <!---->\n                  <div class=\"h-heading__outer style-7583 style-local-3144-c34\">\n                    <!---->\n                    <!---->\n                    <a href=\"https:\/\/caimed.de\/en\/das-zentrum\/personen\/dr-ing-jan-voges\/\" h-use-smooth-scroll=\"true\">\n                      <h6 class=\"\">Dr.-Ing. Jan Voges, L3S<\/h6>\n                    <\/a>\n                  <\/div>\n                <\/div>\n                <div data-colibri-id=\"3144-c35\" class=\"h-text h-text-component style-7584 style-local-3144-c35 position-relative h-element\">\n                  <!---->\n                  <!---->\n                  <div class=\"\">\n                    <p><span style=\"font-weight: 300; font-size: 16px; font-family: Poppins; color: rgb(143, 170, 201);\">Group member<\/span><\/p>\n                  <\/div>\n                <\/div>\n              <\/div>\n            <\/div>\n          <\/div>\n        <\/div>\n      <\/div>\n    <\/div>\n  <\/div>\n<\/div>","protected":false},"excerpt":{"rendered":"<p>KI &amp; Signale Maschinelles Lernen f\u00fcr nicht-textuelle Daten Hier sollen vor allem bisher nicht intensiv mit KI-Verfahren beforschte Bilddaten wie Echokardiografie-Sequenzen und longitudinale Bildstudien f\u00fcr das Monitoring von Patienten mit neuen Verfahren analysiert werden, um relevante Marker zu extrahieren und f\u00fcr Pr\u00e4diktionsmodelle in der Kardiologie nutzen zu k\u00f6nnen. Besondere Herausforderungen sind die unterschiedlichen Bild-Modalit\u00e4ten, zu [&hellip;]<\/p>","protected":false},"author":4,"featured_media":0,"parent":3133,"menu_order":0,"comment_status":"closed","ping_status":"closed","template":"page-templates\/full-width-page.php","meta":{"footnotes":""},"class_list":["post-3144","page","type-page","status-publish","hentry"],"_links":{"self":[{"href":"https:\/\/caimed.de\/en\/wp-json\/wp\/v2\/pages\/3144","targetHints":{"allow":["GET"]}}],"collection":[{"href":"https:\/\/caimed.de\/en\/wp-json\/wp\/v2\/pages"}],"about":[{"href":"https:\/\/caimed.de\/en\/wp-json\/wp\/v2\/types\/page"}],"author":[{"embeddable":true,"href":"https:\/\/caimed.de\/en\/wp-json\/wp\/v2\/users\/4"}],"replies":[{"embeddable":true,"href":"https:\/\/caimed.de\/en\/wp-json\/wp\/v2\/comments?post=3144"}],"version-history":[{"count":19,"href":"https:\/\/caimed.de\/en\/wp-json\/wp\/v2\/pages\/3144\/revisions"}],"predecessor-version":[{"id":14764,"href":"https:\/\/caimed.de\/en\/wp-json\/wp\/v2\/pages\/3144\/revisions\/14764"}],"up":[{"embeddable":true,"href":"https:\/\/caimed.de\/en\/wp-json\/wp\/v2\/pages\/3133"}],"wp:attachment":[{"href":"https:\/\/caimed.de\/en\/wp-json\/wp\/v2\/media?parent=3144"}],"curies":[{"name":"wp","href":"https:\/\/api.w.org\/{rel}","templated":true}]}}