{"id":3143,"date":"2023-11-02T08:29:47","date_gmt":"2023-11-02T08:29:47","guid":{"rendered":"https:\/\/caimed.de\/?page_id=3143"},"modified":"2026-01-16T12:19:30","modified_gmt":"2026-01-16T11:19:30","slug":"digital-twins","status":"publish","type":"page","link":"https:\/\/caimed.de\/en\/forschung\/ki-wirkstoffe\/digital-twins\/","title":{"rendered":"Digital Twins"},"content":{"rendered":"<div data-colibri-id=\"3143-c1\" class=\"style-2205 style-local-3143-c1 position-relative\">\n  <!---->\n  <div data-colibri-component=\"section\" data-colibri-id=\"3143-c2\" id=\"reusable-sections\" class=\"h-section h-section-global-spacing d-flex align-items-lg-center align-items-md-center align-items-center style-2206 style-local-3143-c2 position-relative\">\n    <!---->\n    <!---->\n    <div class=\"h-section-grid-container h-section-boxed-container\">\n      <!---->\n      <div data-colibri-id=\"3143-c3\" class=\"h-row-container gutters-row-lg-0 gutters-row-md-0 gutters-row-2 gutters-row-v-lg-0 gutters-row-v-md-0 gutters-row-v-2 style-2207 style-local-3143-c3 position-relative\">\n        <!---->\n        <div class=\"h-row justify-content-lg-start justify-content-md-start justify-content-start align-items-lg-stretch align-items-md-stretch align-items-stretch gutters-col-lg-0 gutters-col-md-0 gutters-col-2 gutters-col-v-lg-0 gutters-col-v-md-0 gutters-col-v-2\">\n          <!---->\n          <div class=\"h-column h-column-container d-flex h-col-lg-auto h-col-md-auto h-col-auto style-2208-outer style-local-3143-c4-outer\">\n            <div data-colibri-id=\"3143-c4\" class=\"d-flex h-flex-basis h-column__inner h-px-lg-0 h-px-md-0 h-px-0 v-inner-lg-0 v-inner-md-0 v-inner-0 style-2208 style-local-3143-c4 position-relative\">\n              <!---->\n              <!---->\n              <div class=\"w-100 h-y-container h-column__content h-column__v-align flex-basis-100 align-self-lg-center align-self-md-center align-self-center\">\n                <!---->\n                <div data-colibri-id=\"3143-c5\" class=\"h-x-container style-2209 style-local-3143-c5 position-relative h-element\">\n                  <!---->\n                  <div class=\"h-x-container-inner style-dynamic-3143-c5-group style-2209-spacing style-local-3143-c5-spacing\"><span class=\"h-button__outer style-2210-outer style-local-3143-c6-outer d-inline-flex h-element\"><a h-use-smooth-scroll=\"true\" href=\"https:\/\/caimed.de\/en\/forschung\/ki-wirkstoffe\/\"  data-colibri-id=\"3143-c6\" class=\"d-flex w-100 align-items-center h-button justify-content-lg-center justify-content-md-center justify-content-center style-2210 style-local-3143-c6 position-relative\"><!----><!----> <span>AI &amp; Active Agents<\/span><\/a>\n                    <\/span>\n                  <\/div>\n                <\/div>\n              <\/div>\n            <\/div>\n          <\/div>\n          <div class=\"h-column h-column-container d-flex h-col-lg-auto h-col-md-auto h-col-auto style-2211-outer style-local-3143-c7-outer\">\n            <div data-colibri-id=\"3143-c7\" class=\"d-flex h-flex-basis h-column__inner h-px-lg-0 h-px-md-0 h-px-0 v-inner-lg-0 v-inner-md-0 v-inner-0 style-2211 style-local-3143-c7 position-relative\">\n              <!---->\n              <!---->\n              <div class=\"w-100 h-y-container h-column__content h-column__v-align flex-basis-100 align-self-lg-start align-self-md-start align-self-start\">\n                <!---->\n                <div data-colibri-id=\"3143-c8\" class=\"style-2212 style-local-3143-c8 position-relative h-element\">\n                  <!---->\n                <\/div>\n              <\/div>\n            <\/div>\n          <\/div>\n          <div class=\"h-column h-column-container d-flex h-col-lg-auto h-col-md-auto h-col-auto style-2213-outer style-local-3143-c9-outer\">\n            <div data-colibri-id=\"3143-c9\" class=\"d-flex h-flex-basis h-column__inner h-px-lg-0 h-px-md-0 h-px-0 v-inner-lg-0 v-inner-md-0 v-inner-0 style-2213 style-local-3143-c9 position-relative\">\n              <!---->\n              <!---->\n              <div class=\"w-100 h-y-container h-column__content h-column__v-align flex-basis-100 align-self-lg-start align-self-md-start align-self-start\">\n                <!---->\n                <div data-colibri-id=\"3143-c10\" class=\"h-global-transition-all h-heading style-2214 style-local-3143-c10 position-relative h-element\">\n                  <!---->\n                  <div class=\"h-heading__outer style-2214 style-local-3143-c10\">\n                    <!---->\n                    <!---->\n                    <h1 class=\"\">Digital Twins for Medicine<\/h1>\n                  <\/div>\n                <\/div>\n              <\/div>\n            <\/div>\n          <\/div>\n        <\/div>\n      <\/div>\n      <div data-colibri-id=\"3143-c11\" class=\"h-row-container gutters-row-lg-2 gutters-row-md-0 gutters-row-2 gutters-row-v-lg-0 gutters-row-v-md-0 gutters-row-v-2 style-2215 style-local-3143-c11 position-relative\">\n        <!---->\n        <div class=\"h-row justify-content-lg-center justify-content-md-center justify-content-center align-items-lg-stretch align-items-md-stretch align-items-stretch gutters-col-lg-2 gutters-col-md-0 gutters-col-2 gutters-col-v-lg-0 gutters-col-v-md-0 gutters-col-v-2\">\n          <!---->\n          <div class=\"h-column h-column-container d-flex h-col-lg h-col-md-auto h-col-auto style-2216-outer style-local-3143-c12-outer\">\n            <div data-colibri-id=\"3143-c12\" class=\"d-flex h-flex-basis h-column__inner h-px-lg-0 h-px-md-0 h-px-0 v-inner-lg-0 v-inner-md-0 v-inner-0 style-2216 style-local-3143-c12 position-relative\">\n              <!---->\n              <!---->\n              <div class=\"w-100 h-y-container h-column__content h-column__v-align flex-basis-100 align-self-lg-start align-self-md-start align-self-start\">\n                <!---->\n                <div data-colibri-id=\"3143-c13\" class=\"h-text h-text-component style-2217 style-local-3143-c13 position-relative h-element\">\n                  <!---->\n                  <!---->\n                  <div class=\"\">\n                    <p>Advancing digitalization in medical practice and research is resulting in increasingly extensive and complex data sets from one and the same biological individual (patient, laboratory animal, model) or the same biological system (e.g. heart or brain function). Taken individually, each data set and each data modality provides a complementary but incomplete view of the physical entity under investigation. This group is working on methods to unite these different perspectives in one model, the so-called digital twin. For this purpose, highly precise phenomenological models of complex, non-linear biological processes are developed with the help of machine learning and learned from the data. With the help of these digital twins, specific (personalized) questions can then be investigated in silico and new hypotheses developed. For example, the search space in drug development can be massively reduced: Instead of \"brute force\" testing thousands of substances on cell cultures using high-throughput screening, substances that have proven to be promising in a digital twin can be identified in a much more targeted manner. This approach has already been used successfully in neuroscience and engineering and has great potential for drug development and personalized medicine. Methodological challenges include the integration of different measurements, the optimal use of other data sources and available prior knowledge in order to learn the best possible personalized models from the limited data for a single individual (transfer learning, meta learning), as well as the efficient extraction of verifiable and causal predictions.<\/p>\n                  <\/div>\n                <\/div>\n              <\/div>\n            <\/div>\n          <\/div>\n          <div class=\"h-column h-column-container d-flex h-col-lg-auto h-col-md-auto h-col-auto style-2221-outer style-local-3143-c14-outer\">\n            <div data-colibri-id=\"3143-c14\" class=\"d-flex h-flex-basis h-column__inner h-px-lg-0 h-px-md-0 h-px-0 v-inner-lg-0 v-inner-md-0 v-inner-0 style-2221 style-local-3143-c14 position-relative\">\n              <!---->\n              <!---->\n              <div class=\"w-100 h-y-container h-column__content h-column__v-align flex-basis-100 align-self-lg-start align-self-md-start align-self-start\">\n                <!---->\n                <div data-colibri-id=\"3143-c15\" class=\"h-global-transition-all h-heading style-2222 style-local-3143-c15 position-relative h-element\">\n                  <!---->\n                  <div class=\"h-heading__outer style-2222 style-local-3143-c15\">\n                    <!---->\n                    <!---->\n                    <h6 class=\"\">Team<\/h6>\n                  <\/div>\n                <\/div>\n                <div data-colibri-id=\"3143-c16\" class=\"d-block style-2223 style-local-3143-c16 position-relative h-element\">\n                  <!---->\n                  <div class=\"h-image__frame-container-outer\">\n                    <a href=\"https:\/\/caimed.de\/en\/das-zentrum\/personen\/fabian-sinz\/\" h-use-smooth-scroll=\"true\" class=\"image-link\">\n                      <div class=\"h-image__frame-container\">\n                        <!---->\n                        <!---->\n                        <img decoding=\"async\" width=\"400\" height=\"400\" data-src=\"https:\/\/caimed.de\/wp-content\/uploads\/2024\/02\/Sinz-Fabian.png\" class=\"wp-image-6543 style-2223-image style-local-3143-c16-image lazyload\" alt=\"\" data-srcset=\"https:\/\/caimed.de\/wp-content\/uploads\/2024\/02\/Sinz-Fabian.png 400w, https:\/\/caimed.de\/wp-content\/uploads\/2024\/02\/Sinz-Fabian-12x12.png 12w\" data-sizes=\"(max-width: 400px) 100vw, 400px\" src=\"data:image\/svg+xml;base64,PHN2ZyB3aWR0aD0iMSIgaGVpZ2h0PSIxIiB4bWxucz0iaHR0cDovL3d3dy53My5vcmcvMjAwMC9zdmciPjwvc3ZnPg==\" style=\"--smush-placeholder-width: 400px; --smush-placeholder-aspect-ratio: 400\/400;\" \/>\n                        <div class=\"h-image__frame h-hide-lg h-hide-md h-hide-sm style-2223-frameImage style-local-3143-c16-frameImage\"><\/div>\n                      <\/div>\n                    <\/a>\n                  <\/div>\n                <\/div>\n                <div data-colibri-id=\"3143-c17\" class=\"h-text h-text-component style-2224 style-local-3143-c17 position-relative h-element\">\n                  <!---->\n                  <!---->\n                  <div class=\"\">\n                    <p>Prof. Dr. Fabian Sinz, CIDAS<\/p>\n                  <\/div>\n                <\/div>\n                <div data-colibri-id=\"3143-c18\" class=\"h-text h-text-component style-2225 style-local-3143-c18 position-relative h-element\">\n                  <!---->\n                  <!---->\n                  <div class=\"\">\n                    <p>Mentor<\/p>\n                  <\/div>\n                <\/div>\n                <div data-colibri-id=\"3143-c25\" class=\"d-block style-2223 style-local-3143-c25 position-relative h-element\">\n                  <!---->\n                  <div class=\"h-image__frame-container-outer\">\n                    <div class=\"h-image__frame-container\">\n                      <!---->\n                      <!---->\n                      <img decoding=\"async\" width=\"400\" height=\"400\" data-src=\"https:\/\/caimed.de\/wp-content\/uploads\/2026\/01\/Leif-Saager-.png\" class=\"wp-image-14226 style-2223-image style-local-3143-c25-image lazyload\" alt=\"\" data-srcset=\"https:\/\/caimed.de\/wp-content\/uploads\/2026\/01\/Leif-Saager-.png 400w, https:\/\/caimed.de\/wp-content\/uploads\/2026\/01\/Leif-Saager--12x12.png 12w\" data-sizes=\"(max-width: 400px) 100vw, 400px\" src=\"data:image\/svg+xml;base64,PHN2ZyB3aWR0aD0iMSIgaGVpZ2h0PSIxIiB4bWxucz0iaHR0cDovL3d3dy53My5vcmcvMjAwMC9zdmciPjwvc3ZnPg==\" style=\"--smush-placeholder-width: 400px; --smush-placeholder-aspect-ratio: 400\/400;\" \/>\n                      <div class=\"h-image__frame h-hide-lg h-hide-md h-hide-sm style-2223-frameImage style-local-3143-c25-frameImage\"><\/div>\n                    <\/div>\n                  <\/div>\n                <\/div>\n                <div data-colibri-id=\"3143-c26\" class=\"h-text h-text-component style-2224 style-local-3143-c26 position-relative h-element\">\n                  <!---->\n                  <!---->\n                  <div class=\"\">\n                    <p>Prof. Leif Saager, UMG<\/p>\n                  <\/div>\n                <\/div>\n                <div data-colibri-id=\"3143-c27\" class=\"h-text h-text-component style-2225 style-local-3143-c27 position-relative h-element\">\n                  <!---->\n                  <!---->\n                  <div class=\"\">\n                    <p>Mentor<\/p>\n                  <\/div>\n                <\/div>\n                <div data-colibri-id=\"3143-c19\" class=\"d-block style-2223 style-local-3143-c19 position-relative h-element\">\n                  <!---->\n                  <div class=\"h-image__frame-container-outer\">\n                    <a href=\"https:\/\/caimed.de\/en\/das-zentrum\/personen\/prof-dr-wolfram-zimmermann\/\" h-use-smooth-scroll=\"true\" class=\"image-link\">\n                      <div class=\"h-image__frame-container\">\n                        <!---->\n                        <!---->\n                        <img decoding=\"async\" width=\"1080\" height=\"1080\" data-src=\"https:\/\/caimed.de\/wp-content\/uploads\/2023\/11\/Prof.-Dr.-Wolfram-Zimmermann-UMG.png\" class=\"wp-image-4915 style-2223-image style-local-3143-c19-image lazyload\" alt=\"\" data-srcset=\"https:\/\/caimed.de\/wp-content\/uploads\/2023\/11\/Prof.-Dr.-Wolfram-Zimmermann-UMG.png 1080w, https:\/\/caimed.de\/wp-content\/uploads\/2023\/11\/Prof.-Dr.-Wolfram-Zimmermann-UMG-768x768.png 768w, https:\/\/caimed.de\/wp-content\/uploads\/2023\/11\/Prof.-Dr.-Wolfram-Zimmermann-UMG-12x12.png 12w\" data-sizes=\"(max-width: 1080px) 100vw, 1080px\" src=\"data:image\/svg+xml;base64,PHN2ZyB3aWR0aD0iMSIgaGVpZ2h0PSIxIiB4bWxucz0iaHR0cDovL3d3dy53My5vcmcvMjAwMC9zdmciPjwvc3ZnPg==\" style=\"--smush-placeholder-width: 1080px; --smush-placeholder-aspect-ratio: 1080\/1080;\" \/>\n                        <div class=\"h-image__frame h-hide-lg h-hide-md h-hide-sm style-2223-frameImage style-local-3143-c19-frameImage\"><\/div>\n                      <\/div>\n                    <\/a>\n                  <\/div>\n                <\/div>\n                <div data-colibri-id=\"3143-c20\" class=\"h-text h-text-component style-2224 style-local-3143-c20 position-relative h-element\">\n                  <!---->\n                  <!---->\n                  <div class=\"\">\n                    <p>Prof. Dr. Wolfram Zimmermann, UMG<\/p>\n                  <\/div>\n                <\/div>\n                <div data-colibri-id=\"3143-c21\" class=\"h-text h-text-component style-2225 style-local-3143-c21 position-relative h-element\">\n                  <!---->\n                  <!---->\n                  <div class=\"\">\n                    <p>Mentor<\/p>\n                  <\/div>\n                <\/div>\n                <div data-colibri-id=\"3143-c22\" class=\"d-block style-2223 style-local-3143-c22 position-relative h-element\">\n                  <!---->\n                  <div class=\"h-image__frame-container-outer\">\n                    <a href=\"https:\/\/caimed.de\/en\/das-zentrum\/personen\/viola-priesemann\/\" h-use-smooth-scroll=\"true\" class=\"image-link\">\n                      <div class=\"h-image__frame-container\">\n                        <!---->\n                        <!---->\n                        <img decoding=\"async\" width=\"1000\" height=\"1000\" data-src=\"https:\/\/caimed.de\/wp-content\/uploads\/2024\/08\/Prof.Dr_.Viola-Priesemann.png\" class=\"wp-image-9049 style-2223-image style-local-3143-c22-image lazyload\" alt=\"\" data-srcset=\"https:\/\/caimed.de\/wp-content\/uploads\/2024\/08\/Prof.Dr_.Viola-Priesemann.png 1000w, https:\/\/caimed.de\/wp-content\/uploads\/2024\/08\/Prof.Dr_.Viola-Priesemann-768x768.png 768w, https:\/\/caimed.de\/wp-content\/uploads\/2024\/08\/Prof.Dr_.Viola-Priesemann-12x12.png 12w\" data-sizes=\"(max-width: 1000px) 100vw, 1000px\" src=\"data:image\/svg+xml;base64,PHN2ZyB3aWR0aD0iMSIgaGVpZ2h0PSIxIiB4bWxucz0iaHR0cDovL3d3dy53My5vcmcvMjAwMC9zdmciPjwvc3ZnPg==\" style=\"--smush-placeholder-width: 1000px; --smush-placeholder-aspect-ratio: 1000\/1000;\" \/>\n                        <div class=\"h-image__frame h-hide-lg h-hide-md h-hide-sm style-2223-frameImage style-local-3143-c22-frameImage\"><\/div>\n                      <\/div>\n                    <\/a>\n                  <\/div>\n                <\/div>\n                <div data-colibri-id=\"3143-c23\" class=\"h-text h-text-component style-2224 style-local-3143-c23 position-relative h-element\">\n                  <!---->\n                  <!---->\n                  <div class=\"\">\n                    <p>Prof. Dr. Viola Priesemann, MPI-DS<\/p>\n                  <\/div>\n                <\/div>\n                <div data-colibri-id=\"3143-c24\" class=\"h-text h-text-component style-2225 style-local-3143-c24 position-relative h-element\">\n                  <!---->\n                  <!---->\n                  <div class=\"\">\n                    <p>Mentor<\/p>\n                  <\/div>\n                <\/div>\n              <\/div>\n            <\/div>\n          <\/div>\n        <\/div>\n      <\/div>\n    <\/div>\n  <\/div>\n<\/div>","protected":false},"excerpt":{"rendered":"<p>KI &amp; Wirkstoffe Digitale Zwillinge f\u00fcr Medizin Durch die fortschreitende Digitalisierung in der medizinischen Praxis und Forschung entstehen zunehmend umfangreiche und komplexe Datens\u00e4tze von ein und demselben biologischen Individuum (Patient, Versuchstier, Modell) oder desselben biologischen Systems (z.B. der Herzoder Gehirnfunktion). F\u00fcr sich genommen bietet jeder Datensatz und jede Datenmodalit\u00e4t einen komplement\u00e4ren, jedoch unvollst\u00e4ndigen Blickwinkel auf [&hellip;]<\/p>","protected":false},"author":4,"featured_media":0,"parent":3132,"menu_order":0,"comment_status":"closed","ping_status":"closed","template":"page-templates\/full-width-page.php","meta":{"footnotes":""},"class_list":["post-3143","page","type-page","status-publish","hentry"],"_links":{"self":[{"href":"https:\/\/caimed.de\/en\/wp-json\/wp\/v2\/pages\/3143","targetHints":{"allow":["GET"]}}],"collection":[{"href":"https:\/\/caimed.de\/en\/wp-json\/wp\/v2\/pages"}],"about":[{"href":"https:\/\/caimed.de\/en\/wp-json\/wp\/v2\/types\/page"}],"author":[{"embeddable":true,"href":"https:\/\/caimed.de\/en\/wp-json\/wp\/v2\/users\/4"}],"replies":[{"embeddable":true,"href":"https:\/\/caimed.de\/en\/wp-json\/wp\/v2\/comments?post=3143"}],"version-history":[{"count":18,"href":"https:\/\/caimed.de\/en\/wp-json\/wp\/v2\/pages\/3143\/revisions"}],"predecessor-version":[{"id":14235,"href":"https:\/\/caimed.de\/en\/wp-json\/wp\/v2\/pages\/3143\/revisions\/14235"}],"up":[{"embeddable":true,"href":"https:\/\/caimed.de\/en\/wp-json\/wp\/v2\/pages\/3132"}],"wp:attachment":[{"href":"https:\/\/caimed.de\/en\/wp-json\/wp\/v2\/media?parent=3143"}],"curies":[{"name":"wp","href":"https:\/\/api.w.org\/{rel}","templated":true}]}}