{"id":3142,"date":"2023-11-02T08:29:46","date_gmt":"2023-11-02T08:29:46","guid":{"rendered":"https:\/\/caimed.de\/?page_id=3142"},"modified":"2026-03-23T15:02:20","modified_gmt":"2026-03-23T14:02:20","slug":"mathematische-modelle","status":"publish","type":"page","link":"https:\/\/caimed.de\/en\/forschung\/ki-wirkstoffe\/mathematische-modelle\/","title":{"rendered":"Mathematical Models"},"content":{"rendered":"<div data-colibri-id=\"3142-c1\" class=\"style-2175 style-local-3142-c1 position-relative\">\n  <!---->\n  <div data-colibri-component=\"section\" data-colibri-id=\"3142-c2\" id=\"reusable-sections\" class=\"h-section h-section-global-spacing d-flex align-items-lg-center align-items-md-center align-items-center style-2176 style-local-3142-c2 position-relative\">\n    <!---->\n    <!---->\n    <div class=\"h-section-grid-container h-section-boxed-container\">\n      <!---->\n      <div data-colibri-id=\"3142-c3\" class=\"h-row-container gutters-row-lg-0 gutters-row-md-0 gutters-row-2 gutters-row-v-lg-0 gutters-row-v-md-0 gutters-row-v-2 style-2177 style-local-3142-c3 position-relative\">\n        <!---->\n        <div class=\"h-row justify-content-lg-start justify-content-md-start justify-content-start align-items-lg-stretch align-items-md-stretch align-items-stretch gutters-col-lg-0 gutters-col-md-0 gutters-col-2 gutters-col-v-lg-0 gutters-col-v-md-0 gutters-col-v-2\">\n          <!---->\n          <div class=\"h-column h-column-container d-flex h-col-lg-auto h-col-md-auto h-col-auto style-2178-outer style-local-3142-c4-outer\">\n            <div data-colibri-id=\"3142-c4\" class=\"d-flex h-flex-basis h-column__inner h-px-lg-0 h-px-md-0 h-px-0 v-inner-lg-0 v-inner-md-0 v-inner-0 style-2178 style-local-3142-c4 position-relative\">\n              <!---->\n              <!---->\n              <div class=\"w-100 h-y-container h-column__content h-column__v-align flex-basis-100 align-self-lg-center align-self-md-center align-self-center\">\n                <!---->\n                <div data-colibri-id=\"3142-c5\" class=\"h-x-container style-2179 style-local-3142-c5 position-relative h-element\">\n                  <!---->\n                  <div class=\"h-x-container-inner style-dynamic-3142-c5-group style-2179-spacing style-local-3142-c5-spacing\"><span class=\"h-button__outer style-2180-outer style-local-3142-c6-outer d-inline-flex h-element\"><a h-use-smooth-scroll=\"true\" href=\"https:\/\/caimed.de\/en\/forschung\/ki-wirkstoffe\/\"  data-colibri-id=\"3142-c6\" class=\"d-flex w-100 align-items-center h-button justify-content-lg-center justify-content-md-center justify-content-center style-2180 style-local-3142-c6 position-relative\"><!----><!----> <span>AI &amp; Active Agents<\/span><\/a>\n                    <\/span>\n                  <\/div>\n                <\/div>\n              <\/div>\n            <\/div>\n          <\/div>\n          <div class=\"h-column h-column-container d-flex h-col-lg-auto h-col-md-auto h-col-auto style-2181-outer style-local-3142-c7-outer\">\n            <div data-colibri-id=\"3142-c7\" class=\"d-flex h-flex-basis h-column__inner h-px-lg-0 h-px-md-0 h-px-0 v-inner-lg-0 v-inner-md-0 v-inner-0 style-2181 style-local-3142-c7 position-relative\">\n              <!---->\n              <!---->\n              <div class=\"w-100 h-y-container h-column__content h-column__v-align flex-basis-100 align-self-lg-start align-self-md-start align-self-start\">\n                <!---->\n                <div data-colibri-id=\"3142-c8\" class=\"style-2182 style-local-3142-c8 position-relative h-element\">\n                  <!---->\n                <\/div>\n              <\/div>\n            <\/div>\n          <\/div>\n          <div class=\"h-column h-column-container d-flex h-col-lg-auto h-col-md-auto h-col-auto style-2183-outer style-local-3142-c9-outer\">\n            <div data-colibri-id=\"3142-c9\" class=\"d-flex h-flex-basis h-column__inner h-px-lg-0 h-px-md-0 h-px-0 v-inner-lg-0 v-inner-md-0 v-inner-0 style-2183 style-local-3142-c9 position-relative\">\n              <!---->\n              <!---->\n              <div class=\"w-100 h-y-container h-column__content h-column__v-align flex-basis-100 align-self-lg-start align-self-md-start align-self-start\">\n                <!---->\n                <div data-colibri-id=\"3142-c10\" class=\"h-global-transition-all h-heading style-2184 style-local-3142-c10 position-relative h-element\">\n                  <!---->\n                  <div class=\"h-heading__outer style-2184 style-local-3142-c10\">\n                    <!---->\n                    <!---->\n                    <h1 class=\"\">Mathematical Models\n                      <br>in Medicine<\/h1>\n                  <\/div>\n                <\/div>\n              <\/div>\n            <\/div>\n          <\/div>\n        <\/div>\n      <\/div>\n      <div data-colibri-id=\"3142-c11\" class=\"h-row-container gutters-row-lg-2 gutters-row-md-0 gutters-row-2 gutters-row-v-lg-0 gutters-row-v-md-0 gutters-row-v-2 style-2185 style-local-3142-c11 position-relative\">\n        <!---->\n        <div class=\"h-row justify-content-lg-center justify-content-md-center justify-content-center align-items-lg-stretch align-items-md-stretch align-items-stretch gutters-col-lg-2 gutters-col-md-0 gutters-col-2 gutters-col-v-lg-0 gutters-col-v-md-0 gutters-col-v-2\">\n          <!---->\n          <div class=\"h-column h-column-container d-flex h-col-lg h-col-md-auto h-col-auto style-2186-outer style-local-3142-c12-outer\">\n            <div data-colibri-id=\"3142-c12\" class=\"d-flex h-flex-basis h-column__inner h-px-lg-0 h-px-md-0 h-px-0 v-inner-lg-0 v-inner-md-0 v-inner-0 style-2186 style-local-3142-c12 position-relative\">\n              <!---->\n              <!---->\n              <div class=\"w-100 h-y-container h-column__content h-column__v-align flex-basis-100 align-self-lg-start align-self-md-start align-self-start\">\n                <!---->\n                <div data-colibri-id=\"3142-c13\" class=\"h-text h-text-component style-2187 style-local-3142-c13 position-relative h-element\">\n                  <!---->\n                  <!---->\n                  <div class=\"\">\n                    <p>These models have the potential to specifically improve the timing and dosage of medication for the patient, but are only rarely used clinically. In order to calibrate the developed model on a patient-specific basis, a mathematical model for the disease in question and longitudinal patient data from key markers are required. The model can then be used to predict and develop optimal and adaptive control algorithms to determine the optimal timing and dose of medication that would bring the patient closer to a pre-defined target state. This method can be used, for example, to correctly adjust hormones. For example, when adjusting thyroid hormones, which play a central role in metabolism, control algorithms can be used to optimally adjust hormone release to a desired euthyroid state. Another example is the transplantation of organs, where the lifelong immunosuppression required must be adjusted so that the transplant is not rejected and protection against viral infections such as CMV is guaranteed. Adaptive control algorithms based on mathematical models can optimize the dose of immunosuppression between these two poles, depending on measured patient data. More generally, adaptive control algorithms could be used in medicine wherever a measurable parameter that well characterizes the patient's state of health is to be kept within a certain target range by medication. We plan to establish this method in clinical medicine with the help of pilot projects. As an application example, we will optimize vaccination responses between the poles of successful generation of neutralizing antibodies and the development of autoimmunity.<\/p>\n                  <\/div>\n                <\/div>\n              <\/div>\n            <\/div>\n          <\/div>\n        <\/div>\n      <\/div>\n    <\/div>\n  <\/div>\n  <div data-colibri-component=\"section\" data-colibri-id=\"3142-c14\" id=\"reusable-sections-2\" class=\"h-section h-section-global-spacing d-flex align-items-lg-center align-items-md-center align-items-center style-7018 style-local-3142-c14 position-relative\">\n    <!---->\n    <!---->\n    <div class=\"h-section-grid-container h-section-boxed-container\">\n      <!---->\n      <div data-colibri-id=\"3142-c15\" class=\"h-row-container gutters-row-lg-1 gutters-row-md-1 gutters-row-0 gutters-row-v-lg-1 gutters-row-v-md-1 gutters-row-v-1 style-7019 style-local-3142-c15 position-relative\">\n        <!---->\n        <div class=\"h-row justify-content-lg-center justify-content-md-center justify-content-center align-items-lg-stretch align-items-md-stretch align-items-stretch gutters-col-lg-1 gutters-col-md-1 gutters-col-0 gutters-col-v-lg-1 gutters-col-v-md-1 gutters-col-v-1\">\n          <!---->\n          <div class=\"h-column h-column-container d-flex h-col-lg-auto h-col-md-auto h-col-auto style-7020-outer style-local-3142-c16-outer\">\n            <div data-colibri-id=\"3142-c16\" class=\"d-flex h-flex-basis h-column__inner h-px-lg-1 h-px-md-1 h-px-1 v-inner-lg-1 v-inner-md-1 v-inner-1 style-7020 style-local-3142-c16 position-relative\">\n              <!---->\n              <!---->\n              <div class=\"w-100 h-y-container h-column__content h-column__v-align flex-basis-100 align-self-lg-start align-self-md-start align-self-start\">\n                <!---->\n                <div data-colibri-id=\"3142-c17\" class=\"h-global-transition-all h-heading style-7021 style-local-3142-c17 position-relative h-element\">\n                  <!---->\n                  <div class=\"h-heading__outer style-7021 style-local-3142-c17\">\n                    <!---->\n                    <!---->\n                    <h2 class=\"\">Team<\/h2>\n                  <\/div>\n                <\/div>\n              <\/div>\n            <\/div>\n          <\/div>\n        <\/div>\n      <\/div>\n      <div data-colibri-id=\"3142-c18\" class=\"h-row-container gutters-row-lg-0 gutters-row-md-0 gutters-row-0 gutters-row-v-lg-0 gutters-row-v-md-0 gutters-row-v-0 style-7022 style-local-3142-c18 position-relative\">\n        <!---->\n        <div class=\"h-row justify-content-lg-start justify-content-md-start justify-content-start align-items-lg-stretch align-items-md-stretch align-items-stretch gutters-col-lg-0 gutters-col-md-0 gutters-col-0 gutters-col-v-lg-0 gutters-col-v-md-0 gutters-col-v-0\">\n          <!---->\n          <div class=\"h-column h-column-container d-flex h-col-lg-3 h-col-md-4 h-col-12 style-7023-outer style-local-3142-c23-outer\">\n            <div data-colibri-id=\"3142-c23\" class=\"d-flex h-flex-basis h-column__inner h-px-lg-2 h-px-md-2 h-px-2 v-inner-lg-2 v-inner-md-2 v-inner-2 style-7023 style-local-3142-c23 position-relative\">\n              <!---->\n              <!---->\n              <div class=\"w-100 h-y-container h-column__content h-column__v-align flex-basis-100 align-self-lg-start align-self-md-start align-self-start\">\n                <!---->\n                <div data-colibri-id=\"3142-c24\" class=\"d-block style-7024 style-local-3142-c24 position-relative h-element\">\n                  <!---->\n                  <div class=\"h-image__frame-container-outer\">\n                    <div class=\"h-image__frame-container\">\n                      <!---->\n                      <!---->\n                      <img decoding=\"async\" width=\"400\" height=\"400\" data-src=\"https:\/\/caimed.de\/wp-content\/uploads\/2025\/10\/Andriy-Goychuck-1.png\" class=\"wp-image-13488 style-7024-image style-local-3142-c24-image lazyload\" alt=\"\" data-srcset=\"https:\/\/caimed.de\/wp-content\/uploads\/2025\/10\/Andriy-Goychuck-1.png 400w, https:\/\/caimed.de\/wp-content\/uploads\/2025\/10\/Andriy-Goychuck-1-12x12.png 12w\" data-sizes=\"(max-width: 400px) 100vw, 400px\" src=\"data:image\/svg+xml;base64,PHN2ZyB3aWR0aD0iMSIgaGVpZ2h0PSIxIiB4bWxucz0iaHR0cDovL3d3dy53My5vcmcvMjAwMC9zdmciPjwvc3ZnPg==\" style=\"--smush-placeholder-width: 400px; --smush-placeholder-aspect-ratio: 400\/400;\" \/>\n                      <div class=\"h-image__frame h-hide-lg h-hide-md h-hide-sm style-7024-frameImage style-local-3142-c24-frameImage\"><\/div>\n                    <\/div>\n                  <\/div>\n                <\/div>\n                <div data-colibri-id=\"3142-c25\" class=\"h-global-transition-all h-heading style-7025 style-local-3142-c25 position-relative h-element\">\n                  <!---->\n                  <div class=\"h-heading__outer style-7025 style-local-3142-c25\">\n                    <!---->\n                    <!---->\n                    <h6 class=\"\">Prof. Dr. Andriy Goychuk, HZI<\/h6>\n                  <\/div>\n                <\/div>\n                <div data-colibri-id=\"3142-c26\" class=\"h-text h-text-component style-7026 style-local-3142-c26 position-relative h-element\">\n                  <!---->\n                  <!---->\n                  <div class=\"\">\n                    <p><span style=\"color: rgb(143, 170, 201); font-family: Poppins; font-size: 16px; font-weight: 300;\">Groupleader<\/span><\/p>\n                  <\/div>\n                <\/div>\n              <\/div>\n            <\/div>\n          <\/div>\n          <div class=\"h-column h-column-container d-flex h-col-lg-3 h-col-md-4 h-col-12 style-7023-outer style-local-3142-c19-outer\">\n            <div data-colibri-id=\"3142-c19\" class=\"d-flex h-flex-basis h-column__inner h-px-lg-2 h-px-md-2 h-px-2 v-inner-lg-2 v-inner-md-2 v-inner-2 style-7023 style-local-3142-c19 position-relative\">\n              <!---->\n              <!---->\n              <div class=\"w-100 h-y-container h-column__content h-column__v-align flex-basis-100 align-self-lg-start align-self-md-start align-self-start\">\n                <!---->\n                <div data-colibri-id=\"3142-c20\" class=\"d-block style-7024 style-local-3142-c20 position-relative h-element\">\n                  <!---->\n                  <div class=\"h-image__frame-container-outer\">\n                    <div class=\"h-image__frame-container\">\n                      <!---->\n                      <!---->\n                      <img decoding=\"async\" width=\"1080\" height=\"1080\" data-src=\"https:\/\/caimed.de\/wp-content\/uploads\/2023\/11\/Prof.-Dr.-Michael-Meyer-Hermann-HZI.png\" class=\"wp-image-4906 style-7024-image style-local-3142-c20-image lazyload\" alt=\"\" data-srcset=\"https:\/\/caimed.de\/wp-content\/uploads\/2023\/11\/Prof.-Dr.-Michael-Meyer-Hermann-HZI.png 1080w, https:\/\/caimed.de\/wp-content\/uploads\/2023\/11\/Prof.-Dr.-Michael-Meyer-Hermann-HZI-768x768.png 768w, https:\/\/caimed.de\/wp-content\/uploads\/2023\/11\/Prof.-Dr.-Michael-Meyer-Hermann-HZI-12x12.png 12w\" data-sizes=\"(max-width: 1080px) 100vw, 1080px\" src=\"data:image\/svg+xml;base64,PHN2ZyB3aWR0aD0iMSIgaGVpZ2h0PSIxIiB4bWxucz0iaHR0cDovL3d3dy53My5vcmcvMjAwMC9zdmciPjwvc3ZnPg==\" style=\"--smush-placeholder-width: 1080px; --smush-placeholder-aspect-ratio: 1080\/1080;\" \/>\n                      <div class=\"h-image__frame h-hide-lg h-hide-md h-hide-sm style-7024-frameImage style-local-3142-c20-frameImage\"><\/div>\n                    <\/div>\n                  <\/div>\n                <\/div>\n                <div data-colibri-id=\"3142-c21\" class=\"h-global-transition-all h-heading style-7025 style-local-3142-c21 position-relative h-element\">\n                  <!---->\n                  <div class=\"h-heading__outer style-7025 style-local-3142-c21\">\n                    <!---->\n                    <!---->\n                    <h6 class=\"\">Prof. Dr. Michael Meyer-Hermann, HZI<\/h6>\n                  <\/div>\n                <\/div>\n                <div data-colibri-id=\"3142-c22\" class=\"h-text h-text-component style-7026 style-local-3142-c22 position-relative h-element\">\n                  <!---->\n                  <!---->\n                  <div class=\"\">\n                    <p><span style=\"font-weight: 300; font-size: 16px; font-family: Poppins; color: rgb(143, 170, 201);\">Mentor<\/span><\/p>\n                  <\/div>\n                <\/div>\n              <\/div>\n            <\/div>\n          <\/div>\n          <div class=\"h-column h-column-container d-flex h-col-lg-3 h-col-md-4 h-col-12 style-7023-outer style-local-3142-c27-outer\">\n            <div data-colibri-id=\"3142-c27\" id=\"presse\" class=\"d-flex h-flex-basis h-column__inner h-px-lg-2 h-px-md-2 h-px-2 v-inner-lg-2 v-inner-md-2 v-inner-2 style-7023 style-local-3142-c27 position-relative\">\n              <!---->\n              <!---->\n              <div class=\"w-100 h-y-container h-column__content h-column__v-align flex-basis-100 align-self-lg-start align-self-md-start align-self-start\">\n                <!---->\n                <div data-colibri-id=\"3142-c28\" class=\"d-block style-7024 style-local-3142-c28 position-relative h-element\">\n                  <!---->\n                  <div class=\"h-image__frame-container-outer\">\n                    <a href=\"https:\/\/caimed.de\/en\/das-zentrum\/personen\/konsortium\/marius-lindauer\/\" h-use-smooth-scroll=\"true\" class=\"image-link\">\n                      <div class=\"h-image__frame-container\">\n                        <!---->\n                        <!---->\n                        <img decoding=\"async\" width=\"1080\" height=\"1080\" data-src=\"https:\/\/caimed.de\/wp-content\/uploads\/2023\/11\/Prof.-Dr.-Matthias-Muller-L3S.png\" class=\"wp-image-4908 style-7024-image style-local-3142-c28-image lazyload\" alt=\"\" data-srcset=\"https:\/\/caimed.de\/wp-content\/uploads\/2023\/11\/Prof.-Dr.-Matthias-Muller-L3S.png 1080w, https:\/\/caimed.de\/wp-content\/uploads\/2023\/11\/Prof.-Dr.-Matthias-Muller-L3S-768x768.png 768w, https:\/\/caimed.de\/wp-content\/uploads\/2023\/11\/Prof.-Dr.-Matthias-Muller-L3S-12x12.png 12w\" data-sizes=\"(max-width: 1080px) 100vw, 1080px\" src=\"data:image\/svg+xml;base64,PHN2ZyB3aWR0aD0iMSIgaGVpZ2h0PSIxIiB4bWxucz0iaHR0cDovL3d3dy53My5vcmcvMjAwMC9zdmciPjwvc3ZnPg==\" style=\"--smush-placeholder-width: 1080px; --smush-placeholder-aspect-ratio: 1080\/1080;\" \/>\n                        <div class=\"h-image__frame h-hide-lg h-hide-md h-hide-sm style-7024-frameImage style-local-3142-c28-frameImage\"><\/div>\n                      <\/div>\n                    <\/a>\n                  <\/div>\n                <\/div>\n                <div data-colibri-id=\"3142-c29\" class=\"h-global-transition-all h-heading style-7025 style-local-3142-c29 position-relative h-element\">\n                  <!---->\n                  <div class=\"h-heading__outer style-7025 style-local-3142-c29\">\n                    <!---->\n                    <!---->\n                    <a href=\"https:\/\/caimed.de\/en\/das-zentrum\/personen\/konsortium\/marius-lindauer\/\" h-use-smooth-scroll=\"true\">\n                      <h6 class=\"\">Prof. Dr. Matthias M\u00fcller, L3S<\/h6>\n                    <\/a>\n                  <\/div>\n                <\/div>\n                <div data-colibri-id=\"3142-c30\" class=\"h-text h-text-component style-7026 style-local-3142-c30 position-relative h-element\">\n                  <!---->\n                  <!---->\n                  <div class=\"\">\n                    <p>Mentor<\/p>\n                  <\/div>\n                <\/div>\n              <\/div>\n            <\/div>\n          <\/div>\n          <div class=\"h-column h-column-container d-flex h-col-lg-3 h-col-md-4 h-col-12 style-7023-outer style-local-3142-c31-outer\">\n            <div data-colibri-id=\"3142-c31\" class=\"d-flex h-flex-basis h-column__inner h-px-lg-2 h-px-md-2 h-px-2 v-inner-lg-2 v-inner-md-2 v-inner-2 style-7023 style-local-3142-c31 position-relative\">\n              <!---->\n              <!---->\n              <div class=\"w-100 h-y-container h-column__content h-column__v-align flex-basis-100 align-self-lg-start align-self-md-start align-self-start\">\n                <!---->\n                <div data-colibri-id=\"3142-c32\" class=\"d-block style-7024 style-local-3142-c32 position-relative h-element\">\n                  <!---->\n                  <div class=\"h-image__frame-container-outer\">\n                    <div class=\"h-image__frame-container\">\n                      <!---->\n                      <!---->\n                      <img decoding=\"async\" width=\"400\" height=\"400\" data-src=\"https:\/\/caimed.de\/wp-content\/uploads\/2025\/04\/Dr.-rer.-nat.-Sahamoddin-Khailaie.png\" class=\"wp-image-12053 style-7024-image style-local-3142-c32-image lazyload\" alt=\"\" data-srcset=\"https:\/\/caimed.de\/wp-content\/uploads\/2025\/04\/Dr.-rer.-nat.-Sahamoddin-Khailaie.png 400w, https:\/\/caimed.de\/wp-content\/uploads\/2025\/04\/Dr.-rer.-nat.-Sahamoddin-Khailaie-12x12.png 12w\" data-sizes=\"(max-width: 400px) 100vw, 400px\" src=\"data:image\/svg+xml;base64,PHN2ZyB3aWR0aD0iMSIgaGVpZ2h0PSIxIiB4bWxucz0iaHR0cDovL3d3dy53My5vcmcvMjAwMC9zdmciPjwvc3ZnPg==\" style=\"--smush-placeholder-width: 400px; --smush-placeholder-aspect-ratio: 400\/400;\" \/>\n                      <div class=\"h-image__frame h-hide-lg h-hide-md h-hide-sm style-7024-frameImage style-local-3142-c32-frameImage\"><\/div>\n                    <\/div>\n                  <\/div>\n                <\/div>\n                <div data-colibri-id=\"3142-c33\" class=\"h-global-transition-all h-heading style-7025 style-local-3142-c33 position-relative h-element\">\n                  <!---->\n                  <div class=\"h-heading__outer style-7025 style-local-3142-c33\">\n                    <!---->\n                    <!---->\n                    <h6 class=\"\"> Dr. rer. nat. Sahamoddin Khailaie, HZI<\/h6>\n                  <\/div>\n                <\/div>\n                <div data-colibri-id=\"3142-c34\" class=\"h-text h-text-component style-7026 style-local-3142-c34 position-relative h-element\">\n                  <!---->\n                  <!---->\n                  <div class=\"\">\n                    <p><span style=\"font-weight: 300; font-size: 16px; font-family: Poppins; color: rgb(143, 170, 201);\">Mentor<\/span><\/p>\n                  <\/div>\n                <\/div>\n              <\/div>\n            <\/div>\n          <\/div>\n        <\/div>\n      <\/div>\n    <\/div>\n  <\/div>\n<\/div>","protected":false},"excerpt":{"rendered":"<p>KI &amp; Wirkstoffe Mathematische Modelle in der Medizin Diese Modelle haben das Potenzial, den Zeitplan und die Dosierung von Medikamenten f\u00fcr den Patienten spezifisch zu verbessern, werden aber nur in seltenen F\u00e4llen klinisch eingesetzt. Um das entwickelte Modell patientenspezifisch kalibrieren zu k\u00f6nnen, ben\u00f6tigt man ein mathematisches Modell f\u00fcr die betreffende Krankheit sowie longitudinale Patientendaten von [&hellip;]<\/p>","protected":false},"author":4,"featured_media":0,"parent":3132,"menu_order":0,"comment_status":"closed","ping_status":"closed","template":"page-templates\/full-width-page.php","meta":{"footnotes":""},"class_list":["post-3142","page","type-page","status-publish","hentry"],"_links":{"self":[{"href":"https:\/\/caimed.de\/en\/wp-json\/wp\/v2\/pages\/3142","targetHints":{"allow":["GET"]}}],"collection":[{"href":"https:\/\/caimed.de\/en\/wp-json\/wp\/v2\/pages"}],"about":[{"href":"https:\/\/caimed.de\/en\/wp-json\/wp\/v2\/types\/page"}],"author":[{"embeddable":true,"href":"https:\/\/caimed.de\/en\/wp-json\/wp\/v2\/users\/4"}],"replies":[{"embeddable":true,"href":"https:\/\/caimed.de\/en\/wp-json\/wp\/v2\/comments?post=3142"}],"version-history":[{"count":18,"href":"https:\/\/caimed.de\/en\/wp-json\/wp\/v2\/pages\/3142\/revisions"}],"predecessor-version":[{"id":14699,"href":"https:\/\/caimed.de\/en\/wp-json\/wp\/v2\/pages\/3142\/revisions\/14699"}],"up":[{"embeddable":true,"href":"https:\/\/caimed.de\/en\/wp-json\/wp\/v2\/pages\/3132"}],"wp:attachment":[{"href":"https:\/\/caimed.de\/en\/wp-json\/wp\/v2\/media?parent=3142"}],"curies":[{"name":"wp","href":"https:\/\/api.w.org\/{rel}","templated":true}]}}