{"id":3130,"date":"2023-11-02T08:29:40","date_gmt":"2023-11-02T08:29:40","guid":{"rendered":"https:\/\/caimed.de\/?page_id=3130"},"modified":"2026-01-27T07:48:53","modified_gmt":"2026-01-27T06:48:53","slug":"ki-semantik","status":"publish","type":"page","link":"https:\/\/caimed.de\/en\/forschung\/ki-semantik\/","title":{"rendered":"AI &amp; Semantics"},"content":{"rendered":"<div data-colibri-id=\"3130-c1\" class=\"style-1892 style-local-3130-c1 position-relative\">\n  <!---->\n  <div data-colibri-component=\"section\" data-colibri-id=\"3130-c2\" id=\"reusable-sections\" class=\"h-section h-section-global-spacing d-flex align-items-lg-center align-items-md-center align-items-center style-1893 style-local-3130-c2 position-relative\">\n    <!---->\n    <!---->\n    <div class=\"h-section-grid-container h-section-boxed-container\">\n      <!---->\n      <div data-colibri-id=\"3130-c3\" class=\"h-row-container gutters-row-lg-0 gutters-row-md-0 gutters-row-2 gutters-row-v-lg-0 gutters-row-v-md-0 gutters-row-v-2 style-1894 style-local-3130-c3 position-relative\">\n        <!---->\n        <div class=\"h-row justify-content-lg-center justify-content-md-center justify-content-center align-items-lg-stretch align-items-md-stretch align-items-stretch gutters-col-lg-0 gutters-col-md-0 gutters-col-2 gutters-col-v-lg-0 gutters-col-v-md-0 gutters-col-v-2\">\n          <!---->\n          <div class=\"h-column h-column-container d-flex h-col-lg-auto h-col-md-auto h-col-auto style-1895-outer style-local-3130-c4-outer\">\n            <div data-colibri-id=\"3130-c4\" class=\"d-flex h-flex-basis h-column__inner h-px-lg-0 h-px-md-0 h-px-0 v-inner-lg-0 v-inner-md-0 v-inner-0 style-1895 style-local-3130-c4 position-relative\">\n              <!---->\n              <!---->\n              <div class=\"w-100 h-y-container h-column__content h-column__v-align flex-basis-100 align-self-lg-start align-self-md-start align-self-start\">\n                <!---->\n                <div data-colibri-id=\"3130-c5\" class=\"style-1896 style-local-3130-c5 position-relative h-element\">\n                  <!---->\n                <\/div>\n              <\/div>\n            <\/div>\n          <\/div>\n          <div class=\"h-column h-column-container d-flex h-col-lg-auto h-col-md-auto h-col-auto style-1897-outer style-local-3130-c6-outer\">\n            <div data-colibri-id=\"3130-c6\" class=\"d-flex h-flex-basis h-column__inner h-px-lg-0 h-px-md-0 h-px-0 v-inner-lg-0 v-inner-md-0 v-inner-0 style-1897 style-local-3130-c6 position-relative\">\n              <!---->\n              <!---->\n              <div class=\"w-100 h-y-container h-column__content h-column__v-align flex-basis-100 align-self-lg-start align-self-md-start align-self-start\">\n                <!---->\n                <div data-colibri-id=\"3130-c7\" class=\"h-global-transition-all h-heading style-1898 style-local-3130-c7 position-relative h-element\">\n                  <!---->\n                  <div class=\"h-heading__outer style-1898 style-local-3130-c7\">\n                    <!---->\n                    <!---->\n                    <h1 class=\"\">AI &amp; Semantics<\/h1>\n                  <\/div>\n                <\/div>\n              <\/div>\n            <\/div>\n          <\/div>\n        <\/div>\n      <\/div>\n      <div data-colibri-id=\"3130-c8\" class=\"h-row-container gutters-row-lg-2 gutters-row-md-0 gutters-row-2 gutters-row-v-lg-0 gutters-row-v-md-0 gutters-row-v-2 style-1899 style-local-3130-c8 position-relative\">\n        <!---->\n        <div class=\"h-row justify-content-lg-center justify-content-md-center justify-content-center align-items-lg-stretch align-items-md-stretch align-items-stretch gutters-col-lg-2 gutters-col-md-0 gutters-col-2 gutters-col-v-lg-0 gutters-col-v-md-0 gutters-col-v-2\">\n          <!---->\n          <div class=\"h-column h-column-container d-flex h-col-lg h-col-md-auto h-col-auto style-1900-outer style-local-3130-c9-outer\">\n            <div data-colibri-id=\"3130-c9\" class=\"d-flex h-flex-basis h-column__inner h-px-lg-0 h-px-md-0 h-px-0 v-inner-lg-0 v-inner-md-0 v-inner-0 style-1900 style-local-3130-c9 position-relative\">\n              <!---->\n              <!---->\n              <div class=\"w-100 h-y-container h-column__content h-column__v-align flex-basis-100 align-self-lg-start align-self-md-start align-self-start\">\n                <!---->\n                <div data-colibri-id=\"3130-c10\" class=\"h-text h-text-component style-1901 style-local-3130-c10 position-relative h-element\">\n                  <!---->\n                  <!---->\n                  <div class=\"\">\n                    <p>Die Analyse umfangreicher medizinischer Daten f\u00fcr klinische Entscheidungen erfordert nicht nur das Erkennen statistischer Beziehungen, sondern auch das Verst\u00e4ndnis kausaler Zusammenh\u00e4nge in biologischen Prozessen. Die Nutzung von kausalen\n                      und datengetriebenen Modellen macht diese robuster und verst\u00e4ndlicher. Methoden des maschinellen Lernens schlagen eine Br\u00fccke zwischen klinischen Informationen, Bildgebung, Laborwerten und elektronischen Gesundheitsakten f\u00fcr ein\n                      ganzheitliches Bild der PatientInnen. Vielversprechend ist die Entwicklung von Evidenzsyntheseverfahren, die heterogene Datenquellen integrieren und auf kontrafaktischen Methoden, Meta-Analyse und k\u00fcnstlichen neuronalen Netzen basieren.\n                      Die Bildung von Nachwuchsgruppen zu den Themen AI and Causality, AI and Bioinformatics, KI-Systeme in Multi-Omics Daten und Statistische Evidenz in KI-Systemen soll das Potenzial im Bereich &#8222;KI und Semantik&#8220; erschlie\u00dfen.<\/p>\n                  <\/div>\n                <\/div>\n              <\/div>\n            <\/div>\n          <\/div>\n          <div class=\"h-column h-column-container d-flex h-col-lg-auto h-col-md-auto h-col-auto style-1902-outer style-local-3130-c11-outer\">\n            <div data-colibri-id=\"3130-c11\" class=\"d-flex h-flex-basis h-column__inner h-px-lg-0 h-px-md-0 h-px-0 v-inner-lg-0 v-inner-md-0 v-inner-0 style-1902 style-local-3130-c11 position-relative\">\n              <!---->\n              <!---->\n              <div class=\"w-100 h-y-container h-column__content h-column__v-align flex-basis-100 align-self-lg-start align-self-md-start align-self-start\">\n                <!---->\n                <div data-toggle=\"true\" data-is-preview=\"true\" data-colibri-component=\"accordion\" data-colibri-id=\"3130-c12\" class=\"h-accordion style-1916 style-local-3130-c12 position-relative h-element\">\n                  <!---->\n                  <div data-colibri-id=\"3130-c13\" class=\"h-accordion-item h-accordion-item-first-child style-1917 style-local-3130-c13 position-relative h-element\">\n                    <!---->\n                    <a data-open-by-default=\"true\" href=\"#3130-c13\" class=\"h-accordion-item-title d-flex align-items-center h-global-transition\">\n                      <!----><span>AI &amp; Semantics<\/span>\n                      <div class=\"h-accordion-item-title-normal-icon h-accordion-item-title-icon h-accordion-item-title-icon-right\"><span class=\"h-svg-icon\"><!--Icon by Icons8 Line Awesome (https:\/\/icons8.com\/line-awesome)--><svg version=\"1.1\" xmlns=\"http:\/\/www.w3.org\/2000\/svg\" xmlns:xlink=\"http:\/\/www.w3.org\/1999\/xlink\" id=\"plus\" viewbox=\"0 0 512 545.5\"><path d=\"M240 112h32v160h160v32H272v160h-32V304H80v-32h160V112z\"><\/path><\/svg><\/span><\/div>\n                      <div class=\"h-accordion-item-title-active-icon h-accordion-item-title-icon h-accordion-item-title-icon-right\"><span class=\"h-svg-icon\"><!--Icon by Icons8 Line Awesome (https:\/\/icons8.com\/line-awesome)--><svg version=\"1.1\" xmlns=\"http:\/\/www.w3.org\/2000\/svg\" xmlns:xlink=\"http:\/\/www.w3.org\/1999\/xlink\" id=\"minus\" viewbox=\"0 0 512 545.5\"><path d=\"M80 272h352v32H80v-32z\"><\/path><\/svg><\/span><\/div>\n                    <\/a>\n                    <div id=\"3130-c13\" class=\"h-accordion-item-content__container\">\n                      <div class=\"w-100 h-y-container h-accordion-item-content\">\n                        <!---->\n                        <div data-colibri-id=\"3130-c14\" class=\"h-row-container gutters-row-lg-0 gutters-row-md-0 gutters-row-0 gutters-row-v-lg-0 gutters-row-v-md-0 gutters-row-v-0 style-1918 style-local-3130-c14 position-relative\">\n                          <!---->\n                          <div class=\"h-row justify-content-lg-center justify-content-md-center justify-content-center align-items-lg-stretch align-items-md-stretch align-items-stretch gutters-col-lg-0 gutters-col-md-0 gutters-col-0 gutters-col-v-lg-0 gutters-col-v-md-0 gutters-col-v-0\">\n                            <!---->\n                            <div class=\"h-column h-column-container d-flex h-col-lg-auto h-col-md-auto h-col-auto style-1919-outer style-local-3130-c15-outer\">\n                              <div data-colibri-id=\"3130-c15\" class=\"d-flex h-flex-basis h-column__inner h-px-lg-0 h-px-md-0 h-px-0 v-inner-lg-0 v-inner-md-0 v-inner-0 style-1919 style-local-3130-c15 position-relative\">\n                                <!---->\n                                <!---->\n                                <div class=\"w-100 h-y-container h-column__content h-column__v-align flex-basis-100 align-self-lg-start align-self-md-start align-self-start\">\n                                  <!---->\n                                  <div data-colibri-id=\"3130-c16\" class=\"style-1920 style-local-3130-c16 position-relative h-element\">\n                                    <!---->\n                                  <\/div>\n                                <\/div>\n                              <\/div>\n                            <\/div>\n                            <div class=\"h-column h-column-container d-flex h-col-lg-auto h-col-md-auto h-col-auto style-1921-outer style-local-3130-c17-outer\">\n                              <div data-colibri-id=\"3130-c17\" class=\"d-flex h-flex-basis h-column__inner h-px-lg-0 h-px-md-0 h-px-0 v-inner-lg-0 v-inner-md-0 v-inner-0 style-1921 style-local-3130-c17 position-relative\">\n                                <!---->\n                                <!---->\n                                <div class=\"w-100 h-y-container h-column__content h-column__v-align flex-basis-100 align-self-lg-start align-self-md-start align-self-start\">\n                                  <!---->\n                                  <div data-colibri-id=\"3130-c18\" class=\"style-1922 style-local-3130-c18 position-relative h-element\">\n                                    <!---->\n                                  <\/div>\n                                <\/div>\n                              <\/div>\n                            <\/div>\n                            <div class=\"h-column h-column-container d-flex h-col-lg-auto h-col-md-auto h-col-auto style-1923-outer style-local-3130-c19-outer\">\n                              <div data-colibri-id=\"3130-c19\" class=\"d-flex h-flex-basis h-column__inner h-px-lg-0 h-px-md-0 h-px-0 v-inner-lg-0 v-inner-md-0 v-inner-0 style-1923 style-local-3130-c19 position-relative\">\n                                <!---->\n                                <!---->\n                                <div class=\"w-100 h-y-container h-column__content h-column__v-align flex-basis-100 align-self-lg-start align-self-md-start align-self-start\">\n                                  <!---->\n                                  <div data-colibri-id=\"3130-c20\" class=\"h-global-transition-all h-heading style-1924 style-local-3130-c20 position-relative h-element\">\n                                    <!---->\n                                    <div class=\"h-heading__outer style-1924 style-local-3130-c20\">\n                                      <!---->\n                                      <!---->\n                                      <a href=\"https:\/\/caimed.de\/en\/forschung\/ki-semantik\/ki-kausalitaet\/\" h-use-smooth-scroll=\"true\">\n                                        <h6 class=\"\">Trustworthy AI &amp; Causality<\/h6>\n                                      <\/a>\n                                    <\/div>\n                                  <\/div>\n                                <\/div>\n                              <\/div>\n                            <\/div>\n                            <div class=\"h-column h-column-container d-flex h-col-lg-auto h-col-md-auto h-col-auto style-1919-outer style-local-3130-c21-outer\">\n                              <div data-colibri-id=\"3130-c21\" class=\"d-flex h-flex-basis h-column__inner h-px-lg-0 h-px-md-0 h-px-0 v-inner-lg-0 v-inner-md-0 v-inner-0 style-1919 style-local-3130-c21 position-relative\">\n                                <!---->\n                                <!---->\n                                <div class=\"w-100 h-y-container h-column__content h-column__v-align flex-basis-100 align-self-lg-start align-self-md-start align-self-start\">\n                                  <!---->\n                                  <div data-colibri-id=\"3130-c22\" class=\"style-1920 style-local-3130-c22 position-relative h-element\">\n                                    <!---->\n                                  <\/div>\n                                <\/div>\n                              <\/div>\n                            <\/div>\n                            <div class=\"h-column h-column-container d-flex h-col-lg-auto h-col-md-auto h-col-auto style-1921-outer style-local-3130-c23-outer\">\n                              <div data-colibri-id=\"3130-c23\" class=\"d-flex h-flex-basis h-column__inner h-px-lg-0 h-px-md-0 h-px-0 v-inner-lg-0 v-inner-md-0 v-inner-0 style-1921 style-local-3130-c23 position-relative\">\n                                <!---->\n                                <!---->\n                                <div class=\"w-100 h-y-container h-column__content h-column__v-align flex-basis-100 align-self-lg-start align-self-md-start align-self-start\">\n                                  <!---->\n                                  <div data-colibri-id=\"3130-c24\" class=\"style-1922 style-local-3130-c24 position-relative h-element\">\n                                    <!---->\n                                  <\/div>\n                                <\/div>\n                              <\/div>\n                            <\/div>\n                            <div class=\"h-column h-column-container d-flex h-col-lg-auto h-col-md-auto h-col-auto style-1925-outer style-local-3130-c25-outer\">\n                              <div data-colibri-id=\"3130-c25\" class=\"d-flex h-flex-basis h-column__inner h-px-lg-0 h-px-md-0 h-px-0 v-inner-lg-0 v-inner-md-0 v-inner-0 style-1925 style-local-3130-c25 position-relative\">\n                                <!---->\n                                <!---->\n                                <div class=\"w-100 h-y-container h-column__content h-column__v-align flex-basis-100 align-self-lg-start align-self-md-start align-self-start\">\n                                  <!---->\n                                  <div data-colibri-id=\"3130-c26\" class=\"h-global-transition-all h-heading style-1924 style-local-3130-c26 position-relative h-element\">\n                                    <!---->\n                                    <div class=\"h-heading__outer style-1924 style-local-3130-c26\">\n                                      <!---->\n                                      <!---->\n                                      <a href=\"https:\/\/caimed.de\/en\/forschung\/ki-semantik\/ki-bioinformatik\/\" h-use-smooth-scroll=\"true\">\n                                        <h6 class=\"\">AI &amp; Bioinformatics<\/h6>\n                                      <\/a>\n                                    <\/div>\n                                  <\/div>\n                                <\/div>\n                              <\/div>\n                            <\/div>\n                            <div class=\"h-column h-column-container d-flex h-col-lg-auto h-col-md-auto h-col-auto style-1919-outer style-local-3130-c27-outer\">\n                              <div data-colibri-id=\"3130-c27\" class=\"d-flex h-flex-basis h-column__inner h-px-lg-0 h-px-md-0 h-px-0 v-inner-lg-0 v-inner-md-0 v-inner-0 style-1919 style-local-3130-c27 position-relative\">\n                                <!---->\n                                <!---->\n                                <div class=\"w-100 h-y-container h-column__content h-column__v-align flex-basis-100 align-self-lg-start align-self-md-start align-self-start\">\n                                  <!---->\n                                  <div data-colibri-id=\"3130-c28\" class=\"style-1920 style-local-3130-c28 position-relative h-element\">\n                                    <!---->\n                                  <\/div>\n                                <\/div>\n                              <\/div>\n                            <\/div>\n                            <div class=\"h-column h-column-container d-flex h-col-lg-auto h-col-md-auto h-col-auto style-1921-outer style-local-3130-c29-outer\">\n                              <div data-colibri-id=\"3130-c29\" class=\"d-flex h-flex-basis h-column__inner h-px-lg-0 h-px-md-0 h-px-0 v-inner-lg-0 v-inner-md-0 v-inner-0 style-1921 style-local-3130-c29 position-relative\">\n                                <!---->\n                                <!---->\n                                <div class=\"w-100 h-y-container h-column__content h-column__v-align flex-basis-100 align-self-lg-start align-self-md-start align-self-start\">\n                                  <!---->\n                                  <div data-colibri-id=\"3130-c30\" class=\"style-1922 style-local-3130-c30 position-relative h-element\">\n                                    <!---->\n                                  <\/div>\n                                <\/div>\n                              <\/div>\n                            <\/div>\n                            <div class=\"h-column h-column-container d-flex h-col-lg-auto h-col-md-auto h-col-auto style-1926-outer style-local-3130-c31-outer\">\n                              <div data-colibri-id=\"3130-c31\" class=\"d-flex h-flex-basis h-column__inner h-px-lg-0 h-px-md-0 h-px-0 v-inner-lg-0 v-inner-md-0 v-inner-0 style-1926 style-local-3130-c31 position-relative\">\n                                <!---->\n                                <!---->\n                                <div class=\"w-100 h-y-container h-column__content h-column__v-align flex-basis-100 align-self-lg-start align-self-md-start align-self-start\">\n                                  <!---->\n                                  <div data-colibri-id=\"3130-c32\" class=\"h-global-transition-all h-heading style-1924 style-local-3130-c32 position-relative h-element\">\n                                    <!---->\n                                    <div class=\"h-heading__outer style-1924 style-local-3130-c32\">\n                                      <!---->\n                                      <!---->\n                                      <a href=\"https:\/\/caimed.de\/en\/forschung\/ki-semantik\/multi-omics-daten\/\" h-use-smooth-scroll=\"true\">\n                                        <h6 class=\"\">Multi-Omics Data<\/h6>\n                                      <\/a>\n                                    <\/div>\n                                  <\/div>\n                                <\/div>\n                              <\/div>\n                            <\/div>\n                            <div class=\"h-column h-column-container d-flex h-col-lg-auto h-col-md-auto h-col-auto style-1919-outer style-local-3130-c33-outer\">\n                              <div data-colibri-id=\"3130-c33\" class=\"d-flex h-flex-basis h-column__inner h-px-lg-0 h-px-md-0 h-px-0 v-inner-lg-0 v-inner-md-0 v-inner-0 style-1919 style-local-3130-c33 position-relative\">\n                                <!---->\n                                <!---->\n                                <div class=\"w-100 h-y-container h-column__content h-column__v-align flex-basis-100 align-self-lg-start align-self-md-start align-self-start\">\n                                  <!---->\n                                  <div data-colibri-id=\"3130-c34\" class=\"style-1922 style-local-3130-c34 position-relative h-element\">\n                                    <!---->\n                                  <\/div>\n                                <\/div>\n                              <\/div>\n                            <\/div>\n                            <div class=\"h-column h-column-container d-flex h-col-lg-auto h-col-md-auto h-col-auto style-1921-outer style-local-3130-c35-outer\">\n                              <div data-colibri-id=\"3130-c35\" class=\"d-flex h-flex-basis h-column__inner h-px-lg-0 h-px-md-0 h-px-0 v-inner-lg-0 v-inner-md-0 v-inner-0 style-1921 style-local-3130-c35 position-relative\">\n                                <!---->\n                                <!---->\n                                <div class=\"w-100 h-y-container h-column__content h-column__v-align flex-basis-100 align-self-lg-start align-self-md-start align-self-start\">\n                                  <!---->\n                                  <div data-colibri-id=\"3130-c36\" class=\"style-1922 style-local-3130-c36 position-relative h-element\">\n                                    <!---->\n                                  <\/div>\n                                <\/div>\n                              <\/div>\n                            <\/div>\n                            <div class=\"h-column h-column-container d-flex h-col-lg-auto h-col-md-auto h-col-auto style-1927-outer style-local-3130-c37-outer\">\n                              <div data-colibri-id=\"3130-c37\" class=\"d-flex h-flex-basis h-column__inner h-px-lg-0 h-px-md-0 h-px-0 v-inner-lg-0 v-inner-md-0 v-inner-0 style-1927 style-local-3130-c37 position-relative\">\n                                <!---->\n                                <!---->\n                                <div class=\"w-100 h-y-container h-column__content h-column__v-align flex-basis-100 align-self-lg-start align-self-md-start align-self-start\">\n                                  <!---->\n                                  <div data-colibri-id=\"3130-c38\" class=\"h-global-transition-all h-heading style-1924 style-local-3130-c38 position-relative h-element\">\n                                    <!---->\n                                    <div class=\"h-heading__outer style-1924 style-local-3130-c38\">\n                                      <!---->\n                                      <!---->\n                                      <a href=\"https:\/\/caimed.de\/en\/forschung\/ki-semantik\/statistische-evidenz\/\" h-use-smooth-scroll=\"true\">\n                                        <h6 class=\"\">Statistical Evidence<\/h6>\n                                      <\/a>\n                                    <\/div>\n                                  <\/div>\n                                <\/div>\n                              <\/div>\n                            <\/div>\n                          <\/div>\n                        <\/div>\n                      <\/div>\n                    <\/div>\n                  <\/div>\n                <\/div>\n              <\/div>\n            <\/div>\n          <\/div>\n        <\/div>\n      <\/div>\n    <\/div>\n  <\/div>\n<\/div>","protected":false},"excerpt":{"rendered":"<p>KI &amp; Semantik Die Analyse umfangreicher medizinischer Daten f\u00fcr klinische Entscheidungen erfordert nicht nur das Erkennen statistischer Beziehungen, sondern auch das Verst\u00e4ndnis kausaler Zusammenh\u00e4nge in biologischen Prozessen. Die Nutzung von kausalen und datengetriebenen Modellen macht diese robuster und verst\u00e4ndlicher. Methoden des maschinellen Lernens schlagen eine Br\u00fccke zwischen klinischen Informationen, Bildgebung, Laborwerten und elektronischen Gesundheitsakten f\u00fcr [&hellip;]<\/p>","protected":false},"author":4,"featured_media":0,"parent":2907,"menu_order":0,"comment_status":"closed","ping_status":"closed","template":"page-templates\/full-width-page.php","meta":{"footnotes":""},"class_list":["post-3130","page","type-page","status-publish","hentry"],"_links":{"self":[{"href":"https:\/\/caimed.de\/en\/wp-json\/wp\/v2\/pages\/3130","targetHints":{"allow":["GET"]}}],"collection":[{"href":"https:\/\/caimed.de\/en\/wp-json\/wp\/v2\/pages"}],"about":[{"href":"https:\/\/caimed.de\/en\/wp-json\/wp\/v2\/types\/page"}],"author":[{"embeddable":true,"href":"https:\/\/caimed.de\/en\/wp-json\/wp\/v2\/users\/4"}],"replies":[{"embeddable":true,"href":"https:\/\/caimed.de\/en\/wp-json\/wp\/v2\/comments?post=3130"}],"version-history":[{"count":7,"href":"https:\/\/caimed.de\/en\/wp-json\/wp\/v2\/pages\/3130\/revisions"}],"predecessor-version":[{"id":14348,"href":"https:\/\/caimed.de\/en\/wp-json\/wp\/v2\/pages\/3130\/revisions\/14348"}],"up":[{"embeddable":true,"href":"https:\/\/caimed.de\/en\/wp-json\/wp\/v2\/pages\/2907"}],"wp:attachment":[{"href":"https:\/\/caimed.de\/en\/wp-json\/wp\/v2\/media?parent=3130"}],"curies":[{"name":"wp","href":"https:\/\/api.w.org\/{rel}","templated":true}]}}