{"id":217,"date":"2023-03-06T11:53:02","date_gmt":"2023-03-06T11:53:02","guid":{"rendered":"https:\/\/ai4health-niedersachsen.de\/?page_id=217"},"modified":"2024-02-06T08:52:50","modified_gmt":"2024-02-06T08:52:50","slug":"impressum","status":"publish","type":"page","link":"https:\/\/caimed.de\/en\/impressum\/","title":{"rendered":"Imprint"},"content":{"rendered":"<div data-colibri-id=\"217-c1\" class=\"style-1372 style-local-217-c1 position-relative\">\n  <!---->\n  <div data-colibri-component=\"section\" data-colibri-id=\"217-c2\" id=\"impressum\" class=\"h-section h-section-global-spacing d-flex align-items-lg-center align-items-md-center align-items-center style-2535 style-local-217-c2 position-relative\">\n    <!---->\n    <!---->\n    <div class=\"h-section-grid-container h-section-boxed-container\">\n      <!---->\n      <div data-colibri-id=\"217-c3\" class=\"h-row-container gutters-row-lg-0 gutters-row-md-0 gutters-row-2 gutters-row-v-lg-0 gutters-row-v-md-0 gutters-row-v-2 style-2536 style-local-217-c3 position-relative\">\n        <!---->\n        <div class=\"h-row justify-content-lg-center justify-content-md-center justify-content-center align-items-lg-stretch align-items-md-stretch align-items-stretch gutters-col-lg-0 gutters-col-md-0 gutters-col-2 gutters-col-v-lg-0 gutters-col-v-md-0 gutters-col-v-2\">\n          <!---->\n          <div class=\"h-column h-column-container d-flex h-col-lg-auto h-col-md-auto h-col-auto style-2537-outer style-local-217-c4-outer\">\n            <div data-colibri-id=\"217-c4\" class=\"d-flex h-flex-basis h-column__inner h-px-lg-0 h-px-md-0 h-px-0 v-inner-lg-0 v-inner-md-0 v-inner-0 style-2537 style-local-217-c4 position-relative\">\n              <!---->\n              <!---->\n              <div class=\"w-100 h-y-container h-column__content h-column__v-align flex-basis-100 align-self-lg-start align-self-md-start align-self-start\">\n                <!---->\n                <div data-colibri-id=\"217-c5\" class=\"style-2538 style-local-217-c5 position-relative h-element\">\n                  <!---->\n                <\/div>\n              <\/div>\n            <\/div>\n          <\/div>\n          <div class=\"h-column h-column-container d-flex h-col-lg-auto h-col-md-auto h-col-auto style-2539-outer style-local-217-c6-outer\">\n            <div data-colibri-id=\"217-c6\" class=\"d-flex h-flex-basis h-column__inner h-px-lg-0 h-px-md-0 h-px-0 v-inner-lg-0 v-inner-md-0 v-inner-0 style-2539 style-local-217-c6 position-relative\">\n              <!---->\n              <!---->\n              <div class=\"w-100 h-y-container h-column__content h-column__v-align flex-basis-100 align-self-lg-start align-self-md-start align-self-start\">\n                <!---->\n                <div data-colibri-id=\"217-c7\" class=\"h-global-transition-all h-heading style-2540 style-local-217-c7 position-relative h-element\">\n                  <!---->\n                  <div class=\"h-heading__outer style-2540 style-local-217-c7\">\n                    <!---->\n                    <!---->\n                    <h1 class=\"\">Imprint<\/h1>\n                  <\/div>\n                <\/div>\n              <\/div>\n            <\/div>\n          <\/div>\n        <\/div>\n      <\/div>\n      <div data-colibri-id=\"217-c8\" class=\"h-row-container gutters-row-lg-2 gutters-row-md-0 gutters-row-2 gutters-row-v-lg-0 gutters-row-v-md-0 gutters-row-v-2 style-2541 style-local-217-c8 position-relative\">\n        <!---->\n        <div class=\"h-row justify-content-lg-center justify-content-md-center justify-content-center align-items-lg-stretch align-items-md-stretch align-items-stretch gutters-col-lg-2 gutters-col-md-0 gutters-col-2 gutters-col-v-lg-0 gutters-col-v-md-0 gutters-col-v-2\">\n          <!---->\n          <div class=\"h-column h-column-container d-flex h-col-lg h-col-md-auto h-col-auto style-2542-outer style-local-217-c9-outer\">\n            <div data-colibri-id=\"217-c9\" class=\"d-flex h-flex-basis h-column__inner h-px-lg-0 h-px-md-0 h-px-0 v-inner-lg-0 v-inner-md-0 v-inner-0 style-2542 style-local-217-c9 position-relative\">\n              <!---->\n              <!---->\n              <div class=\"w-100 h-y-container h-column__content h-column__v-align flex-basis-100 align-self-lg-start align-self-md-start align-self-start\">\n                <!---->\n                <div data-colibri-id=\"217-c10\" class=\"h-text h-text-component style-2543 style-local-217-c10 position-relative h-element\">\n                  <!---->\n                  <!---->\n                  <div class=\"\">\n                    <p>Die Webseite des <span style=\"font-weight: 600;\">CAIMed &#8211; Nieders\u00e4chsisches Zentrum f\u00fcr KI und Kausale Methoden in der Medizin<\/span> wird betrieben von<\/p>\n                    <p><span style=\"font-weight: 600;\"><\/span><\/p>\n                    <p><span style=\"font-weight: 600;\">L3S Research Center<\/span><\/p>\n                    <p>Appelstra\u00dfe 9a\n                      <br>30167 Hannover\n                      <br>Tel. +49 511 762 \u2013 17715\n                      <br>Fax +49 511 762 \u2013 17779<\/p>\n                    <p>Vertreten durch:<\/p>\n                    <p>Prof. Dr. Wolfgang Nejdl (Gesch\u00e4ftsf\u00fchrender Direktor)\n                      <br>Dr. Claudia Nieder\u00e9e (Gesch\u00e4ftsf\u00fchrerin)\n                      <br>Dr. Johannes Winter (stellv. Gesch\u00e4ftsf\u00fchrer)<\/p>\n                    <p>Gottfried Wilhelm Leibniz Universit\u00e4t Hannover<\/p>\n                    <p>Welfengarten 1\n                      <br>30167 Hannover\n                      <br>Tel. +49 511 762-0\n                      <br>Fax +49 511 762-3456<\/p>\n                    <p>Vertreten durch:<\/p>\n                    <p>Pr\u00e4sident der Leibniz Universit\u00e4t Hannover<\/p>\n                    <p>\n                      <br>\n                    <\/p>\n                    <p>Konzeption, Koordination, Corporate Webdesign<\/p>\n                    <p>CAIMed Kommunikation\n                      <br>Webdesign mit&nbsp;&nbsp;\n                      <a href=\"https:\/\/wordpress.com\" target=\"_blank\" rel=\"noreferrer noopener\" style=\"font-family: Poppins; font-weight: 400; font-size: 1em; color: rgb(143, 170, 201);\" class=\"customize-unpreviewable\">WordPress<\/a>\n                    <\/p>\n                    <p>\n                      <br>\n                    <\/p>\n                    <p>Fotos<\/p>\n                    <p>Diese Webseite enth\u00e4lt Fotos von&nbsp;\n                      <a href=\"https:\/\/stock.adobe.com\" target=\"_blank\" rel=\"noreferrer noopener\" style=\"font-family: Poppins; font-weight: 400; font-size: 1em; color: rgb(143, 170, 201);\" class=\"customize-unpreviewable\">stock.adobe.com<\/a>,&nbsp;\n                      <a href=\"https:\/\/unsplash.com\" target=\"_blank\" rel=\"noreferrer noopener\" style=\"font-family: Poppins; font-weight: 400; font-size: 1em; color: rgb(143, 170, 201);\" class=\"customize-unpreviewable\">www.unsplash.com<\/a>,&nbsp;\n                      <a href=\"https:\/\/pixabay.com\" target=\"_blank\" rel=\"noreferrer noopener\" style=\"color: rgb(143, 170, 201); font-size: 1em; font-weight: 400; font-family: Poppins;\" class=\"customize-unpreviewable\">www.pixabay.com<\/a>,&nbsp;\n                      <a href=\"https:\/\/www.canva.com\" target=\"_blank\" rel=\"noreferrer noopener\" style=\"font-family: Poppins; font-weight: 400; font-size: 1em; color: rgb(143, 170, 201);\" class=\"customize-unpreviewable\">www.canva.com<\/a>,&nbsp;\n                      <a href=\"https:\/\/www.pexels.com\" target=\"_blank\" rel=\"noreferrer noopener\" style=\"font-family: Poppins; font-weight: 400; font-size: 1em; color: rgb(143, 170, 201);\" class=\"customize-unpreviewable\">www.pexels.com<\/a>\n                    <\/p>\n                    <p>\n                      <br>\n                    <\/p>\n                    <p>Die Gottfried Wilhelm Leibniz Universit\u00e4t Hannover ist eine K\u00f6rperschaft des \u00f6ffentlichen Rechts. Sie wird durch den Pr\u00e4sidenten Prof. Dr. iur. Volker Epping gesetzlich vertreten.\n                      <br>Zust\u00e4ndige Aufsichtsbeh\u00f6rde:&nbsp;Stiftung Gottfried Wilhelm Leibniz Universit\u00e4t Hannover, Welfengarten 1, 30167 Hannover\n                      <br>Umsatzsteuer-Identifikationsnummer gem\u00e4\u00df \u00a7 27a Umsatzsteuergesetz: DE 811 245 527<\/p>\n                    <p>Die inhaltlich verantwortlichen Personen einzelner journalistisch-redaktioneller Texte gem\u00e4\u00df \u00a7 6 MDStV sind unter dem jeweiligen Beitrag auf der Seite selbst genannt. F\u00fcr alle anderen Inhalte sind Dr. Johannes Winter, Dr. Claudia Nieder\u00e9e\n                      und Prof. Dr. Wolfgang Nejdl (Adresse siehe oben) verantwortlich.<\/p>\n                  <\/div>\n                <\/div>\n              <\/div>\n            <\/div>\n          <\/div>\n        <\/div>\n      <\/div>\n    <\/div>\n  <\/div>\n<\/div>","protected":false},"excerpt":{"rendered":"<p>Impressum Die Webseite des CAIMed &#8211; Nieders\u00e4chsisches Zentrum f\u00fcr KI und Kausale Methoden in der Medizin wird betrieben von \ufeff Forschungszentrum L3S Appelstra\u00dfe 9a 30167 Hannover Tel. +49 511 762 \u2013 17715 Fax +49 511 762 \u2013 17779 Vertreten durch: Prof. Dr. Wolfgang Nejdl (Gesch\u00e4ftsf\u00fchrender Direktor) Dr. Claudia Nieder\u00e9e (Gesch\u00e4ftsf\u00fchrerin) Dr. Johannes Winter (stellv. Gesch\u00e4ftsf\u00fchrer) [&hellip;]<\/p>","protected":false},"author":2,"featured_media":0,"parent":0,"menu_order":0,"comment_status":"closed","ping_status":"closed","template":"page-templates\/full-width-page.php","meta":{"footnotes":""},"class_list":["post-217","page","type-page","status-publish","hentry"],"_links":{"self":[{"href":"https:\/\/caimed.de\/en\/wp-json\/wp\/v2\/pages\/217","targetHints":{"allow":["GET"]}}],"collection":[{"href":"https:\/\/caimed.de\/en\/wp-json\/wp\/v2\/pages"}],"about":[{"href":"https:\/\/caimed.de\/en\/wp-json\/wp\/v2\/types\/page"}],"author":[{"embeddable":true,"href":"https:\/\/caimed.de\/en\/wp-json\/wp\/v2\/users\/2"}],"replies":[{"embeddable":true,"href":"https:\/\/caimed.de\/en\/wp-json\/wp\/v2\/comments?post=217"}],"version-history":[{"count":9,"href":"https:\/\/caimed.de\/en\/wp-json\/wp\/v2\/pages\/217\/revisions"}],"predecessor-version":[{"id":6482,"href":"https:\/\/caimed.de\/en\/wp-json\/wp\/v2\/pages\/217\/revisions\/6482"}],"wp:attachment":[{"href":"https:\/\/caimed.de\/en\/wp-json\/wp\/v2\/media?parent=217"}],"curies":[{"name":"wp","href":"https:\/\/api.w.org\/{rel}","templated":true}]}}