{"id":1915,"date":"2023-08-24T13:23:01","date_gmt":"2023-08-24T13:23:01","guid":{"rendered":"https:\/\/caimed.de\/?page_id=1915"},"modified":"2025-02-18T16:25:25","modified_gmt":"2025-02-18T15:25:25","slug":"personen","status":"publish","type":"page","link":"https:\/\/caimed.de\/en\/das-zentrum\/personen\/","title":{"rendered":"People"},"content":{"rendered":"<div data-colibri-id=\"1915-c1\" class=\"style-1151 style-local-1915-c1 position-relative\">\n  <!---->\n  <div data-colibri-component=\"section\" data-colibri-id=\"1915-c2\" id=\"organisation\" class=\"h-section h-section-global-spacing d-flex align-items-lg-center align-items-md-center align-items-center style-1692 style-local-1915-c2 position-relative\">\n    <!---->\n    <!---->\n    <div class=\"h-section-grid-container h-section-boxed-container\">\n      <!---->\n      <div data-colibri-id=\"1915-c3\" class=\"h-row-container gutters-row-lg-0 gutters-row-md-0 gutters-row-2 gutters-row-v-lg-0 gutters-row-v-md-0 gutters-row-v-2 style-1693 style-local-1915-c3 position-relative\">\n        <!---->\n        <div class=\"h-row justify-content-lg-center justify-content-md-center justify-content-center align-items-lg-stretch align-items-md-stretch align-items-stretch gutters-col-lg-0 gutters-col-md-0 gutters-col-2 gutters-col-v-lg-0 gutters-col-v-md-0 gutters-col-v-2\">\n          <!---->\n          <div class=\"h-column h-column-container d-flex h-col-lg-auto h-col-md-auto h-col-auto style-5362-outer style-local-1915-c4-outer\">\n            <div data-colibri-id=\"1915-c4\" class=\"d-flex h-flex-basis h-column__inner h-px-lg-0 h-px-md-0 h-px-0 v-inner-lg-0 v-inner-md-0 v-inner-0 style-5362 style-local-1915-c4 position-relative\">\n              <!---->\n              <!---->\n              <div class=\"w-100 h-y-container h-column__content h-column__v-align flex-basis-100 align-self-lg-start align-self-md-start align-self-start\">\n                <!---->\n                <div data-colibri-id=\"1915-c5\" class=\"style-5357 style-local-1915-c5 position-relative h-element\">\n                  <!---->\n                  <div class=\"h-global-transition-all\"><div id='colibri-1915-c5' class='breadcrumb-wrapper'>    <style type=\"text\/css\">\n        \/* breadcrumb separator symbol *\/\n\n        #colibri-1915-c5        .colibri-breadcrumb > li + li:before {\n            content: \"|\";\n            white-space: pre;\n        }\n    <\/style>\n\n    \n    <div class=\"colibri-1915-c5-dls-wrapper breadcrumb-items__wrapper\">\n                <ol class=\"breadcrumb colibri-breadcrumb\"><li class=\"breadcrumb-item\"><a href=\"https:\/\/caimed.de\/en\/\">Home<\/a><\/li><li class=\"breadcrumb-item\"><a href=\"https:\/\/caimed.de\/en\/das-zentrum\/\">The Center<\/a><\/li><\/ol>    <\/div>\n    <\/div><\/div>\n                <\/div>\n              <\/div>\n            <\/div>\n          <\/div>\n          <div class=\"h-column h-column-container d-flex h-col-lg-auto h-col-md-auto h-col-auto style-1694-outer style-local-1915-c6-outer\">\n            <div data-colibri-id=\"1915-c6\" class=\"d-flex h-flex-basis h-column__inner h-px-lg-0 h-px-md-0 h-px-0 v-inner-lg-0 v-inner-md-0 v-inner-0 style-1694 style-local-1915-c6 position-relative\">\n              <!---->\n              <!---->\n              <div class=\"w-100 h-y-container h-column__content h-column__v-align flex-basis-100 align-self-lg-start align-self-md-start align-self-start\">\n                <!---->\n                <div data-colibri-id=\"1915-c7\" class=\"style-1695 style-local-1915-c7 position-relative h-element\">\n                  <!---->\n                <\/div>\n              <\/div>\n            <\/div>\n          <\/div>\n          <div class=\"h-column h-column-container d-flex h-col-lg-auto h-col-md-auto h-col-auto style-1696-outer style-local-1915-c8-outer\">\n            <div data-colibri-id=\"1915-c8\" class=\"d-flex h-flex-basis h-column__inner h-px-lg-0 h-px-md-0 h-px-0 v-inner-lg-0 v-inner-md-0 v-inner-0 style-1696 style-local-1915-c8 position-relative\">\n              <!---->\n              <!---->\n              <div class=\"w-100 h-y-container h-column__content h-column__v-align flex-basis-100 align-self-lg-start align-self-md-start align-self-start\">\n                <!---->\n                <div data-colibri-id=\"1915-c9\" class=\"h-global-transition-all h-heading style-1697 style-local-1915-c9 position-relative h-element\">\n                  <!---->\n                  <div class=\"h-heading__outer style-1697 style-local-1915-c9\">\n                    <!---->\n                    <!---->\n                    <h1 class=\"\">People<\/h1>\n                  <\/div>\n                <\/div>\n              <\/div>\n            <\/div>\n          <\/div>\n        <\/div>\n      <\/div>\n      <div data-colibri-id=\"1915-c10\" class=\"h-row-container gutters-row-lg-2 gutters-row-md-0 gutters-row-2 gutters-row-v-lg-0 gutters-row-v-md-0 gutters-row-v-2 style-1698 style-local-1915-c10 position-relative\">\n        <!---->\n        <div class=\"h-row justify-content-lg-center justify-content-md-center justify-content-center align-items-lg-stretch align-items-md-stretch align-items-stretch gutters-col-lg-2 gutters-col-md-0 gutters-col-2 gutters-col-v-lg-0 gutters-col-v-md-0 gutters-col-v-2\">\n          <!---->\n          <div class=\"h-column h-column-container d-flex h-col-lg-auto h-col-md-auto h-col-auto style-1699-outer style-local-1915-c11-outer\">\n            <div data-colibri-id=\"1915-c11\" class=\"d-flex h-flex-basis h-column__inner h-px-lg-0 h-px-md-0 h-px-0 v-inner-lg-0 v-inner-md-0 v-inner-0 style-1699 style-local-1915-c11 position-relative\">\n              <!---->\n              <!---->\n              <div class=\"w-100 h-y-container h-column__content h-column__v-align flex-basis-100 align-self-lg-start align-self-md-start align-self-start\">\n                <!---->\n                <div data-colibri-id=\"1915-c12\" class=\"h-text h-text-component style-1700 style-local-1915-c12 position-relative h-element\">\n                  <!---->\n                  <!---->\n                  <div class=\"\">\n                    <p>CAIMed is managed by a scientific\n                      <a href=\"https:\/\/caimed.de\/en\/das-zentrum\/personen\/direktorium\/\" draggable=\"false\">Board of Directors<\/a> and a\n                      <a href=\"https:\/\/caimed.de\/en\/das-zentrum\/personen\/geschaeftsstelle\/\" draggable=\"false\">management team<\/a>. The Board of Directors is appointed by the Ministry of Science and Culture of Lower Saxony on the recommendation of the CAIMed\n                      <a href=\"https:\/\/caimed.de\/en\/das-zentrum\/personen\/aufsichtsrat\/\" draggable=\"false\">Supervisory Board<\/a>, which is made up of members nominated by the Presidia of all five CAIMed partner institutions in Hanover, G\u00f6ttingen and Braunschweig. The research center is advised in its strategic and content-related orientation by an independent, internationally renowned scientific advisory board. Under the umbrella of CAIMed, 12 interdisciplinary junior research groups work in the four\n                      <a href=\"https:\/\/caimed.de\/en\/forschung\/#cluster\" draggable=\"false\">methodological clusters<\/a>, which are mentored by the CAIMed\n                      <a href=\"https:\/\/caimed.de\/en\/das-zentrum\/personen\/konsortium\/\">consortium members<\/a> . CAIMed is operationally managed by a central\n                      <a href=\"https:\/\/caimed.de\/en\/das-zentrum\/personen\/geschaeftsstelle\/\" draggable=\"false\">Office <\/a>headed by the Managing Director.<\/p>\n                  <\/div>\n                <\/div>\n              <\/div>\n            <\/div>\n          <\/div>\n        <\/div>\n      <\/div>\n    <\/div>\n  <\/div>\n<\/div>","protected":false},"excerpt":{"rendered":"<p>Personen CAIMed wird geleitet durch ein wissenschaftliches Direktorium und eine Gesch\u00e4ftsf\u00fchrung.&nbsp;Die Bestellung des Direktoriums erfolgt durch das Nieders\u00e4chsische Ministerium f\u00fcr Wissenschaft und Kultur, auf Vorschlag des CAIMed Aufsichtsrats, dem von den Pr\u00e4sidien nominierte Mitglieder aller f\u00fcnf CAIMed Partnerinstitutionen aus Hannover, G\u00f6ttingen und Braunschweig angeh\u00f6ren. Das Forschungszentrum wird durch einen unabh\u00e4ngigen, international ausgewiesenen wissenschaftlichen Beirat in [&hellip;]<\/p>","protected":false},"author":4,"featured_media":0,"parent":1755,"menu_order":0,"comment_status":"closed","ping_status":"closed","template":"page-templates\/full-width-page.php","meta":{"footnotes":""},"class_list":["post-1915","page","type-page","status-publish","hentry"],"_links":{"self":[{"href":"https:\/\/caimed.de\/en\/wp-json\/wp\/v2\/pages\/1915","targetHints":{"allow":["GET"]}}],"collection":[{"href":"https:\/\/caimed.de\/en\/wp-json\/wp\/v2\/pages"}],"about":[{"href":"https:\/\/caimed.de\/en\/wp-json\/wp\/v2\/types\/page"}],"author":[{"embeddable":true,"href":"https:\/\/caimed.de\/en\/wp-json\/wp\/v2\/users\/4"}],"replies":[{"embeddable":true,"href":"https:\/\/caimed.de\/en\/wp-json\/wp\/v2\/comments?post=1915"}],"version-history":[{"count":21,"href":"https:\/\/caimed.de\/en\/wp-json\/wp\/v2\/pages\/1915\/revisions"}],"predecessor-version":[{"id":11067,"href":"https:\/\/caimed.de\/en\/wp-json\/wp\/v2\/pages\/1915\/revisions\/11067"}],"up":[{"embeddable":true,"href":"https:\/\/caimed.de\/en\/wp-json\/wp\/v2\/pages\/1755"}],"wp:attachment":[{"href":"https:\/\/caimed.de\/en\/wp-json\/wp\/v2\/media?parent=1915"}],"curies":[{"name":"wp","href":"https:\/\/api.w.org\/{rel}","templated":true}]}}