{"id":14956,"date":"2026-04-23T09:11:29","date_gmt":"2026-04-23T07:11:29","guid":{"rendered":"https:\/\/caimed.de\/?page_id=14956"},"modified":"2026-04-23T11:29:56","modified_gmt":"2026-04-23T09:29:56","slug":"jana-hutter","status":"publish","type":"page","link":"https:\/\/caimed.de\/en\/das-zentrum\/personen\/jana-hutter\/","title":{"rendered":"Jana Hutter"},"content":{"rendered":"<div data-colibri-id=\"14956-c1\" class=\"style-7826 style-local-14956-c1 position-relative\">\r\n  <!---->\r\n  <div data-colibri-component=\"section\" data-colibri-id=\"14956-c2\" id=\"reusable-sections\" class=\"h-section h-section-global-spacing d-flex align-items-lg-center align-items-md-center align-items-center style-7827 style-local-14956-c2 position-relative\">\r\n    <!---->\r\n    <!---->\r\n    <div class=\"h-section-grid-container h-section-boxed-container\">\r\n      <!---->\r\n      <div data-colibri-id=\"14956-c3\" class=\"h-row-container gutters-row-lg-2 gutters-row-md-0 gutters-row-2 gutters-row-v-lg-0 gutters-row-v-md-0 gutters-row-v-2 style-7828 style-local-14956-c3 position-relative\">\r\n        <!---->\r\n        <div class=\"h-row justify-content-lg-center justify-content-md-center justify-content-center align-items-lg-stretch align-items-md-stretch align-items-stretch gutters-col-lg-2 gutters-col-md-0 gutters-col-2 gutters-col-v-lg-0 gutters-col-v-md-0 gutters-col-v-2\">\r\n          <!---->\r\n          <div class=\"h-column h-column-container d-flex h-col-lg-auto h-col-md-auto h-col-auto style-7829-outer style-local-14956-c4-outer\">\r\n            <div data-colibri-id=\"14956-c4\" class=\"d-flex h-flex-basis h-column__inner h-px-lg-0 h-px-md-0 h-px-0 v-inner-lg-0 v-inner-md-0 v-inner-0 style-7829 style-local-14956-c4 position-relative\">\r\n              <!---->\r\n              <!---->\r\n              <div class=\"w-100 h-y-container h-column__content h-column__v-align flex-basis-auto align-self-lg-start align-self-md-start align-self-start\">\r\n                <!---->\r\n                <div data-colibri-id=\"14956-c5\" class=\"d-block style-7830 style-local-14956-c5 position-relative h-element\">\r\n                  <!---->\r\n                  <div class=\"h-image__frame-container-outer\">\r\n                    <div class=\"h-image__frame-container\">\r\n                      <!---->\r\n                      <!---->\r\n                      <img decoding=\"async\" width=\"400\" height=\"400\" data-src=\"https:\/\/caimed.de\/wp-content\/uploads\/2026\/03\/Jana-Hutter-1.png\" class=\"wp-image-14761 style-7830-image style-local-14956-c5-image lazyload\" alt=\"\" data-srcset=\"https:\/\/caimed.de\/wp-content\/uploads\/2026\/03\/Jana-Hutter-1.png 400w, https:\/\/caimed.de\/wp-content\/uploads\/2026\/03\/Jana-Hutter-1-12x12.png 12w\" data-sizes=\"(max-width: 400px) 100vw, 400px\" src=\"data:image\/svg+xml;base64,PHN2ZyB3aWR0aD0iMSIgaGVpZ2h0PSIxIiB4bWxucz0iaHR0cDovL3d3dy53My5vcmcvMjAwMC9zdmciPjwvc3ZnPg==\" style=\"--smush-placeholder-width: 400px; --smush-placeholder-aspect-ratio: 400\/400;\" \/>\r\n                      <div class=\"h-image__frame h-hide-lg h-hide-md h-hide-sm style-7830-frameImage style-local-14956-c5-frameImage\"><\/div>\r\n                    <\/div>\r\n                  <\/div>\r\n                <\/div>\r\n              <\/div>\r\n            <\/div>\r\n          <\/div>\r\n          <div class=\"h-column h-column-container d-flex h-col-lg h-col-md-auto h-col-auto style-7831-outer style-local-14956-c6-outer\">\r\n            <div data-colibri-id=\"14956-c6\" class=\"d-flex h-flex-basis h-column__inner h-px-lg-0 h-px-md-0 h-px-0 v-inner-lg-0 v-inner-md-0 v-inner-0 style-7831 style-local-14956-c6 position-relative\">\r\n              <!---->\r\n              <!---->\r\n              <div class=\"w-100 h-y-container h-column__content h-column__v-align flex-basis-100 align-self-lg-start align-self-md-start align-self-start\">\r\n                <!---->\r\n                <div data-colibri-id=\"14956-c7\" class=\"h-row-container gutters-row-lg-0 gutters-row-md-0 gutters-row-0 gutters-row-v-lg-0 gutters-row-v-md-0 gutters-row-v-0 style-7832 style-local-14956-c7 position-relative\">\r\n                  <!---->\r\n                  <div class=\"h-row justify-content-lg-center justify-content-md-center justify-content-center align-items-lg-stretch align-items-md-stretch align-items-stretch gutters-col-lg-0 gutters-col-md-0 gutters-col-0 gutters-col-v-lg-0 gutters-col-v-md-0 gutters-col-v-0\">\r\n                    <!---->\r\n                    <div class=\"h-column h-column-container d-flex h-col-lg-auto h-col-md-auto h-col-auto style-7833-outer style-local-14956-c8-outer\">\r\n                      <div data-colibri-id=\"14956-c8\" class=\"d-flex h-flex-basis h-column__inner h-px-lg-2 h-px-md-2 h-px-2 v-inner-lg-2 v-inner-md-2 v-inner-2 style-7833 style-local-14956-c8 position-relative\">\r\n                        <!---->\r\n                        <!---->\r\n                        <div class=\"w-100 h-y-container h-column__content h-column__v-align flex-basis-100 align-self-lg-start align-self-md-start align-self-start\">\r\n                          <!---->\r\n                          <div data-colibri-id=\"14956-c9\" class=\"style-7834 style-local-14956-c9 position-relative h-element\">\r\n                            <!---->\r\n                          <\/div>\r\n                        <\/div>\r\n                      <\/div>\r\n                    <\/div>\r\n                    <div class=\"h-column h-column-container d-flex h-col-lg-auto h-col-md-auto h-col-auto style-7835-outer style-local-14956-c10-outer\">\r\n                      <div data-colibri-id=\"14956-c10\" class=\"d-flex h-flex-basis h-column__inner h-px-lg-0 h-px-md-0 h-px-0 v-inner-lg-0 v-inner-md-0 v-inner-0 style-7835 style-local-14956-c10 position-relative\">\r\n                        <!---->\r\n                        <!---->\r\n                        <div class=\"w-100 h-y-container h-column__content h-column__v-align flex-basis-100 align-self-lg-start align-self-md-start align-self-end\">\r\n                          <!---->\r\n                          <div data-colibri-id=\"14956-c11\" class=\"h-global-transition-all h-heading style-7836 style-local-14956-c11 position-relative h-element\">\r\n                            <!---->\r\n                            <div class=\"h-heading__outer style-7836 style-local-14956-c11\">\r\n                              <!---->\r\n                              <!---->\r\n                              <h1 class=\"\">Prof. Dr. Jana Hutter<\/h1>\r\n                            <\/div>\r\n                          <\/div>\r\n                        <\/div>\r\n                      <\/div>\r\n                    <\/div>\r\n                  <\/div>\r\n                <\/div>\r\n                <div data-colibri-id=\"14956-c12\" class=\"h-text h-text-component style-7837 style-local-14956-c12 position-relative h-element\">\r\n                  <!---->\r\n                  <!---->\r\n                  <div class=\"\">\r\n                    <p>Gruppenleiterin der Gruppe&nbsp;<span style=\"font-weight: 400; font-size: 18px; font-family: Poppins; color: rgb(250, 250, 250);\">Maschinelles Lernen f\u00fcr nicht-textuelle Daten<\/span><\/p>\r\n                  <\/div>\r\n                <\/div>\r\n                <div data-colibri-id=\"14956-c13\" class=\"h-row-container gutters-row-lg-0 gutters-row-md-0 gutters-row-0 gutters-row-v-lg-1 gutters-row-v-md-1 gutters-row-v-1 style-7838 style-local-14956-c13 position-relative\">\r\n                  <!---->\r\n                  <div class=\"h-row justify-content-lg-start justify-content-md-start justify-content-start align-items-lg-stretch align-items-md-stretch align-items-stretch gutters-col-lg-0 gutters-col-md-0 gutters-col-0 gutters-col-v-lg-1 gutters-col-v-md-1 gutters-col-v-1\">\r\n                    <!---->\r\n                    <div class=\"h-column h-column-container d-flex h-col-lg-6 h-col-md-6 h-col-12 style-7839-outer style-local-14956-c14-outer\">\r\n                      <div data-colibri-id=\"14956-c14\" class=\"d-flex h-flex-basis h-column__inner h-px-lg-0 h-px-md-0 h-px-0 v-inner-lg-0 v-inner-md-0 v-inner-0 style-7839 style-local-14956-c14 position-relative\">\r\n                        <!---->\r\n                        <!---->\r\n                        <div class=\"w-100 h-y-container h-column__content h-column__v-align flex-basis-100 align-self-lg-start align-self-md-start align-self-center\">\r\n                          <!---->\r\n                          <div data-colibri-id=\"14956-c15\" class=\"h-global-transition-all h-heading style-7840 style-local-14956-c15 position-relative h-element\">\r\n                            <!---->\r\n                            <div class=\"h-heading__outer style-7840 style-local-14956-c15\">\r\n                              <!---->\r\n                              <!---->\r\n                              <h6 class=\"\">Email<\/h6>\r\n                            <\/div>\r\n                          <\/div>\r\n                          <div data-colibri-id=\"14956-c16\" class=\"h-x-container style-7841 style-local-14956-c16 position-relative h-element\">\r\n                            <!---->\r\n                            <div class=\"h-x-container-inner style-dynamic-14956-c16-group style-7841-spacing style-local-14956-c16-spacing\"><span class=\"h-link__outer style-7842-outer style-local-14956-c17-outer d-inline-flex h-element\"><a h-use-smooth-scroll=\"true\" href=\"mailto:hutter@tnt.uni-hannover.de\"  data-colibri-id=\"14956-c17\" class=\"d-flex w-100 align-items-center h-link style-7842 style-local-14956-c17 position-relative\"><!----><span  class=\"h-svg-icon h-link__icon style-7842-icon style-local-14956-c17-icon\"><!--Icon by Icons8 Line Awesome (https:\/\/icons8.com\/line-awesome)--><svg version=\"1.1\" xmlns=\"http:\/\/www.w3.org\/2000\/svg\" xmlns:xlink=\"http:\/\/www.w3.org\/1999\/xlink\" id=\"envelope-o\" viewbox=\"0 0 512 545.5\"><path d=\"M48 160h416v288H48V160zm69 32l139 92.5L395 192H117zm-37 14v210h352V206L265 317.5l-9 5.5-9-5.5z\"><\/path><\/svg><\/span>                              <span>hutter@tnt.uni-hannover.de<\/span><\/a>\r\n                              <\/span>\r\n                            <\/div>\r\n                          <\/div>\r\n                        <\/div>\r\n                      <\/div>\r\n                    <\/div>\r\n                    <div class=\"h-column h-column-container d-flex h-col-lg-6 h-col-md-6 h-col-12 style-7839-outer style-local-14956-c18-outer\">\r\n                      <div data-colibri-id=\"14956-c18\" class=\"d-flex h-flex-basis h-column__inner h-px-lg-0 h-px-md-0 h-px-0 v-inner-lg-0 v-inner-md-0 v-inner-0 style-7839 style-local-14956-c18 position-relative\">\r\n                        <!---->\r\n                        <!---->\r\n                        <div class=\"w-100 h-y-container h-column__content h-column__v-align flex-basis-100 align-self-lg-start align-self-md-start align-self-center\">\r\n                          <!---->\r\n                          <div data-colibri-id=\"14956-c19\" class=\"h-global-transition-all h-heading style-7840 style-local-14956-c19 position-relative h-element\">\r\n                            <!---->\r\n                            <div class=\"h-heading__outer style-7840 style-local-14956-c19\">\r\n                              <!---->\r\n                              <!---->\r\n                              <h6 class=\"\">Address<\/h6>\r\n                            <\/div>\r\n                          <\/div>\r\n                          <div data-colibri-id=\"14956-c20\" class=\"h-row-container gutters-row-lg-0 gutters-row-md-0 gutters-row-0 gutters-row-v-lg-0 gutters-row-v-md-0 gutters-row-v-0 style-7843 style-local-14956-c20 position-relative\">\r\n                            <!---->\r\n                            <div class=\"h-row justify-content-lg-start justify-content-md-start justify-content-center align-items-lg-stretch align-items-md-stretch align-items-stretch gutters-col-lg-0 gutters-col-md-0 gutters-col-0 gutters-col-v-lg-0 gutters-col-v-md-0 gutters-col-v-0\">\r\n                              <!---->\r\n                              <div class=\"h-column h-column-container d-flex h-col-lg-auto h-col-md-auto h-col-auto style-7844-outer style-local-14956-c21-outer\">\r\n                                <div data-colibri-id=\"14956-c21\" class=\"d-flex h-flex-basis h-column__inner h-px-lg-0 h-px-md-0 h-px-0 v-inner-lg-0 v-inner-md-0 v-inner-0 style-7844 style-local-14956-c21 position-relative\">\r\n                                  <!---->\r\n                                  <!---->\r\n                                  <div class=\"w-100 h-y-container h-column__content h-column__v-align flex-basis-100 align-self-lg-start align-self-md-start align-self-start\">\r\n                                    <!---->\r\n                                    <div data-colibri-id=\"14956-c22\" class=\"h-icon style-7845 style-local-14956-c22 position-relative h-element\">\r\n                                      <!----><span class=\"h-svg-icon h-icon__icon style-7845-icon style-local-14956-c22-icon\"><!--Icon by Icons8 Line Awesome (https:\/\/icons8.com\/line-awesome)--><svg version=\"1.1\" xmlns=\"http:\/\/www.w3.org\/2000\/svg\" xmlns:xlink=\"http:\/\/www.w3.org\/1999\/xlink\" id=\"map-marker\" viewbox=\"0 0 512 545.5\"><path d=\"M256 80c79.336 0 144 64.664 144 144 0 22.5-9.116 48.313-21.5 76.5s-28.314 58.098-44.5 86C301.628 442.306 269 489 269 489l-13 19-13-19s-32.628-46.694-65-102.5c-16.186-27.902-32.116-57.813-44.5-86S112 246.5 112 224c0-79.336 64.664-144 144-144zm0 32c-62.04 0-112 49.96-112 112 0 12.844 6.884 37.06 18.5 63.5s27.686 55.738 43.5 83c25.155 43.364 40.74 66.3 50 80 9.26-13.7 24.845-36.636 50-80 15.815-27.262 31.884-56.56 43.5-83S368 236.844 368 224c0-62.04-49.96-112-112-112zm0 80c17.673 0 32 14.327 32 32s-14.327 32-32 32-32-14.327-32-32 14.327-32 32-32z\"><\/path><\/svg><\/span><\/div>\r\n                                  <\/div>\r\n                                <\/div>\r\n                              <\/div>\r\n                              <div class=\"h-column h-column-container d-flex h-col-lg-auto h-col-md-auto h-col-auto style-7846-outer style-local-14956-c23-outer\">\r\n                                <div data-colibri-id=\"14956-c23\" class=\"d-flex h-flex-basis h-column__inner h-px-lg-0 h-px-md-0 h-px-0 v-inner-lg-0 v-inner-md-0 v-inner-0 style-7846 style-local-14956-c23 position-relative\">\r\n                                  <!---->\r\n                                  <!---->\r\n                                  <div class=\"w-100 h-y-container h-column__content h-column__v-align flex-basis-100 align-self-lg-start align-self-md-start align-self-center\">\r\n                                    <!---->\r\n                                    <div data-colibri-id=\"14956-c24\" class=\"h-text h-text-component style-7847 style-local-14956-c24 position-relative h-element\">\r\n                                      <!---->\r\n                                      <!---->\r\n                                      <div class=\"\">\r\n                                        <p>Appelstr. 11A\r\n                                          <br>30167 Hannover<\/p>\r\n                                      <\/div>\r\n                                    <\/div>\r\n                                  <\/div>\r\n                                <\/div>\r\n                              <\/div>\r\n                            <\/div>\r\n                          <\/div>\r\n                        <\/div>\r\n                      <\/div>\r\n                    <\/div>\r\n                    <div class=\"h-column h-column-container d-flex h-col-lg-6 h-col-md-6 h-col-12 style-7839-outer style-local-14956-c25-outer\">\r\n                      <div data-colibri-id=\"14956-c25\" class=\"d-flex h-flex-basis h-column__inner h-px-lg-0 h-px-md-0 h-px-0 v-inner-lg-0 v-inner-md-0 v-inner-0 style-7839 style-local-14956-c25 position-relative\">\r\n                        <!---->\r\n                        <!---->\r\n                        <div class=\"w-100 h-y-container h-column__content h-column__v-align flex-basis-100 align-self-lg-start align-self-md-start align-self-center\">\r\n                          <!---->\r\n                          <div data-colibri-id=\"14956-c26\" class=\"h-global-transition-all h-heading style-7840 style-local-14956-c26 position-relative h-element\">\r\n                            <!---->\r\n                            <div class=\"h-heading__outer style-7840 style-local-14956-c26\">\r\n                              <!---->\r\n                              <!---->\r\n                              <h6 class=\"\">Phone<\/h6>\r\n                            <\/div>\r\n                          <\/div>\r\n                          <div data-colibri-id=\"14956-c27\" class=\"h-x-container style-7848 style-local-14956-c27 position-relative h-element\">\r\n                            <!---->\r\n                            <div class=\"h-x-container-inner style-dynamic-14956-c27-group style-7848-spacing style-local-14956-c27-spacing\"><span class=\"h-link__outer style-7842-outer style-local-14956-c28-outer d-inline-flex h-element\"><a h-use-smooth-scroll=\"true\" href=\"tel:+495117625316\"  data-colibri-id=\"14956-c28\" class=\"d-flex w-100 align-items-center h-link style-7842 style-local-14956-c28 position-relative\"><!----><span  class=\"h-svg-icon h-link__icon style-7842-icon style-local-14956-c28-icon\"><!--Icon by Icons8 Line Awesome (https:\/\/icons8.com\/line-awesome)--><svg version=\"1.1\" xmlns=\"http:\/\/www.w3.org\/2000\/svg\" xmlns:xlink=\"http:\/\/www.w3.org\/1999\/xlink\" id=\"phone\" viewbox=\"0 0 512 545.5\"><path d=\"M138.5 80c8.375 0 16.656 3.024 23.5 8.5l1 .5.5.5 64 66 1.5 1.5-.5.5c14.174 13.212 13.968 35.53.5 49l-32 32c4.92 11.277 18.33 40.02 44.5 65 26.358 25.16 53.932 39.467 65.5 45l31.5-31.5.5-.5c13.28-13.28 36.72-13.28 50 0l.5 1 65 65c13.28 13.28 13.28 36.22 0 49.5L405 481.5l-.5.5-.5.5c-15.01 12.867-36.04 17.486-55.5 11h-.5c-37.55-14.693-113.51-48.01-181.5-116C98.773 309.773 64.052 234.84 50.5 196c-.035-.1.034-.4 0-.5-6.703-18.434-1.915-39.738 13.5-54l-.5-.5 50-51.5.5-.5 1-.5c6.844-5.476 15.125-8.5 23.5-8.5zm0 32c-1.172 0-2.344.575-3.5 1.5L86.5 163l-.5.5-.5.5c-5.674 4.863-7.44 14.493-5 21 12.12 34.847 45.2 106.7 108.5 170 62.784 62.784 133.224 93.76 169.5 108 9.34 3.113 17.11 1.833 24.5-4.5l49-49c2.72-2.72 2.72-1.78 0-4.5l-65.5-65.5c-2.72-2.72-2.28-2.72-5 0l-40 40-7.5 7.5-10-4.5s-43.83-18.552-81-52.5l-3.5-3c-38.595-36.84-57-86-57-86l-3.5-10 7.5-7 40-40c1.966-1.966.874-3.6 1-3.5l-.5-.5-1-1-64-65.5c-1.156-.925-2.328-1.5-3.5-1.5z\"><\/path><\/svg><\/span>                              <span>+49 511 762-5316<\/span><\/a>\r\n                              <\/span>\r\n                            <\/div>\r\n                          <\/div>\r\n                        <\/div>\r\n                      <\/div>\r\n                    <\/div>\r\n                  <\/div>\r\n                <\/div>\r\n                <div data-colibri-id=\"14956-c29\" class=\"style-7849 style-local-14956-c29 position-relative h-element\">\r\n                  <!---->\r\n                <\/div>\r\n                <div data-colibri-id=\"14956-c30\" class=\"h-x-container style-7850 style-local-14956-c30 position-relative h-element\">\r\n                  <!---->\r\n                  <div class=\"h-x-container-inner style-dynamic-14956-c30-group style-7850-spacing style-local-14956-c30-spacing\"><span class=\"h-button__outer style-7851-outer style-local-14956-c31-outer d-inline-flex h-element\"><a h-use-smooth-scroll=\"true\" href=\"https:\/\/caimed.de\/en\/forschung\/ki-signale\/maschinelles-lernen\/\"  data-colibri-id=\"14956-c31\" class=\"d-flex w-100 align-items-center h-button justify-content-lg-center justify-content-md-center justify-content-center style-7851 style-local-14956-c31 position-relative\"><!----><!----> <span>Machine Learning Group<\/span><\/a>\r\n                    <\/span><span class=\"h-button__outer style-7851-outer style-local-14956-c32-outer d-inline-flex h-element\"><a h-use-smooth-scroll=\"true\" href=\"https:\/\/l3s.de\" data-colibri-id=\"14956-c32\" class=\"d-flex w-100 align-items-center h-button justify-content-lg-center justify-content-md-center justify-content-center style-7851 style-local-14956-c32 position-relative\" target=\"_blank\" rel=\"noopener\"><!----><!----> <span>L3S Research Center<\/span><\/a>\r\n                    <\/span>\r\n                  <\/div>\r\n                <\/div>\r\n                <div data-colibri-id=\"14956-c33\" class=\"style-7852 style-local-14956-c33 position-relative h-element\">\r\n                  <!---->\r\n                <\/div>\r\n                <div data-colibri-id=\"14956-c34\" class=\"h-text h-text-component style-7853 style-local-14956-c34 position-relative h-element\">\r\n                  <!---->\r\n                  <!---->\r\n                  <div class=\"\">\r\n                    <p>Jana Hutter studierte Technomathematik an der FAU Erlangen-N\u00fcrnberg sowie Angewandte Mathematik an der Universit\u00e9 Rennes I in Frankreich im Rahmen des deutsch-franz\u00f6sischen Doppelabschlussprogramms der DFH. Sie erwarb 2009, 2010 und\r\n                      2011 ihren BSc, MSc und MRes. 2014 promovierte sie an der FAU Erlangen-N\u00fcrnberg mit einer Dissertation \u00fcber beschleunigte morphologische und funktionelle Magnetresonanzangiographie, die sie in enger Zusammenarbeit mit Siemens Healthineers\r\n                      erstellte.<\/p>\r\n                    <p>Anschlie\u00dfend arbeitete sie als wissenschaftliche Mitarbeiterin am vom ERC finanzierten Human Connectome Project am King\u2019s College London im Bereich der perinatalen und fetalen MRT. Durch die Vergabe eines Sir Henry Wellcome Fellowship\r\n                      im Jahr 2016, eines UK Research &amp; Innovation (UKRI) Future Leaders Fellowship im Jahr 2020 sowie einer Senior-Dozentur am KCL im Jahr 2021 konnte sie ihre Forschungsinteressen auf KI-gesteuerte Bildgebung und ma\u00dfgeschneiderte\r\n                      Echtzeit-Analysemethoden ausweiten. Im Rahmen der High-Tech-Agenda Bayern wurde sie zur Professorin f\u00fcr Smart Imaging und Data Profiling an der FAU berufen und gr\u00fcndete eine Forschungsgruppe am Institut f\u00fcr Diagnostische Radiologie.<\/p>\r\n                    <p>Im Jahr 2023 erhielt sie eine DFG-Heisenberg-Professur zum Thema \u201eSelf-driving MRI\u201d und im Jahr 2024 einen ERC Starting Grant \u201eEARTHWORM\u201d mit Schwerpunkt auf KI-gesteuerter MRT beweglicher Organe.<\/p>\r\n                  <\/div>\r\n                <\/div>\r\n                <div data-colibri-id=\"14956-c35\" class=\"style-7849 style-local-14956-c35 position-relative h-element\">\r\n                  <!---->\r\n                <\/div>\r\n              <\/div>\r\n            <\/div>\r\n          <\/div>\r\n        <\/div>\r\n      <\/div>\r\n    <\/div>\r\n  <\/div>\r\n<\/div>","protected":false},"excerpt":{"rendered":"<p>Prof. Dr. Jana Hutter Gruppenleiterin der Gruppe&nbsp;Maschinelles Lernen f\u00fcr nicht-textuelle Daten E-Mail hutter@tnt.uni-hannover.de Adresse Appelstr. 11A 30167 Hannover Telefon +49 511 762-5316 Gruppe Maschinelles Lernen Forschungszentrum L3S Jana Hutter studierte Technomathematik an der FAU Erlangen-N\u00fcrnberg sowie Angewandte Mathematik an der Universit\u00e9 Rennes I in Frankreich im Rahmen des deutsch-franz\u00f6sischen Doppelabschlussprogramms der DFH. Sie erwarb 2009, [&hellip;]<\/p>","protected":false},"author":5,"featured_media":0,"parent":1915,"menu_order":0,"comment_status":"closed","ping_status":"closed","template":"page-templates\/full-width-page.php","meta":{"footnotes":""},"class_list":["post-14956","page","type-page","status-publish","hentry"],"_links":{"self":[{"href":"https:\/\/caimed.de\/en\/wp-json\/wp\/v2\/pages\/14956","targetHints":{"allow":["GET"]}}],"collection":[{"href":"https:\/\/caimed.de\/en\/wp-json\/wp\/v2\/pages"}],"about":[{"href":"https:\/\/caimed.de\/en\/wp-json\/wp\/v2\/types\/page"}],"author":[{"embeddable":true,"href":"https:\/\/caimed.de\/en\/wp-json\/wp\/v2\/users\/5"}],"replies":[{"embeddable":true,"href":"https:\/\/caimed.de\/en\/wp-json\/wp\/v2\/comments?post=14956"}],"version-history":[{"count":4,"href":"https:\/\/caimed.de\/en\/wp-json\/wp\/v2\/pages\/14956\/revisions"}],"predecessor-version":[{"id":14983,"href":"https:\/\/caimed.de\/en\/wp-json\/wp\/v2\/pages\/14956\/revisions\/14983"}],"up":[{"embeddable":true,"href":"https:\/\/caimed.de\/en\/wp-json\/wp\/v2\/pages\/1915"}],"wp:attachment":[{"href":"https:\/\/caimed.de\/en\/wp-json\/wp\/v2\/media?parent=14956"}],"curies":[{"name":"wp","href":"https:\/\/api.w.org\/{rel}","templated":true}]}}